{"id":584277,"date":"2025-06-19T21:39:14","date_gmt":"2025-06-19T18:39:14","guid":{"rendered":"https:\/\/nextsnkr.com\/product\/v2k-runtekk-green\/"},"modified":"2026-01-31T16:57:34","modified_gmt":"2026-01-31T13:57:34","slug":"v2k-runtekk-green","status":"publish","type":"product","link":"https:\/\/nextsnkr.com\/fr\/produit\/v2k-runtekk-green\/","title":{"rendered":"Baskets V2K Runtekk Green en cuir et textile"},"content":{"rendered":"<h2>Baskets V2K Runtekk Green en cuir et textile<\/h2>\n<p>Les baskets V2K Runtekk Green combinent cuir et textile pour offrir confort et durabilit\u00e9. Id\u00e9ales pour un usage quotidien et des activit\u00e9s de plein air, ces baskets \u00e9l\u00e9gantes de V2K garantissent une fiabilit\u00e9 et un design moderne. Un choix pour ceux qui appr\u00e9cient la qualit\u00e9 et le confort \u00e0 chaque \u00e9tape.<\/p>\n","protected":false},"excerpt":{"rendered":"<p>Les baskets V2K Runtekk Green combinent cuir et textile pour offrir confort et durabilit\u00e9. Id\u00e9ales pour un usage quotidien et des activit\u00e9s de plein air, ces baskets \u00e9l\u00e9gantes de V2K garantissent une fiabilit\u00e9 et un design moderne. Un choix pour ceux qui appr\u00e9cient la qualit\u00e9 et le confort \u00e0 chaque \u00e9tape.<\/p>\n","protected":false},"featured_media":584278,"comment_status":"open","ping_status":"open","template":"","meta":[],"product_brand":[],"product_cat":[3212,3213],"product_tag":[],"class_list":{"0":"post-584277","1":"product","2":"type-product","3":"status-publish","4":"has-post-thumbnail","6":"product_cat-all-product","7":"product_cat-krosivky","8":"pa_rozmir-910","9":"pa_rozmir-912","10":"pa_rozmir-914","11":"pa_rozmir-915","12":"pa_rozmir-916","13":"pa_rozmir-917","14":"pa_rozmir-918","15":"pa_rozmir-919","16":"pa_rozmir-920","17":"pa_rozmir-921","18":"pa_rozmir-922","20":"first","21":"instock","22":"purchasable","23":"product-type-variable"},"_links":{"self":[{"href":"https:\/\/nextsnkr.com\/fr\/wp-json\/wp\/v2\/product\/584277","targetHints":{"allow":["GET"]}}],"collection":[{"href":"https:\/\/nextsnkr.com\/fr\/wp-json\/wp\/v2\/product"}],"about":[{"href":"https:\/\/nextsnkr.com\/fr\/wp-json\/wp\/v2\/types\/product"}],"replies":[{"embeddable":true,"href":"https:\/\/nextsnkr.com\/fr\/wp-json\/wp\/v2\/comments?post=584277"}],"version-history":[{"count":0,"href":"https:\/\/nextsnkr.com\/fr\/wp-json\/wp\/v2\/product\/584277\/revisions"}],"wp:featuredmedia":[{"embeddable":true,"href":"https:\/\/nextsnkr.com\/fr\/wp-json\/wp\/v2\/media\/584278"}],"wp:attachment":[{"href":"https:\/\/nextsnkr.com\/fr\/wp-json\/wp\/v2\/media?parent=584277"}],"wp:term":[{"taxonomy":"product_brand","embeddable":true,"href":"https:\/\/nextsnkr.com\/fr\/wp-json\/wp\/v2\/product_brand?post=584277"},{"taxonomy":"product_cat","embeddable":true,"href":"https:\/\/nextsnkr.com\/fr\/wp-json\/wp\/v2\/product_cat?post=584277"},{"taxonomy":"product_tag","embeddable":true,"href":"https:\/\/nextsnkr.com\/fr\/wp-json\/wp\/v2\/product_tag?post=584277"}],"curies":[{"name":"wp","href":"https:\/\/api.w.org\/{rel}","templated":true}]}}