{"id":583430,"date":"2025-06-19T21:53:41","date_gmt":"2025-06-19T18:53:41","guid":{"rendered":"https:\/\/nextsnkr.com\/product\/v2k-runtekk-pink\/"},"modified":"2026-01-31T16:56:57","modified_gmt":"2026-01-31T13:56:57","slug":"v2k-runtekk-pink","status":"publish","type":"product","link":"https:\/\/nextsnkr.com\/fr\/produit\/v2k-runtekk-pink\/","title":{"rendered":"Baskets V2K Runtekk Pink cuir et textile, \u00e9l\u00e9gantes et confortables"},"content":{"rendered":"<h2>Baskets V2K Runtekk Pink cuir et textile, \u00e9l\u00e9gantes et confortables<\/h2>\n<p>Les \u00e9l\u00e9gantes baskets V2K Runtekk Pink sont fabriqu\u00e9es dans une combinaison de cuir et de Textiles, ce qui garantit durabilit\u00e9 et confort dans une utilisation quotidienne. La semelle ext\u00e9rieure l\u00e9g\u00e8re et robuste garantit un confort lors de la conduite active, tandis que la couleur rose vif ajoute un accent moderne \u00e0 votre look. Parfaits pour un usage quotidien et un style sportif, ces V2K Runtekk Pink seront un choix fiable pour ceux qui appr\u00e9cient la qualit\u00e9 et le confort.<\/p>\n","protected":false},"excerpt":{"rendered":"<p>Les \u00e9l\u00e9gantes baskets V2K Runtekk Pink sont fabriqu\u00e9es dans une combinaison de cuir et de Textiles, ce qui garantit durabilit\u00e9 et confort dans une utilisation quotidienne. La semelle ext\u00e9rieure l\u00e9g\u00e8re et robuste garantit un confort lors de la conduite active, tandis que la couleur rose vif ajoute un accent moderne \u00e0 votre look. Parfaits pour un usage quotidien et un style sportif, ces V2K Runtekk Pink seront un choix fiable pour ceux qui appr\u00e9cient la qualit\u00e9 et le confort.<\/p>\n","protected":false},"featured_media":583431,"comment_status":"open","ping_status":"open","template":"","meta":[],"product_brand":[],"product_cat":[3212,3213],"product_tag":[],"class_list":{"0":"post-583430","1":"product","2":"type-product","3":"status-publish","4":"has-post-thumbnail","6":"product_cat-all-product","7":"product_cat-krosivky","8":"pa_rozmir-910","9":"pa_rozmir-912","10":"pa_rozmir-914","11":"pa_rozmir-915","12":"pa_rozmir-916","13":"pa_rozmir-917","14":"pa_rozmir-918","15":"pa_rozmir-919","16":"pa_rozmir-920","17":"pa_rozmir-921","18":"pa_rozmir-922","20":"first","21":"onbackorder","22":"purchasable","23":"product-type-variable"},"_links":{"self":[{"href":"https:\/\/nextsnkr.com\/fr\/wp-json\/wp\/v2\/product\/583430","targetHints":{"allow":["GET"]}}],"collection":[{"href":"https:\/\/nextsnkr.com\/fr\/wp-json\/wp\/v2\/product"}],"about":[{"href":"https:\/\/nextsnkr.com\/fr\/wp-json\/wp\/v2\/types\/product"}],"replies":[{"embeddable":true,"href":"https:\/\/nextsnkr.com\/fr\/wp-json\/wp\/v2\/comments?post=583430"}],"version-history":[{"count":0,"href":"https:\/\/nextsnkr.com\/fr\/wp-json\/wp\/v2\/product\/583430\/revisions"}],"wp:featuredmedia":[{"embeddable":true,"href":"https:\/\/nextsnkr.com\/fr\/wp-json\/wp\/v2\/media\/583431"}],"wp:attachment":[{"href":"https:\/\/nextsnkr.com\/fr\/wp-json\/wp\/v2\/media?parent=583430"}],"wp:term":[{"taxonomy":"product_brand","embeddable":true,"href":"https:\/\/nextsnkr.com\/fr\/wp-json\/wp\/v2\/product_brand?post=583430"},{"taxonomy":"product_cat","embeddable":true,"href":"https:\/\/nextsnkr.com\/fr\/wp-json\/wp\/v2\/product_cat?post=583430"},{"taxonomy":"product_tag","embeddable":true,"href":"https:\/\/nextsnkr.com\/fr\/wp-json\/wp\/v2\/product_tag?post=583430"}],"curies":[{"name":"wp","href":"https:\/\/api.w.org\/{rel}","templated":true}]}}