{"id":583261,"date":"2025-06-19T21:56:42","date_gmt":"2025-06-19T18:56:42","guid":{"rendered":"https:\/\/nextsnkr.com\/product\/blazer-vintage-77-kytaj\/"},"modified":"2026-01-31T16:56:53","modified_gmt":"2026-01-31T13:56:53","slug":"blazer-vintage-77-kytaj","status":"publish","type":"product","link":"https:\/\/nextsnkr.com\/fr\/produit\/blazer-vintage-77-kytaj\/","title":{"rendered":"Baskets Blazer Vintage &lsquo; 77 en cuir, \u00e9l\u00e9gantes et confortables"},"content":{"rendered":"<h2>Baskets Blazer Vintage &lsquo; 77 en cuir, \u00e9l\u00e9gantes et confortables<\/h2>\n<p>Les baskets Blazer Vintage &lsquo; 77 sont fabriqu\u00e9es en cuir de qualit\u00e9, ce qui garantit durabilit\u00e9 et confort tout en portant. Le design classique combin\u00e9 avec un style moderne les rend polyvalents pour un usage quotidien. La semelle robuste soutient le pied et l&rsquo;aspect \u00e9l\u00e9gant vous permet de combiner des baskets avec diff\u00e9rents v\u00eatements. Un choix parfait pour ceux qui appr\u00e9cient le style, la qualit\u00e9 et le confort dans la vie quotidienne.<\/p>\n","protected":false},"excerpt":{"rendered":"<p>Les baskets Blazer Vintage &lsquo; 77 sont fabriqu\u00e9es en cuir de qualit\u00e9, ce qui garantit durabilit\u00e9 et confort tout en portant. Le design classique combin\u00e9 avec un style moderne les rend polyvalents pour un usage quotidien. La semelle robuste soutient le pied et l&rsquo;aspect \u00e9l\u00e9gant vous permet de combiner des baskets avec diff\u00e9rents v\u00eatements. Un choix parfait pour ceux qui appr\u00e9cient le style, la qualit\u00e9 et le confort dans la vie quotidienne.<\/p>\n","protected":false},"featured_media":583262,"comment_status":"open","ping_status":"open","template":"","meta":[],"product_brand":[2399],"product_cat":[3358,3212,3319],"product_tag":[],"class_list":{"0":"post-583261","1":"product","2":"type-product","3":"status-publish","4":"has-post-thumbnail","6":"product_brand-nike-blazer","7":"product_cat-nike-blazer","8":"product_cat-all-product","9":"product_cat-kedy","10":"pa_rozmir-910","11":"pa_rozmir-912","12":"pa_rozmir-914","13":"pa_rozmir-916","14":"pa_rozmir-917","15":"pa_rozmir-918","16":"pa_rozmir-919","17":"pa_rozmir-920","18":"pa_rozmir-921","19":"pa_rozmir-922","20":"pa_rozmir-brak","22":"first","23":"instock","24":"purchasable","25":"product-type-variable"},"_links":{"self":[{"href":"https:\/\/nextsnkr.com\/fr\/wp-json\/wp\/v2\/product\/583261","targetHints":{"allow":["GET"]}}],"collection":[{"href":"https:\/\/nextsnkr.com\/fr\/wp-json\/wp\/v2\/product"}],"about":[{"href":"https:\/\/nextsnkr.com\/fr\/wp-json\/wp\/v2\/types\/product"}],"replies":[{"embeddable":true,"href":"https:\/\/nextsnkr.com\/fr\/wp-json\/wp\/v2\/comments?post=583261"}],"version-history":[{"count":0,"href":"https:\/\/nextsnkr.com\/fr\/wp-json\/wp\/v2\/product\/583261\/revisions"}],"wp:featuredmedia":[{"embeddable":true,"href":"https:\/\/nextsnkr.com\/fr\/wp-json\/wp\/v2\/media\/583262"}],"wp:attachment":[{"href":"https:\/\/nextsnkr.com\/fr\/wp-json\/wp\/v2\/media?parent=583261"}],"wp:term":[{"taxonomy":"product_brand","embeddable":true,"href":"https:\/\/nextsnkr.com\/fr\/wp-json\/wp\/v2\/product_brand?post=583261"},{"taxonomy":"product_cat","embeddable":true,"href":"https:\/\/nextsnkr.com\/fr\/wp-json\/wp\/v2\/product_cat?post=583261"},{"taxonomy":"product_tag","embeddable":true,"href":"https:\/\/nextsnkr.com\/fr\/wp-json\/wp\/v2\/product_tag?post=583261"}],"curies":[{"name":"wp","href":"https:\/\/api.w.org\/{rel}","templated":true}]}}