{"id":582414,"date":"2025-06-19T22:04:24","date_gmt":"2025-06-19T19:04:24","guid":{"rendered":"https:\/\/nextsnkr.com\/product\/m2k-2\/"},"modified":"2026-01-31T16:56:29","modified_gmt":"2026-01-31T13:56:29","slug":"m2k-2","status":"publish","type":"product","link":"https:\/\/nextsnkr.com\/fr\/produit\/m2k-2\/","title":{"rendered":"Baskets m2K cuir confortable et \u00e9l\u00e9gant"},"content":{"rendered":"<h2>Baskets m2K cuir confortable et \u00e9l\u00e9gant<\/h2>\n<p>Les baskets M2K sont des chaussures modernes en cuir de haute qualit\u00e9 fabriqu\u00e9es au Vietnam. Le mod\u00e8le offre un confort pendant le port quotidien et les activit\u00e9s de plein air, alliant un design \u00e9l\u00e9gant \u00e0 la fiabilit\u00e9 des mat\u00e9riaux. Id\u00e9al pour ceux qui appr\u00e9cient la durabilit\u00e9, la commodit\u00e9 et l&rsquo;aspect \u00e9l\u00e9gant dans toutes les conditions.<\/p>\n","protected":false},"excerpt":{"rendered":"<p>Les baskets M2K sont des chaussures modernes en cuir de haute qualit\u00e9 fabriqu\u00e9es au Vietnam. Le mod\u00e8le offre un confort pendant le port quotidien et les activit\u00e9s de plein air, alliant un design \u00e9l\u00e9gant \u00e0 la fiabilit\u00e9 des mat\u00e9riaux. Id\u00e9al pour ceux qui appr\u00e9cient la durabilit\u00e9, la commodit\u00e9 et l&rsquo;aspect \u00e9l\u00e9gant dans toutes les conditions.<\/p>\n","protected":false},"featured_media":582415,"comment_status":"open","ping_status":"open","template":"","meta":[],"product_brand":[],"product_cat":[3212,3213],"product_tag":[],"class_list":{"0":"post-582414","1":"product","2":"type-product","3":"status-publish","4":"has-post-thumbnail","6":"product_cat-all-product","7":"product_cat-krosivky","8":"pa_rozmir-910","9":"pa_rozmir-912","10":"pa_rozmir-914","11":"pa_rozmir-915","12":"pa_rozmir-916","13":"pa_rozmir-917","14":"pa_rozmir-918","15":"pa_rozmir-919","16":"pa_rozmir-920","17":"pa_rozmir-921","18":"pa_rozmir-922","20":"first","21":"onbackorder","22":"purchasable","23":"product-type-variable"},"_links":{"self":[{"href":"https:\/\/nextsnkr.com\/fr\/wp-json\/wp\/v2\/product\/582414","targetHints":{"allow":["GET"]}}],"collection":[{"href":"https:\/\/nextsnkr.com\/fr\/wp-json\/wp\/v2\/product"}],"about":[{"href":"https:\/\/nextsnkr.com\/fr\/wp-json\/wp\/v2\/types\/product"}],"replies":[{"embeddable":true,"href":"https:\/\/nextsnkr.com\/fr\/wp-json\/wp\/v2\/comments?post=582414"}],"version-history":[{"count":0,"href":"https:\/\/nextsnkr.com\/fr\/wp-json\/wp\/v2\/product\/582414\/revisions"}],"wp:featuredmedia":[{"embeddable":true,"href":"https:\/\/nextsnkr.com\/fr\/wp-json\/wp\/v2\/media\/582415"}],"wp:attachment":[{"href":"https:\/\/nextsnkr.com\/fr\/wp-json\/wp\/v2\/media?parent=582414"}],"wp:term":[{"taxonomy":"product_brand","embeddable":true,"href":"https:\/\/nextsnkr.com\/fr\/wp-json\/wp\/v2\/product_brand?post=582414"},{"taxonomy":"product_cat","embeddable":true,"href":"https:\/\/nextsnkr.com\/fr\/wp-json\/wp\/v2\/product_cat?post=582414"},{"taxonomy":"product_tag","embeddable":true,"href":"https:\/\/nextsnkr.com\/fr\/wp-json\/wp\/v2\/product_tag?post=582414"}],"curies":[{"name":"wp","href":"https:\/\/api.w.org\/{rel}","templated":true}]}}