{"id":582074,"date":"2025-06-19T22:08:43","date_gmt":"2025-06-19T19:08:43","guid":{"rendered":"https:\/\/nextsnkr.com\/product\/sb\/"},"modified":"2026-01-31T16:56:19","modified_gmt":"2026-01-31T13:56:19","slug":"sb","status":"publish","type":"product","link":"https:\/\/nextsnkr.com\/fr\/produit\/sb\/","title":{"rendered":"Baskets SB cuir et textile Premium"},"content":{"rendered":"<h2>Baskets SB cuir et textile Premium<\/h2>\n<p>Les baskets SB sont des chaussures \u00e9l\u00e9gantes et confortables de la marque SB. Fabriqu\u00e9s \u00e0 partir de cuir et de Textiles de haute qualit\u00e9, ils offrent durabilit\u00e9 et confort lors d&rsquo;un port quotidien. Le design polyvalent vous permet de combiner des baskets avec des images diff\u00e9rentes, et des mat\u00e9riaux de qualit\u00e9 garantissent le confort et le soutien du pied. Un choix parfait pour la vie urbaine active et les promenades \u00e9l\u00e9gantes.<\/p>\n","protected":false},"excerpt":{"rendered":"<p>Les baskets SB sont des chaussures \u00e9l\u00e9gantes et confortables de la marque SB. Fabriqu\u00e9s \u00e0 partir de cuir et de Textiles de haute qualit\u00e9, ils offrent durabilit\u00e9 et confort lors d&rsquo;un port quotidien. Le design polyvalent vous permet de combiner des baskets avec des images diff\u00e9rentes, et des mat\u00e9riaux de qualit\u00e9 garantissent le confort et le soutien du pied. Un choix parfait pour la vie urbaine active et les promenades \u00e9l\u00e9gantes.<\/p>\n","protected":false},"featured_media":582075,"comment_status":"open","ping_status":"open","template":"","meta":[],"product_brand":[],"product_cat":[3212,3319],"product_tag":[],"class_list":{"0":"post-582074","1":"product","2":"type-product","3":"status-publish","4":"has-post-thumbnail","6":"product_cat-all-product","7":"product_cat-kedy","8":"pa_rozmir-910","9":"pa_rozmir-912","10":"pa_rozmir-914","11":"pa_rozmir-915","12":"pa_rozmir-916","13":"pa_rozmir-917","14":"pa_rozmir-918","15":"pa_rozmir-919","16":"pa_rozmir-920","17":"pa_rozmir-921","18":"pa_rozmir-922","20":"first","21":"instock","22":"purchasable","23":"product-type-variable"},"_links":{"self":[{"href":"https:\/\/nextsnkr.com\/fr\/wp-json\/wp\/v2\/product\/582074","targetHints":{"allow":["GET"]}}],"collection":[{"href":"https:\/\/nextsnkr.com\/fr\/wp-json\/wp\/v2\/product"}],"about":[{"href":"https:\/\/nextsnkr.com\/fr\/wp-json\/wp\/v2\/types\/product"}],"replies":[{"embeddable":true,"href":"https:\/\/nextsnkr.com\/fr\/wp-json\/wp\/v2\/comments?post=582074"}],"version-history":[{"count":0,"href":"https:\/\/nextsnkr.com\/fr\/wp-json\/wp\/v2\/product\/582074\/revisions"}],"wp:featuredmedia":[{"embeddable":true,"href":"https:\/\/nextsnkr.com\/fr\/wp-json\/wp\/v2\/media\/582075"}],"wp:attachment":[{"href":"https:\/\/nextsnkr.com\/fr\/wp-json\/wp\/v2\/media?parent=582074"}],"wp:term":[{"taxonomy":"product_brand","embeddable":true,"href":"https:\/\/nextsnkr.com\/fr\/wp-json\/wp\/v2\/product_brand?post=582074"},{"taxonomy":"product_cat","embeddable":true,"href":"https:\/\/nextsnkr.com\/fr\/wp-json\/wp\/v2\/product_cat?post=582074"},{"taxonomy":"product_tag","embeddable":true,"href":"https:\/\/nextsnkr.com\/fr\/wp-json\/wp\/v2\/product_tag?post=582074"}],"curies":[{"name":"wp","href":"https:\/\/api.w.org\/{rel}","templated":true}]}}