{"id":581905,"date":"2025-06-19T22:09:38","date_gmt":"2025-06-19T19:09:38","guid":{"rendered":"https:\/\/nextsnkr.com\/product\/sb-dunk-x-grateful-dead-bears-yellow\/"},"modified":"2026-01-31T16:56:14","modified_gmt":"2026-01-31T13:56:14","slug":"sb-dunk-x-grateful-dead-bears-yellow","status":"publish","type":"product","link":"https:\/\/nextsnkr.com\/fr\/produit\/sb-dunk-x-grateful-dead-bears-yellow\/","title":{"rendered":"Kedi SB Dunk x Grateful Dead Bears Yellow textile ta Suede"},"content":{"rendered":"<h2>Kedi SB Dunk x Grateful Dead Bears Yellow textile ta Suede<\/h2>\n<p>Les \u00e9l\u00e9gantes baskets SB Dunk x Grateful Dead Bears Yellow sont fabriqu\u00e9es en textile et en daim de haute qualit\u00e9 pour un confort et une durabilit\u00e9. La c\u00e9l\u00e8bre marque Nike SB Dunk garantit une combinaison parfaite de design \u00e0 la mode et de praticit\u00e9. L\u00e9ger, confortable et lumineux, ils conviennent \u00e0 un port quotidien et \u00e0 des activit\u00e9s de plein air. Ces baskets SB Dunk x Grateful Dead Bears Yellow seront un accent brillant dans votre garde-robe.<\/p>\n","protected":false},"excerpt":{"rendered":"<p>Les \u00e9l\u00e9gantes baskets SB Dunk x Grateful Dead Bears Yellow sont fabriqu\u00e9es en textile et en daim de haute qualit\u00e9 pour un confort et une durabilit\u00e9. La c\u00e9l\u00e8bre marque Nike SB Dunk garantit une combinaison parfaite de design \u00e0 la mode et de praticit\u00e9. L\u00e9ger, confortable et lumineux, ils conviennent \u00e0 un port quotidien et \u00e0 des activit\u00e9s de plein air. Ces baskets SB Dunk x Grateful Dead Bears Yellow seront un accent brillant dans votre garde-robe.<\/p>\n","protected":false},"featured_media":581906,"comment_status":"open","ping_status":"open","template":"","meta":[],"product_brand":[],"product_cat":[3212,3319],"product_tag":[],"class_list":{"0":"post-581905","1":"product","2":"type-product","3":"status-publish","4":"has-post-thumbnail","6":"product_cat-all-product","7":"product_cat-kedy","8":"pa_rozmir-910","9":"pa_rozmir-912","10":"pa_rozmir-914","11":"pa_rozmir-915","12":"pa_rozmir-916","13":"pa_rozmir-917","14":"pa_rozmir-918","15":"pa_rozmir-919","16":"pa_rozmir-920","17":"pa_rozmir-921","18":"pa_rozmir-922","20":"first","21":"onbackorder","22":"purchasable","23":"product-type-variable"},"_links":{"self":[{"href":"https:\/\/nextsnkr.com\/fr\/wp-json\/wp\/v2\/product\/581905","targetHints":{"allow":["GET"]}}],"collection":[{"href":"https:\/\/nextsnkr.com\/fr\/wp-json\/wp\/v2\/product"}],"about":[{"href":"https:\/\/nextsnkr.com\/fr\/wp-json\/wp\/v2\/types\/product"}],"replies":[{"embeddable":true,"href":"https:\/\/nextsnkr.com\/fr\/wp-json\/wp\/v2\/comments?post=581905"}],"version-history":[{"count":0,"href":"https:\/\/nextsnkr.com\/fr\/wp-json\/wp\/v2\/product\/581905\/revisions"}],"wp:featuredmedia":[{"embeddable":true,"href":"https:\/\/nextsnkr.com\/fr\/wp-json\/wp\/v2\/media\/581906"}],"wp:attachment":[{"href":"https:\/\/nextsnkr.com\/fr\/wp-json\/wp\/v2\/media?parent=581905"}],"wp:term":[{"taxonomy":"product_brand","embeddable":true,"href":"https:\/\/nextsnkr.com\/fr\/wp-json\/wp\/v2\/product_brand?post=581905"},{"taxonomy":"product_cat","embeddable":true,"href":"https:\/\/nextsnkr.com\/fr\/wp-json\/wp\/v2\/product_cat?post=581905"},{"taxonomy":"product_tag","embeddable":true,"href":"https:\/\/nextsnkr.com\/fr\/wp-json\/wp\/v2\/product_tag?post=581905"}],"curies":[{"name":"wp","href":"https:\/\/api.w.org\/{rel}","templated":true}]}}