{"id":881871,"date":"2025-06-11T22:36:18","date_gmt":"2025-06-11T19:36:18","guid":{"rendered":"https:\/\/nextsnkr.com\/product\/nike-shox-tl-triple-black\/"},"modified":"2026-01-30T22:01:09","modified_gmt":"2026-01-30T19:01:09","slug":"nike-shox-tl-triple-black","status":"publish","type":"product","link":"https:\/\/nextsnkr.com\/fi\/tuote\/nike-shox-tl-triple-black\/","title":{"rendered":"Nike Shox TL Triple Black sneakers-tyylikk\u00e4\u00e4t mustat tennarit pehmusteella"},"content":{"rendered":"<h2>Nike Shox TL Triple Black sneakers-tyylikk\u00e4\u00e4t mustat tennarit pehmusteella<\/h2>\n<p>Nike Shox TL Triple Black sneakers yhdist\u00e4\u00e4 ensiluokkaisen muotoilun ja Nike Shox-merkkisen pehmusteen. Aidosta nahasta ja kest\u00e4vist\u00e4 tekstiileist\u00e4 valmistettu p\u00e4\u00e4llinen tarjoaa mukavuutta ja kest\u00e4vyytt\u00e4, ja t\u00e4ysin musta siluetti tekee mallista monipuolisen mihin tahansa tyyliin. Kumipohja, jossa on varma pito, takaa vakauden k\u00e4velless\u00e4. Tyylik\u00e4s ja teknologisesti edistyksellinen Nike Shox TL Triple Black on t\u00e4ydellinen valinta aktiiviseen p\u00e4ivitt\u00e4iseen rutiiniin.<\/p>\n","protected":false},"excerpt":{"rendered":"<p>Nike Shox TL Triple Black sneakers yhdist\u00e4\u00e4 ensiluokkaisen muotoilun ja Nike Shox-merkkisen pehmusteen. Aidosta nahasta ja kest\u00e4vist\u00e4 tekstiileist\u00e4 valmistettu p\u00e4\u00e4llinen tarjoaa mukavuutta ja kest\u00e4vyytt\u00e4, ja t\u00e4ysin musta siluetti tekee mallista monipuolisen mihin tahansa tyyliin. Kumipohja, jossa on varma pito, takaa vakauden k\u00e4velless\u00e4. Tyylik\u00e4s ja teknologisesti edistyksellinen Nike Shox TL Triple Black on t\u00e4ydellinen valinta aktiiviseen p\u00e4ivitt\u00e4iseen rutiiniin.<\/p>\n","protected":false},"featured_media":881872,"comment_status":"open","ping_status":"closed","template":"","meta":[],"product_brand":[],"product_cat":[3199,3200],"product_tag":[],"class_list":{"0":"post-881871","1":"product","2":"type-product","3":"status-publish","4":"has-post-thumbnail","6":"product_cat-all-product","7":"product_cat-krosivky","8":"pa_rozmir-910","9":"pa_rozmir-912","10":"pa_rozmir-914","11":"pa_rozmir-915","12":"pa_rozmir-916","13":"pa_rozmir-917","14":"pa_rozmir-918","15":"pa_rozmir-919","16":"pa_rozmir-920","17":"pa_rozmir-921","18":"pa_rozmir-922","20":"first","21":"instock","22":"purchasable","23":"product-type-variable"},"_links":{"self":[{"href":"https:\/\/nextsnkr.com\/fi\/wp-json\/wp\/v2\/product\/881871","targetHints":{"allow":["GET"]}}],"collection":[{"href":"https:\/\/nextsnkr.com\/fi\/wp-json\/wp\/v2\/product"}],"about":[{"href":"https:\/\/nextsnkr.com\/fi\/wp-json\/wp\/v2\/types\/product"}],"replies":[{"embeddable":true,"href":"https:\/\/nextsnkr.com\/fi\/wp-json\/wp\/v2\/comments?post=881871"}],"version-history":[{"count":0,"href":"https:\/\/nextsnkr.com\/fi\/wp-json\/wp\/v2\/product\/881871\/revisions"}],"wp:featuredmedia":[{"embeddable":true,"href":"https:\/\/nextsnkr.com\/fi\/wp-json\/wp\/v2\/media\/881872"}],"wp:attachment":[{"href":"https:\/\/nextsnkr.com\/fi\/wp-json\/wp\/v2\/media?parent=881871"}],"wp:term":[{"taxonomy":"product_brand","embeddable":true,"href":"https:\/\/nextsnkr.com\/fi\/wp-json\/wp\/v2\/product_brand?post=881871"},{"taxonomy":"product_cat","embeddable":true,"href":"https:\/\/nextsnkr.com\/fi\/wp-json\/wp\/v2\/product_cat?post=881871"},{"taxonomy":"product_tag","embeddable":true,"href":"https:\/\/nextsnkr.com\/fi\/wp-json\/wp\/v2\/product_tag?post=881871"}],"curies":[{"name":"wp","href":"https:\/\/api.w.org\/{rel}","templated":true}]}}