{"id":880181,"date":"2025-06-11T23:16:35","date_gmt":"2025-06-11T20:16:35","guid":{"rendered":"https:\/\/nextsnkr.com\/product\/balenciaga-track-black-2\/"},"modified":"2026-01-30T22:00:05","modified_gmt":"2026-01-30T19:00:05","slug":"balenciaga-track-black-2","status":"publish","type":"product","link":"https:\/\/nextsnkr.com\/fi\/tuote\/balenciaga-track-black-2\/","title":{"rendered":"Balenciaga Track mustat tennarit-tyylikk\u00e4\u00e4t nahkakeng\u00e4t"},"content":{"rendered":"<h2>Balenciaga Track mustat tennarit-tyylikk\u00e4\u00e4t nahkakeng\u00e4t<\/h2>\n<p>Balenciaga Track mustat tennarit on valmistettu korkealaatuisesta nahasta, joka tarjoaa kest\u00e4vyytt\u00e4 ja mukavuutta jokap\u00e4iv\u00e4isess\u00e4 k\u00e4yt\u00f6ss\u00e4. Arvostetun Balenciaga-tuotemerkin mallissa yhdistyv\u00e4t moderni muotoilu, tyylik\u00e4s musta v\u00e4ri ja luotettava ulkopohja erinomaiseen pitoon. N\u00e4m\u00e4 merkkilenkkarit ovat ihanteellisia tyylikk\u00e4\u00e4n ilmeen luomiseen, ja ne korostavat persoonallisuuttasi ja asemaasi miss\u00e4 tahansa ymp\u00e4rist\u00f6ss\u00e4.<\/p>\n","protected":false},"excerpt":{"rendered":"<p>Balenciaga Track mustat tennarit on valmistettu korkealaatuisesta nahasta, joka tarjoaa kest\u00e4vyytt\u00e4 ja mukavuutta jokap\u00e4iv\u00e4isess\u00e4 k\u00e4yt\u00f6ss\u00e4. Arvostetun Balenciaga-tuotemerkin mallissa yhdistyv\u00e4t moderni muotoilu, tyylik\u00e4s musta v\u00e4ri ja luotettava ulkopohja erinomaiseen pitoon. N\u00e4m\u00e4 merkkilenkkarit ovat ihanteellisia tyylikk\u00e4\u00e4n ilmeen luomiseen, ja ne korostavat persoonallisuuttasi ja asemaasi miss\u00e4 tahansa ymp\u00e4rist\u00f6ss\u00e4.<\/p>\n","protected":false},"featured_media":880182,"comment_status":"open","ping_status":"open","template":"","meta":[],"product_brand":[],"product_cat":[3199,3200],"product_tag":[],"class_list":{"0":"post-880181","1":"product","2":"type-product","3":"status-publish","4":"has-post-thumbnail","6":"product_cat-all-product","7":"product_cat-krosivky","8":"pa_rozmir-910","9":"pa_rozmir-912","10":"pa_rozmir-914","11":"pa_rozmir-915","12":"pa_rozmir-916","13":"pa_rozmir-917","14":"pa_rozmir-918","15":"pa_rozmir-919","16":"pa_rozmir-920","17":"pa_rozmir-921","18":"pa_rozmir-922","20":"first","21":"onbackorder","22":"purchasable","23":"product-type-variable"},"_links":{"self":[{"href":"https:\/\/nextsnkr.com\/fi\/wp-json\/wp\/v2\/product\/880181","targetHints":{"allow":["GET"]}}],"collection":[{"href":"https:\/\/nextsnkr.com\/fi\/wp-json\/wp\/v2\/product"}],"about":[{"href":"https:\/\/nextsnkr.com\/fi\/wp-json\/wp\/v2\/types\/product"}],"replies":[{"embeddable":true,"href":"https:\/\/nextsnkr.com\/fi\/wp-json\/wp\/v2\/comments?post=880181"}],"version-history":[{"count":0,"href":"https:\/\/nextsnkr.com\/fi\/wp-json\/wp\/v2\/product\/880181\/revisions"}],"wp:featuredmedia":[{"embeddable":true,"href":"https:\/\/nextsnkr.com\/fi\/wp-json\/wp\/v2\/media\/880182"}],"wp:attachment":[{"href":"https:\/\/nextsnkr.com\/fi\/wp-json\/wp\/v2\/media?parent=880181"}],"wp:term":[{"taxonomy":"product_brand","embeddable":true,"href":"https:\/\/nextsnkr.com\/fi\/wp-json\/wp\/v2\/product_brand?post=880181"},{"taxonomy":"product_cat","embeddable":true,"href":"https:\/\/nextsnkr.com\/fi\/wp-json\/wp\/v2\/product_cat?post=880181"},{"taxonomy":"product_tag","embeddable":true,"href":"https:\/\/nextsnkr.com\/fi\/wp-json\/wp\/v2\/product_tag?post=880181"}],"curies":[{"name":"wp","href":"https:\/\/api.w.org\/{rel}","templated":true}]}}