{"id":859467,"date":"2025-06-11T23:16:35","date_gmt":"2025-06-11T20:16:35","guid":{"rendered":"https:\/\/nextsnkr.com\/product\/balenciaga-3xl-extreme-lace-white\/"},"modified":"2026-01-30T21:58:40","modified_gmt":"2026-01-30T18:58:40","slug":"balenciaga-3xl-extreme-lace-white","status":"publish","type":"product","link":"https:\/\/nextsnkr.com\/fi\/tuote\/balenciaga-3xl-extreme-lace-white\/","title":{"rendered":"Balenciaga 3XL Extreme Lace valkoiset tennarit-nahka ja Tekstiili"},"content":{"rendered":"<h2>Balenciaga 3XL Extreme Lace valkoiset tennarit-nahka ja Tekstiili<\/h2>\n<p>Balenciaga 3XL Extreme Lace valkoiset tennarit yhdist\u00e4v\u00e4t ensiluokkaista nahkaa ja Tekstiilej\u00e4 maksimaalisen mukavuuden ja kest\u00e4vyyden takaamiseksi. Kuuluisan Balenciaga-tuotemerkin malli erottuu modernista muotoilustaan, kirkkaan valkoisesta v\u00e4rist\u00e4\u00e4n ja ergonomisesta ulkopohjasta, joka tarjoaa erinomaisen pidon. N\u00e4m\u00e4 tennarit ovat ihanteellisia tyylikk\u00e4\u00e4seen p\u00e4ivitt\u00e4iseen k\u00e4ytt\u00f6\u00f6n, ja ne korostavat persoonallisuuttasi ja asemaasi ja takaavat mukavuuden ja kest\u00e4vyyden.<\/p>\n","protected":false},"excerpt":{"rendered":"<p>Balenciaga 3XL Extreme Lace valkoiset tennarit yhdist\u00e4v\u00e4t ensiluokkaista nahkaa ja Tekstiilej\u00e4 maksimaalisen mukavuuden ja kest\u00e4vyyden takaamiseksi. Kuuluisan Balenciaga-tuotemerkin malli erottuu modernista muotoilustaan, kirkkaan valkoisesta v\u00e4rist\u00e4\u00e4n ja ergonomisesta ulkopohjasta, joka tarjoaa erinomaisen pidon. N\u00e4m\u00e4 tennarit ovat ihanteellisia tyylikk\u00e4\u00e4seen p\u00e4ivitt\u00e4iseen k\u00e4ytt\u00f6\u00f6n, ja ne korostavat persoonallisuuttasi ja asemaasi ja takaavat mukavuuden ja kest\u00e4vyyden.<\/p>\n","protected":false},"featured_media":859468,"comment_status":"open","ping_status":"open","template":"","meta":[],"product_brand":[],"product_cat":[3199,3200],"product_tag":[],"class_list":{"0":"post-859467","1":"product","2":"type-product","3":"status-publish","4":"has-post-thumbnail","6":"product_cat-all-product","7":"product_cat-krosivky","8":"pa_rozmir-910","9":"pa_rozmir-912","10":"pa_rozmir-914","11":"pa_rozmir-915","12":"pa_rozmir-916","13":"pa_rozmir-917","14":"pa_rozmir-918","15":"pa_rozmir-919","16":"pa_rozmir-920","17":"pa_rozmir-921","18":"pa_rozmir-922","20":"first","21":"onbackorder","22":"purchasable","23":"product-type-variable"},"_links":{"self":[{"href":"https:\/\/nextsnkr.com\/fi\/wp-json\/wp\/v2\/product\/859467","targetHints":{"allow":["GET"]}}],"collection":[{"href":"https:\/\/nextsnkr.com\/fi\/wp-json\/wp\/v2\/product"}],"about":[{"href":"https:\/\/nextsnkr.com\/fi\/wp-json\/wp\/v2\/types\/product"}],"replies":[{"embeddable":true,"href":"https:\/\/nextsnkr.com\/fi\/wp-json\/wp\/v2\/comments?post=859467"}],"version-history":[{"count":0,"href":"https:\/\/nextsnkr.com\/fi\/wp-json\/wp\/v2\/product\/859467\/revisions"}],"wp:featuredmedia":[{"embeddable":true,"href":"https:\/\/nextsnkr.com\/fi\/wp-json\/wp\/v2\/media\/859468"}],"wp:attachment":[{"href":"https:\/\/nextsnkr.com\/fi\/wp-json\/wp\/v2\/media?parent=859467"}],"wp:term":[{"taxonomy":"product_brand","embeddable":true,"href":"https:\/\/nextsnkr.com\/fi\/wp-json\/wp\/v2\/product_brand?post=859467"},{"taxonomy":"product_cat","embeddable":true,"href":"https:\/\/nextsnkr.com\/fi\/wp-json\/wp\/v2\/product_cat?post=859467"},{"taxonomy":"product_tag","embeddable":true,"href":"https:\/\/nextsnkr.com\/fi\/wp-json\/wp\/v2\/product_tag?post=859467"}],"curies":[{"name":"wp","href":"https:\/\/api.w.org\/{rel}","templated":true}]}}