{"id":859297,"date":"2025-06-11T23:18:09","date_gmt":"2025-06-11T20:18:09","guid":{"rendered":"https:\/\/nextsnkr.com\/product\/dior-grey\/"},"modified":"2026-01-30T21:58:35","modified_gmt":"2026-01-30T18:58:35","slug":"dior-grey","status":"publish","type":"product","link":"https:\/\/nextsnkr.com\/fi\/tuote\/dior-grey\/","title":{"rendered":"Dior Grey sneakers-tyylikk\u00e4\u00e4t tekstiili-ja premium-nahkalenkkarit"},"content":{"rendered":"<h2>Dior Grey sneakers-tyylikk\u00e4\u00e4t tekstiili-ja premium-nahkalenkkarit<\/h2>\n<p>Diorin harmaissa tennareissa yhdistyv\u00e4t Dior-br\u00e4ndin ensiluokkainen muotoilu ja laadukkaat materiaalit: tekstiilit ja nahka. Malli tarjoaa mukavuutta ja kest\u00e4vyytt\u00e4, korostaa kuvan tyyli\u00e4 ja nykyaikaisuutta. T\u00e4ydellinen p\u00e4ivitt\u00e4iseen k\u00e4ytt\u00f6\u00f6n ja muodikkaan ilmeen luomiseen, mik\u00e4 takaa korkean laadun ja tyylikkyyden tunnetulta tuotemerkilt\u00e4.<\/p>\n","protected":false},"excerpt":{"rendered":"<p>Diorin harmaissa tennareissa yhdistyv\u00e4t Dior-br\u00e4ndin ensiluokkainen muotoilu ja laadukkaat materiaalit: tekstiilit ja nahka. Malli tarjoaa mukavuutta ja kest\u00e4vyytt\u00e4, korostaa kuvan tyyli\u00e4 ja nykyaikaisuutta. T\u00e4ydellinen p\u00e4ivitt\u00e4iseen k\u00e4ytt\u00f6\u00f6n ja muodikkaan ilmeen luomiseen, mik\u00e4 takaa korkean laadun ja tyylikkyyden tunnetulta tuotemerkilt\u00e4.<\/p>\n","protected":false},"featured_media":859298,"comment_status":"open","ping_status":"open","template":"","meta":[],"product_brand":[],"product_cat":[3199,3318],"product_tag":[],"class_list":{"0":"post-859297","1":"product","2":"type-product","3":"status-publish","4":"has-post-thumbnail","6":"product_cat-all-product","7":"product_cat-kedy","8":"pa_rozmir-910","9":"pa_rozmir-912","10":"pa_rozmir-914","11":"pa_rozmir-915","12":"pa_rozmir-916","13":"pa_rozmir-917","14":"pa_rozmir-918","15":"pa_rozmir-919","16":"pa_rozmir-920","17":"pa_rozmir-921","18":"pa_rozmir-922","20":"first","21":"instock","22":"purchasable","23":"product-type-variable"},"_links":{"self":[{"href":"https:\/\/nextsnkr.com\/fi\/wp-json\/wp\/v2\/product\/859297","targetHints":{"allow":["GET"]}}],"collection":[{"href":"https:\/\/nextsnkr.com\/fi\/wp-json\/wp\/v2\/product"}],"about":[{"href":"https:\/\/nextsnkr.com\/fi\/wp-json\/wp\/v2\/types\/product"}],"replies":[{"embeddable":true,"href":"https:\/\/nextsnkr.com\/fi\/wp-json\/wp\/v2\/comments?post=859297"}],"version-history":[{"count":0,"href":"https:\/\/nextsnkr.com\/fi\/wp-json\/wp\/v2\/product\/859297\/revisions"}],"wp:featuredmedia":[{"embeddable":true,"href":"https:\/\/nextsnkr.com\/fi\/wp-json\/wp\/v2\/media\/859298"}],"wp:attachment":[{"href":"https:\/\/nextsnkr.com\/fi\/wp-json\/wp\/v2\/media?parent=859297"}],"wp:term":[{"taxonomy":"product_brand","embeddable":true,"href":"https:\/\/nextsnkr.com\/fi\/wp-json\/wp\/v2\/product_brand?post=859297"},{"taxonomy":"product_cat","embeddable":true,"href":"https:\/\/nextsnkr.com\/fi\/wp-json\/wp\/v2\/product_cat?post=859297"},{"taxonomy":"product_tag","embeddable":true,"href":"https:\/\/nextsnkr.com\/fi\/wp-json\/wp\/v2\/product_tag?post=859297"}],"curies":[{"name":"wp","href":"https:\/\/api.w.org\/{rel}","templated":true}]}}