{"id":859128,"date":"2025-06-11T23:18:09","date_gmt":"2025-06-11T20:18:09","guid":{"rendered":"https:\/\/nextsnkr.com\/product\/dior-b23-premium\/"},"modified":"2026-01-30T21:58:31","modified_gmt":"2026-01-30T18:58:31","slug":"dior-b23-premium","status":"publish","type":"product","link":"https:\/\/nextsnkr.com\/fi\/tuote\/dior-b23-premium\/","title":{"rendered":"Dior B23 Premium tennarit-tyylikk\u00e4\u00e4t ja ensiluokkaiset"},"content":{"rendered":"<h2>Dior B23 Premium tennarit-tyylikk\u00e4\u00e4t ja ensiluokkaiset<\/h2>\n<p>Dior B23 Premium-tennareissa yhdistyv\u00e4t tyylik\u00e4s muotoilu ja Dior-br\u00e4ndin ensiluokkainen laatu. Mallissa on moderni siluetti, korkea kulutuskest\u00e4vyys ja mukavuus p\u00e4ivitt\u00e4iseen k\u00e4ytt\u00f6\u00f6n. N\u00e4m\u00e4 korkealaatuisista materiaaleista valmistetut lenkkarit korostavat k\u00e4ytt\u00e4j\u00e4n tyyli\u00e4 ja asemaa tarjoten vertaansa vailla olevaa mukavuutta ja kest\u00e4vyytt\u00e4. T\u00e4ydellinen valinta niille, jotka arvostavat muodikasta muotoilua ja ensiluokkaista laatua.<\/p>\n","protected":false},"excerpt":{"rendered":"<p>Dior B23 Premium-tennareissa yhdistyv\u00e4t tyylik\u00e4s muotoilu ja Dior-br\u00e4ndin ensiluokkainen laatu. Mallissa on moderni siluetti, korkea kulutuskest\u00e4vyys ja mukavuus p\u00e4ivitt\u00e4iseen k\u00e4ytt\u00f6\u00f6n. N\u00e4m\u00e4 korkealaatuisista materiaaleista valmistetut lenkkarit korostavat k\u00e4ytt\u00e4j\u00e4n tyyli\u00e4 ja asemaa tarjoten vertaansa vailla olevaa mukavuutta ja kest\u00e4vyytt\u00e4. T\u00e4ydellinen valinta niille, jotka arvostavat muodikasta muotoilua ja ensiluokkaista laatua.<\/p>\n","protected":false},"featured_media":859129,"comment_status":"open","ping_status":"open","template":"","meta":[],"product_brand":[],"product_cat":[3199,3318],"product_tag":[],"class_list":{"0":"post-859128","1":"product","2":"type-product","3":"status-publish","4":"has-post-thumbnail","6":"product_cat-all-product","7":"product_cat-kedy","8":"pa_rozmir-910","9":"pa_rozmir-912","10":"pa_rozmir-914","11":"pa_rozmir-915","12":"pa_rozmir-916","13":"pa_rozmir-917","14":"pa_rozmir-918","15":"pa_rozmir-919","16":"pa_rozmir-920","17":"pa_rozmir-921","18":"pa_rozmir-922","20":"first","21":"instock","22":"purchasable","23":"product-type-variable"},"_links":{"self":[{"href":"https:\/\/nextsnkr.com\/fi\/wp-json\/wp\/v2\/product\/859128","targetHints":{"allow":["GET"]}}],"collection":[{"href":"https:\/\/nextsnkr.com\/fi\/wp-json\/wp\/v2\/product"}],"about":[{"href":"https:\/\/nextsnkr.com\/fi\/wp-json\/wp\/v2\/types\/product"}],"replies":[{"embeddable":true,"href":"https:\/\/nextsnkr.com\/fi\/wp-json\/wp\/v2\/comments?post=859128"}],"version-history":[{"count":0,"href":"https:\/\/nextsnkr.com\/fi\/wp-json\/wp\/v2\/product\/859128\/revisions"}],"wp:featuredmedia":[{"embeddable":true,"href":"https:\/\/nextsnkr.com\/fi\/wp-json\/wp\/v2\/media\/859129"}],"wp:attachment":[{"href":"https:\/\/nextsnkr.com\/fi\/wp-json\/wp\/v2\/media?parent=859128"}],"wp:term":[{"taxonomy":"product_brand","embeddable":true,"href":"https:\/\/nextsnkr.com\/fi\/wp-json\/wp\/v2\/product_brand?post=859128"},{"taxonomy":"product_cat","embeddable":true,"href":"https:\/\/nextsnkr.com\/fi\/wp-json\/wp\/v2\/product_cat?post=859128"},{"taxonomy":"product_tag","embeddable":true,"href":"https:\/\/nextsnkr.com\/fi\/wp-json\/wp\/v2\/product_tag?post=859128"}],"curies":[{"name":"wp","href":"https:\/\/api.w.org\/{rel}","templated":true}]}}