{"id":858278,"date":"2025-06-11T23:20:10","date_gmt":"2025-06-11T20:20:10","guid":{"rendered":"https:\/\/nextsnkr.com\/product\/dior-b23-platform-white-grey-premium\/"},"modified":"2026-01-30T21:57:57","modified_gmt":"2026-01-30T18:57:57","slug":"dior-b23-platform-white-grey-premium","status":"publish","type":"product","link":"https:\/\/nextsnkr.com\/fi\/tuote\/dior-b23-platform-white-grey-premium\/","title":{"rendered":"Dior B23 Platform valkoiset harmaat Premium-tennarit-tyylikk\u00e4\u00e4t nahkakeng\u00e4t"},"content":{"rendered":"<h2>Dior B23 Platform valkoiset harmaat Premium-tennarit-tyylikk\u00e4\u00e4t nahkakeng\u00e4t<\/h2>\n<p>Dior B23 Platform Valkoharmaat Premium-tennarit yhdist\u00e4v\u00e4t ensiluokkaista nahkaa ja modernia Dior-br\u00e4ndi\u00e4. Malli tarjoaa mukavuutta ja kest\u00e4vyytt\u00e4, ja alustan pohja lis\u00e4\u00e4 tyyli\u00e4 ja ainutlaatuisuutta. N\u00e4m\u00e4 Diorin lenkkarit, jotka ovat ihanteellisia p\u00e4ivitt\u00e4iseen k\u00e4ytt\u00f6\u00f6n ja muodikkaan ulkon\u00e4\u00f6n luomiseen, korostavat makuasi ja arvovaltaasi tehden jokaisesta askeleesta itsevarman ja tyylikk\u00e4\u00e4n.<\/p>\n","protected":false},"excerpt":{"rendered":"<p>Dior B23 Platform Valkoharmaat Premium-tennarit yhdist\u00e4v\u00e4t ensiluokkaista nahkaa ja modernia Dior-br\u00e4ndi\u00e4. Malli tarjoaa mukavuutta ja kest\u00e4vyytt\u00e4, ja alustan pohja lis\u00e4\u00e4 tyyli\u00e4 ja ainutlaatuisuutta. N\u00e4m\u00e4 Diorin lenkkarit, jotka ovat ihanteellisia p\u00e4ivitt\u00e4iseen k\u00e4ytt\u00f6\u00f6n ja muodikkaan ulkon\u00e4\u00f6n luomiseen, korostavat makuasi ja arvovaltaasi tehden jokaisesta askeleesta itsevarman ja tyylikk\u00e4\u00e4n.<\/p>\n","protected":false},"featured_media":858279,"comment_status":"open","ping_status":"open","template":"","meta":[],"product_brand":[],"product_cat":[3199,3318],"product_tag":[],"class_list":{"0":"post-858278","1":"product","2":"type-product","3":"status-publish","4":"has-post-thumbnail","6":"product_cat-all-product","7":"product_cat-kedy","8":"pa_rozmir-910","9":"pa_rozmir-912","10":"pa_rozmir-914","11":"pa_rozmir-915","12":"pa_rozmir-916","13":"pa_rozmir-917","14":"pa_rozmir-918","15":"pa_rozmir-919","16":"pa_rozmir-920","17":"pa_rozmir-921","18":"pa_rozmir-922","20":"first","21":"onbackorder","22":"purchasable","23":"product-type-variable"},"_links":{"self":[{"href":"https:\/\/nextsnkr.com\/fi\/wp-json\/wp\/v2\/product\/858278","targetHints":{"allow":["GET"]}}],"collection":[{"href":"https:\/\/nextsnkr.com\/fi\/wp-json\/wp\/v2\/product"}],"about":[{"href":"https:\/\/nextsnkr.com\/fi\/wp-json\/wp\/v2\/types\/product"}],"replies":[{"embeddable":true,"href":"https:\/\/nextsnkr.com\/fi\/wp-json\/wp\/v2\/comments?post=858278"}],"version-history":[{"count":0,"href":"https:\/\/nextsnkr.com\/fi\/wp-json\/wp\/v2\/product\/858278\/revisions"}],"wp:featuredmedia":[{"embeddable":true,"href":"https:\/\/nextsnkr.com\/fi\/wp-json\/wp\/v2\/media\/858279"}],"wp:attachment":[{"href":"https:\/\/nextsnkr.com\/fi\/wp-json\/wp\/v2\/media?parent=858278"}],"wp:term":[{"taxonomy":"product_brand","embeddable":true,"href":"https:\/\/nextsnkr.com\/fi\/wp-json\/wp\/v2\/product_brand?post=858278"},{"taxonomy":"product_cat","embeddable":true,"href":"https:\/\/nextsnkr.com\/fi\/wp-json\/wp\/v2\/product_cat?post=858278"},{"taxonomy":"product_tag","embeddable":true,"href":"https:\/\/nextsnkr.com\/fi\/wp-json\/wp\/v2\/product_tag?post=858278"}],"curies":[{"name":"wp","href":"https:\/\/api.w.org\/{rel}","templated":true}]}}