{"id":856918,"date":"2025-06-11T22:36:18","date_gmt":"2025-06-11T19:36:18","guid":{"rendered":"https:\/\/nextsnkr.com\/product\/nike-pegasus-trail-4-gore-tex\/"},"modified":"2026-01-30T21:57:21","modified_gmt":"2026-01-30T18:57:21","slug":"nike-pegasus-trail-4-gore-tex","status":"publish","type":"product","link":"https:\/\/nextsnkr.com\/fi\/tuote\/nike-pegasus-trail-4-gore-tex\/","title":{"rendered":"Nike Pegasus Trail 4 Gore-Tex juoksu-ja Vaelluskeng\u00e4t"},"content":{"rendered":"<h2>Nike Pegasus Trail 4 Gore-Tex juoksu-ja Vaelluskeng\u00e4t<\/h2>\n<p>Nike Pegasus Trail 4 Gore-Tex lenkkarit on suunniteltu maastojuoksuun ja aktiiviseen k\u00e4velyyn s\u00e4\u00e4ll\u00e4 kuin s\u00e4\u00e4ll\u00e4. Vett\u00e4 hylkiv\u00e4 Gore-Tex-kalvo suojaa kosteudelta, kun taas tekstiilip\u00e4\u00e4llinen tarjoaa keveytt\u00e4 ja ilmanvaihtoa. Luotettava iskunvaimennus ja sitke\u00e4 ulkopohja tarjoavat vakautta eri pinnoille. Valitse Nike Pegasus Trail 4 Gore-Tex, jos arvostat mukavuutta, suojaa ja kest\u00e4vyytt\u00e4 liikkeell\u00e4 ollessasi.<\/p>\n","protected":false},"excerpt":{"rendered":"<p>Nike Pegasus Trail 4 Gore-Tex lenkkarit on suunniteltu maastojuoksuun ja aktiiviseen k\u00e4velyyn s\u00e4\u00e4ll\u00e4 kuin s\u00e4\u00e4ll\u00e4. Vett\u00e4 hylkiv\u00e4 Gore-Tex-kalvo suojaa kosteudelta, kun taas tekstiilip\u00e4\u00e4llinen tarjoaa keveytt\u00e4 ja ilmanvaihtoa. Luotettava iskunvaimennus ja sitke\u00e4 ulkopohja tarjoavat vakautta eri pinnoille. Valitse Nike Pegasus Trail 4 Gore-Tex, jos arvostat mukavuutta, suojaa ja kest\u00e4vyytt\u00e4 liikkeell\u00e4 ollessasi.<\/p>\n","protected":false},"featured_media":856919,"comment_status":"open","ping_status":"open","template":"","meta":[],"product_brand":[],"product_cat":[3199,3200],"product_tag":[],"class_list":{"0":"post-856918","1":"product","2":"type-product","3":"status-publish","4":"has-post-thumbnail","6":"product_cat-all-product","7":"product_cat-krosivky","8":"pa_rozmir-910","9":"pa_rozmir-912","10":"pa_rozmir-914","11":"pa_rozmir-915","12":"pa_rozmir-916","13":"pa_rozmir-917","14":"pa_rozmir-918","15":"pa_rozmir-919","16":"pa_rozmir-920","17":"pa_rozmir-921","18":"pa_rozmir-922","20":"first","21":"instock","22":"purchasable","23":"product-type-variable"},"_links":{"self":[{"href":"https:\/\/nextsnkr.com\/fi\/wp-json\/wp\/v2\/product\/856918","targetHints":{"allow":["GET"]}}],"collection":[{"href":"https:\/\/nextsnkr.com\/fi\/wp-json\/wp\/v2\/product"}],"about":[{"href":"https:\/\/nextsnkr.com\/fi\/wp-json\/wp\/v2\/types\/product"}],"replies":[{"embeddable":true,"href":"https:\/\/nextsnkr.com\/fi\/wp-json\/wp\/v2\/comments?post=856918"}],"version-history":[{"count":0,"href":"https:\/\/nextsnkr.com\/fi\/wp-json\/wp\/v2\/product\/856918\/revisions"}],"wp:featuredmedia":[{"embeddable":true,"href":"https:\/\/nextsnkr.com\/fi\/wp-json\/wp\/v2\/media\/856919"}],"wp:attachment":[{"href":"https:\/\/nextsnkr.com\/fi\/wp-json\/wp\/v2\/media?parent=856918"}],"wp:term":[{"taxonomy":"product_brand","embeddable":true,"href":"https:\/\/nextsnkr.com\/fi\/wp-json\/wp\/v2\/product_brand?post=856918"},{"taxonomy":"product_cat","embeddable":true,"href":"https:\/\/nextsnkr.com\/fi\/wp-json\/wp\/v2\/product_cat?post=856918"},{"taxonomy":"product_tag","embeddable":true,"href":"https:\/\/nextsnkr.com\/fi\/wp-json\/wp\/v2\/product_tag?post=856918"}],"curies":[{"name":"wp","href":"https:\/\/api.w.org\/{rel}","templated":true}]}}