{"id":856578,"date":"2025-06-11T22:36:56","date_gmt":"2025-06-11T19:36:56","guid":{"rendered":"https:\/\/nextsnkr.com\/product\/nike-intiator-white-black\/"},"modified":"2026-01-30T21:57:03","modified_gmt":"2026-01-30T18:57:03","slug":"nike-intiator-white-black","status":"publish","type":"product","link":"https:\/\/nextsnkr.com\/fi\/tuote\/nike-intiator-white-black\/","title":{"rendered":"Nike Initiator valkoiset \/ mustat tennarit-tyylikk\u00e4\u00e4t miesten juoksukeng\u00e4t p\u00e4ivitt\u00e4iseen k\u00e4ytt\u00f6\u00f6n"},"content":{"rendered":"<h2>Nike Initiator valkoiset \/ mustat tennarit-tyylikk\u00e4\u00e4t miesten juoksukeng\u00e4t p\u00e4ivitt\u00e4iseen k\u00e4ytt\u00f6\u00f6n<\/h2>\n<p>Nike Initiator valkoiset \/ mustat tennarit on suunniteltu mukavaan p\u00e4ivitt\u00e4iseen k\u00e4ytt\u00f6\u00f6n ja aktiiviseen liikkumiseen. Aidon nahan ja hengitt\u00e4vien Tekstiilien yhdistelm\u00e4 tarjoaa keveytt\u00e4, kest\u00e4vyytt\u00e4 ja ilmanvaihtoa. Iskuja vaimentava pohja tarjoaa pehmeytt\u00e4 k\u00e4velless\u00e4, ja klassinen valkoisen ja mustan yhdistelm\u00e4 tekee mallista monipuolisen mihin tahansa tyyliin. Nike Initiator edustaa laatua, mukavuutta ja luotettavuutta jokaisessa vaiheessa.<\/p>\n","protected":false},"excerpt":{"rendered":"<p>Nike Initiator valkoiset \/ mustat tennarit on suunniteltu mukavaan p\u00e4ivitt\u00e4iseen k\u00e4ytt\u00f6\u00f6n ja aktiiviseen liikkumiseen. Aidon nahan ja hengitt\u00e4vien Tekstiilien yhdistelm\u00e4 tarjoaa keveytt\u00e4, kest\u00e4vyytt\u00e4 ja ilmanvaihtoa. Iskuja vaimentava pohja tarjoaa pehmeytt\u00e4 k\u00e4velless\u00e4, ja klassinen valkoisen ja mustan yhdistelm\u00e4 tekee mallista monipuolisen mihin tahansa tyyliin. Nike Initiator edustaa laatua, mukavuutta ja luotettavuutta jokaisessa vaiheessa.<\/p>\n","protected":false},"featured_media":856579,"comment_status":"open","ping_status":"open","template":"","meta":[],"product_brand":[],"product_cat":[3199,3200],"product_tag":[],"class_list":{"0":"post-856578","1":"product","2":"type-product","3":"status-publish","4":"has-post-thumbnail","6":"product_cat-all-product","7":"product_cat-krosivky","8":"pa_rozmir-910","9":"pa_rozmir-912","10":"pa_rozmir-914","11":"pa_rozmir-915","12":"pa_rozmir-916","13":"pa_rozmir-917","14":"pa_rozmir-918","15":"pa_rozmir-919","16":"pa_rozmir-920","17":"pa_rozmir-921","18":"pa_rozmir-922","20":"first","21":"instock","22":"purchasable","23":"product-type-variable"},"_links":{"self":[{"href":"https:\/\/nextsnkr.com\/fi\/wp-json\/wp\/v2\/product\/856578","targetHints":{"allow":["GET"]}}],"collection":[{"href":"https:\/\/nextsnkr.com\/fi\/wp-json\/wp\/v2\/product"}],"about":[{"href":"https:\/\/nextsnkr.com\/fi\/wp-json\/wp\/v2\/types\/product"}],"replies":[{"embeddable":true,"href":"https:\/\/nextsnkr.com\/fi\/wp-json\/wp\/v2\/comments?post=856578"}],"version-history":[{"count":0,"href":"https:\/\/nextsnkr.com\/fi\/wp-json\/wp\/v2\/product\/856578\/revisions"}],"wp:featuredmedia":[{"embeddable":true,"href":"https:\/\/nextsnkr.com\/fi\/wp-json\/wp\/v2\/media\/856579"}],"wp:attachment":[{"href":"https:\/\/nextsnkr.com\/fi\/wp-json\/wp\/v2\/media?parent=856578"}],"wp:term":[{"taxonomy":"product_brand","embeddable":true,"href":"https:\/\/nextsnkr.com\/fi\/wp-json\/wp\/v2\/product_brand?post=856578"},{"taxonomy":"product_cat","embeddable":true,"href":"https:\/\/nextsnkr.com\/fi\/wp-json\/wp\/v2\/product_cat?post=856578"},{"taxonomy":"product_tag","embeddable":true,"href":"https:\/\/nextsnkr.com\/fi\/wp-json\/wp\/v2\/product_tag?post=856578"}],"curies":[{"name":"wp","href":"https:\/\/api.w.org\/{rel}","templated":true}]}}