{"id":856068,"date":"2025-06-11T22:39:41","date_gmt":"2025-06-11T19:39:41","guid":{"rendered":"https:\/\/nextsnkr.com\/product\/nike-shox-tl-triple-white\/"},"modified":"2026-01-30T21:56:50","modified_gmt":"2026-01-30T18:56:50","slug":"nike-shox-tl-triple-white","status":"publish","type":"product","link":"https:\/\/nextsnkr.com\/fi\/tuote\/nike-shox-tl-triple-white\/","title":{"rendered":"Nike Shox TL Triple White sneakers-tyylikk\u00e4\u00e4t valkoiset tennarit pehmusteella"},"content":{"rendered":"<h2>Nike Shox TL Triple White sneakers-tyylikk\u00e4\u00e4t valkoiset tennarit pehmusteella<\/h2>\n<p>Nike Shox TL Triple White-lenkkarit ovat yhdistelm\u00e4 Nike Shox &#8211; merkkist\u00e4 pehmustetta ja minimalistista valkoista muotoilua. Malli tarjoaa erinomaisen tuen ja joustavuuden k\u00e4velyn aikana koko pohjan kolonnien iskunvaimentimien ansiosta. Kevyt ja kest\u00e4v\u00e4 p\u00e4\u00e4llinen takaa mukavuuden ja vakauden p\u00e4ivitt\u00e4isess\u00e4 k\u00e4yt\u00f6ss\u00e4. Nike Shox TL Triple White on valinta niille, jotka arvostavat tyyli\u00e4, tekniikkaa ja moitteetonta ulkon\u00e4k\u00f6\u00e4.<\/p>\n","protected":false},"excerpt":{"rendered":"<p>Nike Shox TL Triple White-lenkkarit ovat yhdistelm\u00e4 Nike Shox &#8211; merkkist\u00e4 pehmustetta ja minimalistista valkoista muotoilua. Malli tarjoaa erinomaisen tuen ja joustavuuden k\u00e4velyn aikana koko pohjan kolonnien iskunvaimentimien ansiosta. Kevyt ja kest\u00e4v\u00e4 p\u00e4\u00e4llinen takaa mukavuuden ja vakauden p\u00e4ivitt\u00e4isess\u00e4 k\u00e4yt\u00f6ss\u00e4. Nike Shox TL Triple White on valinta niille, jotka arvostavat tyyli\u00e4, tekniikkaa ja moitteetonta ulkon\u00e4k\u00f6\u00e4.<\/p>\n","protected":false},"featured_media":856069,"comment_status":"open","ping_status":"open","template":"","meta":[],"product_brand":[],"product_cat":[3199,3200],"product_tag":[],"class_list":{"0":"post-856068","1":"product","2":"type-product","3":"status-publish","4":"has-post-thumbnail","6":"product_cat-all-product","7":"product_cat-krosivky","8":"pa_rozmir-910","9":"pa_rozmir-912","10":"pa_rozmir-914","11":"pa_rozmir-915","12":"pa_rozmir-916","13":"pa_rozmir-917","14":"pa_rozmir-918","15":"pa_rozmir-919","16":"pa_rozmir-920","17":"pa_rozmir-921","18":"pa_rozmir-922","20":"first","21":"onbackorder","22":"purchasable","23":"product-type-variable"},"_links":{"self":[{"href":"https:\/\/nextsnkr.com\/fi\/wp-json\/wp\/v2\/product\/856068","targetHints":{"allow":["GET"]}}],"collection":[{"href":"https:\/\/nextsnkr.com\/fi\/wp-json\/wp\/v2\/product"}],"about":[{"href":"https:\/\/nextsnkr.com\/fi\/wp-json\/wp\/v2\/types\/product"}],"replies":[{"embeddable":true,"href":"https:\/\/nextsnkr.com\/fi\/wp-json\/wp\/v2\/comments?post=856068"}],"version-history":[{"count":0,"href":"https:\/\/nextsnkr.com\/fi\/wp-json\/wp\/v2\/product\/856068\/revisions"}],"wp:featuredmedia":[{"embeddable":true,"href":"https:\/\/nextsnkr.com\/fi\/wp-json\/wp\/v2\/media\/856069"}],"wp:attachment":[{"href":"https:\/\/nextsnkr.com\/fi\/wp-json\/wp\/v2\/media?parent=856068"}],"wp:term":[{"taxonomy":"product_brand","embeddable":true,"href":"https:\/\/nextsnkr.com\/fi\/wp-json\/wp\/v2\/product_brand?post=856068"},{"taxonomy":"product_cat","embeddable":true,"href":"https:\/\/nextsnkr.com\/fi\/wp-json\/wp\/v2\/product_cat?post=856068"},{"taxonomy":"product_tag","embeddable":true,"href":"https:\/\/nextsnkr.com\/fi\/wp-json\/wp\/v2\/product_tag?post=856068"}],"curies":[{"name":"wp","href":"https:\/\/api.w.org\/{rel}","templated":true}]}}