{"id":855898,"date":"2025-06-11T22:39:41","date_gmt":"2025-06-11T19:39:41","guid":{"rendered":"https:\/\/nextsnkr.com\/product\/nike-v2k-run-pink\/"},"modified":"2026-01-30T21:56:46","modified_gmt":"2026-01-30T18:56:46","slug":"nike-v2k-run-pink","status":"publish","type":"product","link":"https:\/\/nextsnkr.com\/fi\/tuote\/nike-v2k-run-pink\/","title":{"rendered":"Nike V2K Ajaa Vaaleanpunainen lenkkarit-tyylik\u00e4s naisten lenkkarit on valmistettu nahasta ja tekstiileist\u00e4"},"content":{"rendered":"<h2>Nike V2K Ajaa Vaaleanpunainen lenkkarit-tyylik\u00e4s naisten lenkkarit on valmistettu nahasta ja tekstiileist\u00e4<\/h2>\n<p>Nike V2K Ajaa Vaaleanpunainen lenkkarit yhdistyv\u00e4t trendik\u00e4s muotoilu ja huomaavainen ergonomia, luoda mukavuutta p\u00e4ivitt\u00e4iseen liikkumiseen. Nahka ja tekstiili yl\u00e4 tarjoaa kest\u00e4vyytt\u00e4 ja hengitt\u00e4v\u00e4 ominaisuuksia, kun taas vaaleanpunainen v\u00e4ri lis\u00e4\u00e4 hellyytt\u00e4 ja tyylin. Iskuja vaimentava kumipohja tekee jokainen askel on pehme\u00e4 ja luonnollinen, joka tarjoaa tukea koko p\u00e4iv\u00e4n. Nike V2K Ajaa Vaaleanpunainen on loistava valinta aktiivisia ja muodikasta naisten.<\/p>\n","protected":false},"excerpt":{"rendered":"<p>Nike V2K Ajaa Vaaleanpunainen lenkkarit yhdistyv\u00e4t trendik\u00e4s muotoilu ja huomaavainen ergonomia, luoda mukavuutta p\u00e4ivitt\u00e4iseen liikkumiseen. Nahka ja tekstiili yl\u00e4 tarjoaa kest\u00e4vyytt\u00e4 ja hengitt\u00e4v\u00e4 ominaisuuksia, kun taas vaaleanpunainen v\u00e4ri lis\u00e4\u00e4 hellyytt\u00e4 ja tyylin. Iskuja vaimentava kumipohja tekee jokainen askel on pehme\u00e4 ja luonnollinen, joka tarjoaa tukea koko p\u00e4iv\u00e4n. Nike V2K Ajaa Vaaleanpunainen on loistava valinta aktiivisia ja muodikasta naisten.<\/p>\n","protected":false},"featured_media":855899,"comment_status":"open","ping_status":"open","template":"","meta":[],"product_brand":[],"product_cat":[3199,3200],"product_tag":[],"class_list":{"0":"post-855898","1":"product","2":"type-product","3":"status-publish","4":"has-post-thumbnail","6":"product_cat-all-product","7":"product_cat-krosivky","8":"pa_rozmir-910","9":"pa_rozmir-912","10":"pa_rozmir-914","11":"pa_rozmir-915","12":"pa_rozmir-916","13":"pa_rozmir-917","14":"pa_rozmir-918","15":"pa_rozmir-919","16":"pa_rozmir-920","17":"pa_rozmir-921","18":"pa_rozmir-922","20":"first","21":"instock","22":"purchasable","23":"product-type-variable"},"_links":{"self":[{"href":"https:\/\/nextsnkr.com\/fi\/wp-json\/wp\/v2\/product\/855898","targetHints":{"allow":["GET"]}}],"collection":[{"href":"https:\/\/nextsnkr.com\/fi\/wp-json\/wp\/v2\/product"}],"about":[{"href":"https:\/\/nextsnkr.com\/fi\/wp-json\/wp\/v2\/types\/product"}],"replies":[{"embeddable":true,"href":"https:\/\/nextsnkr.com\/fi\/wp-json\/wp\/v2\/comments?post=855898"}],"version-history":[{"count":0,"href":"https:\/\/nextsnkr.com\/fi\/wp-json\/wp\/v2\/product\/855898\/revisions"}],"wp:featuredmedia":[{"embeddable":true,"href":"https:\/\/nextsnkr.com\/fi\/wp-json\/wp\/v2\/media\/855899"}],"wp:attachment":[{"href":"https:\/\/nextsnkr.com\/fi\/wp-json\/wp\/v2\/media?parent=855898"}],"wp:term":[{"taxonomy":"product_brand","embeddable":true,"href":"https:\/\/nextsnkr.com\/fi\/wp-json\/wp\/v2\/product_brand?post=855898"},{"taxonomy":"product_cat","embeddable":true,"href":"https:\/\/nextsnkr.com\/fi\/wp-json\/wp\/v2\/product_cat?post=855898"},{"taxonomy":"product_tag","embeddable":true,"href":"https:\/\/nextsnkr.com\/fi\/wp-json\/wp\/v2\/product_tag?post=855898"}],"curies":[{"name":"wp","href":"https:\/\/api.w.org\/{rel}","templated":true}]}}