{"id":855728,"date":"2025-06-11T22:40:37","date_gmt":"2025-06-11T19:40:37","guid":{"rendered":"https:\/\/nextsnkr.com\/product\/nike-zoom-blazer-pro-gt-sb\/"},"modified":"2026-01-30T21:56:42","modified_gmt":"2026-01-30T18:56:42","slug":"nike-zoom-blazer-pro-gt-sb","status":"publish","type":"product","link":"https:\/\/nextsnkr.com\/fi\/tuote\/nike-zoom-blazer-pro-gt-sb\/","title":{"rendered":"Nike Zoom Blazer Pro GT SB Sneakers-mokkanahka rullalautailu keng\u00e4t"},"content":{"rendered":"<h2>Nike Zoom Blazer Pro GT SB Sneakers-mokkanahka rullalautailu keng\u00e4t<\/h2>\n<p>Nike Zoom Blazer Pro GT SB lenkkarit on valmistettu korkealaatuisesta mokkanahasta, joka takaa kest\u00e4vyyden ja mukavuuden aktiivisen k\u00e4yt\u00f6n aikana. Malli on suunniteltu erityisesti skeittaukseen, ja siin\u00e4 on luotettava iskunvaimennus ja kest\u00e4v\u00e4 ulkopohja paremman pidon takaamiseksi. Tyylik\u00e4s muotoilu tekee tennareista monipuoliset jokap\u00e4iv\u00e4iseen k\u00e4ytt\u00f6\u00f6n. Nike Zoom Blazer Pro GT SB onyhdistelm\u00e4 teknologiaa, mukavuutta ja modernia kaupunkityyli\u00e4.<\/p>\n","protected":false},"excerpt":{"rendered":"<p>Nike Zoom Blazer Pro GT SB lenkkarit on valmistettu korkealaatuisesta mokkanahasta, joka takaa kest\u00e4vyyden ja mukavuuden aktiivisen k\u00e4yt\u00f6n aikana. Malli on suunniteltu erityisesti skeittaukseen, ja siin\u00e4 on luotettava iskunvaimennus ja kest\u00e4v\u00e4 ulkopohja paremman pidon takaamiseksi. Tyylik\u00e4s muotoilu tekee tennareista monipuoliset jokap\u00e4iv\u00e4iseen k\u00e4ytt\u00f6\u00f6n. Nike Zoom Blazer Pro GT SB onyhdistelm\u00e4 teknologiaa, mukavuutta ja modernia kaupunkityyli\u00e4.<\/p>\n","protected":false},"featured_media":855729,"comment_status":"open","ping_status":"open","template":"","meta":[],"product_brand":[2399],"product_cat":[3357,3199,3318],"product_tag":[],"class_list":{"0":"post-855728","1":"product","2":"type-product","3":"status-publish","4":"has-post-thumbnail","6":"product_brand-nike-blazer","7":"product_cat-nike-blazer","8":"product_cat-all-product","9":"product_cat-kedy","10":"pa_rozmir-910","11":"pa_rozmir-912","12":"pa_rozmir-914","13":"pa_rozmir-915","14":"pa_rozmir-916","15":"pa_rozmir-917","16":"pa_rozmir-918","17":"pa_rozmir-919","18":"pa_rozmir-920","19":"pa_rozmir-921","20":"pa_rozmir-922","22":"first","23":"instock","24":"purchasable","25":"product-type-variable"},"_links":{"self":[{"href":"https:\/\/nextsnkr.com\/fi\/wp-json\/wp\/v2\/product\/855728","targetHints":{"allow":["GET"]}}],"collection":[{"href":"https:\/\/nextsnkr.com\/fi\/wp-json\/wp\/v2\/product"}],"about":[{"href":"https:\/\/nextsnkr.com\/fi\/wp-json\/wp\/v2\/types\/product"}],"replies":[{"embeddable":true,"href":"https:\/\/nextsnkr.com\/fi\/wp-json\/wp\/v2\/comments?post=855728"}],"version-history":[{"count":0,"href":"https:\/\/nextsnkr.com\/fi\/wp-json\/wp\/v2\/product\/855728\/revisions"}],"wp:featuredmedia":[{"embeddable":true,"href":"https:\/\/nextsnkr.com\/fi\/wp-json\/wp\/v2\/media\/855729"}],"wp:attachment":[{"href":"https:\/\/nextsnkr.com\/fi\/wp-json\/wp\/v2\/media?parent=855728"}],"wp:term":[{"taxonomy":"product_brand","embeddable":true,"href":"https:\/\/nextsnkr.com\/fi\/wp-json\/wp\/v2\/product_brand?post=855728"},{"taxonomy":"product_cat","embeddable":true,"href":"https:\/\/nextsnkr.com\/fi\/wp-json\/wp\/v2\/product_cat?post=855728"},{"taxonomy":"product_tag","embeddable":true,"href":"https:\/\/nextsnkr.com\/fi\/wp-json\/wp\/v2\/product_tag?post=855728"}],"curies":[{"name":"wp","href":"https:\/\/api.w.org\/{rel}","templated":true}]}}