{"id":854879,"date":"2025-06-11T22:44:06","date_gmt":"2025-06-11T19:44:06","guid":{"rendered":"https:\/\/nextsnkr.com\/product\/n354-white-yellow\/"},"modified":"2026-01-30T21:56:10","modified_gmt":"2026-01-30T18:56:10","slug":"n354-white-yellow","status":"publish","type":"product","link":"https:\/\/nextsnkr.com\/fi\/tuote\/n354-white-yellow\/","title":{"rendered":"N354 valkoiset keltaiset tennarit-tyylikk\u00e4\u00e4t valkoiset ja keltaiset nahkakeng\u00e4t"},"content":{"rendered":"<h2>N354 valkoiset keltaiset tennarit-tyylikk\u00e4\u00e4t valkoiset ja keltaiset nahkakeng\u00e4t<\/h2>\n<p>N354 Valkokeltaiset tennarit on valmistettu korkealaatuisesta nahasta, mik\u00e4 takaa kest\u00e4vyyden ja mukavuuden p\u00e4ivitt\u00e4isess\u00e4 k\u00e4yt\u00f6ss\u00e4. Valkoisen ja keltaisen kontrastinen yhdistelm\u00e4 lis\u00e4\u00e4 muodikasta korostusta ja tekee mallista monipuolisen erilaisiin vaatetyyleihin. Kevyt iskuja vaimentava pohja takaa mukavuuden k\u00e4velyn ja ulkoilun aikana. N354 valkoinen keltainen on t\u00e4ydellinen valinta niille, jotka arvostavat tyyli\u00e4, laatua ja mukavuutta joka vaiheessa.<\/p>\n","protected":false},"excerpt":{"rendered":"<p>N354 Valkokeltaiset tennarit on valmistettu korkealaatuisesta nahasta, mik\u00e4 takaa kest\u00e4vyyden ja mukavuuden p\u00e4ivitt\u00e4isess\u00e4 k\u00e4yt\u00f6ss\u00e4. Valkoisen ja keltaisen kontrastinen yhdistelm\u00e4 lis\u00e4\u00e4 muodikasta korostusta ja tekee mallista monipuolisen erilaisiin vaatetyyleihin. Kevyt iskuja vaimentava pohja takaa mukavuuden k\u00e4velyn ja ulkoilun aikana. N354 valkoinen keltainen on t\u00e4ydellinen valinta niille, jotka arvostavat tyyli\u00e4, laatua ja mukavuutta joka vaiheessa.<\/p>\n","protected":false},"featured_media":854880,"comment_status":"open","ping_status":"open","template":"","meta":[],"product_brand":[],"product_cat":[3199,3318],"product_tag":[],"class_list":{"0":"post-854879","1":"product","2":"type-product","3":"status-publish","4":"has-post-thumbnail","6":"product_cat-all-product","7":"product_cat-kedy","8":"pa_rozmir-910","9":"pa_rozmir-912","10":"pa_rozmir-914","11":"pa_rozmir-915","12":"pa_rozmir-916","13":"pa_rozmir-917","14":"pa_rozmir-918","15":"pa_rozmir-919","16":"pa_rozmir-920","17":"pa_rozmir-921","18":"pa_rozmir-922","20":"first","21":"instock","22":"purchasable","23":"product-type-variable"},"_links":{"self":[{"href":"https:\/\/nextsnkr.com\/fi\/wp-json\/wp\/v2\/product\/854879","targetHints":{"allow":["GET"]}}],"collection":[{"href":"https:\/\/nextsnkr.com\/fi\/wp-json\/wp\/v2\/product"}],"about":[{"href":"https:\/\/nextsnkr.com\/fi\/wp-json\/wp\/v2\/types\/product"}],"replies":[{"embeddable":true,"href":"https:\/\/nextsnkr.com\/fi\/wp-json\/wp\/v2\/comments?post=854879"}],"version-history":[{"count":0,"href":"https:\/\/nextsnkr.com\/fi\/wp-json\/wp\/v2\/product\/854879\/revisions"}],"wp:featuredmedia":[{"embeddable":true,"href":"https:\/\/nextsnkr.com\/fi\/wp-json\/wp\/v2\/media\/854880"}],"wp:attachment":[{"href":"https:\/\/nextsnkr.com\/fi\/wp-json\/wp\/v2\/media?parent=854879"}],"wp:term":[{"taxonomy":"product_brand","embeddable":true,"href":"https:\/\/nextsnkr.com\/fi\/wp-json\/wp\/v2\/product_brand?post=854879"},{"taxonomy":"product_cat","embeddable":true,"href":"https:\/\/nextsnkr.com\/fi\/wp-json\/wp\/v2\/product_cat?post=854879"},{"taxonomy":"product_tag","embeddable":true,"href":"https:\/\/nextsnkr.com\/fi\/wp-json\/wp\/v2\/product_tag?post=854879"}],"curies":[{"name":"wp","href":"https:\/\/api.w.org\/{rel}","templated":true}]}}