{"id":853967,"date":"2025-06-11T23:01:07","date_gmt":"2025-06-11T20:01:07","guid":{"rendered":"https:\/\/nextsnkr.com\/product\/nike-pro-beige\/"},"modified":"2026-01-30T21:55:39","modified_gmt":"2026-01-30T18:55:39","slug":"nike-pro-beige","status":"publish","type":"product","link":"https:\/\/nextsnkr.com\/fi\/tuote\/nike-pro-beige\/","title":{"rendered":"Nike Pro Beige sneakers-tyylikk\u00e4\u00e4t nahka-ja tekstiililenkkarit"},"content":{"rendered":"<h2>Nike Pro Beige sneakers-tyylikk\u00e4\u00e4t nahka-ja tekstiililenkkarit<\/h2>\n<p>Nike Pro Beige-tennareissa yhdistyv\u00e4t mukavuus, laatu ja tyylik\u00e4s muotoilu jokap\u00e4iv\u00e4iseen k\u00e4ytt\u00f6\u00f6n. Nahka-ja tekstiilip\u00e4\u00e4llinen tarjoaa kest\u00e4vyytt\u00e4, tuuletusta ja mukavan istuvuuden, kun taas iskuja vaimentava pohja tarjoaa pehmeytt\u00e4 ja tukea liikkeen aikana. Monipuolisen beigen v\u00e4rin ansiosta malli on helppo yhdist\u00e4\u00e4 mihin tahansa pukeutumistyyliin. Nike Pro Beige on luotettava valinta aktiiviseen ja tyylikk\u00e4\u00e4seen arkeen.<\/p>\n","protected":false},"excerpt":{"rendered":"<p>Nike Pro Beige-tennareissa yhdistyv\u00e4t mukavuus, laatu ja tyylik\u00e4s muotoilu jokap\u00e4iv\u00e4iseen k\u00e4ytt\u00f6\u00f6n. Nahka-ja tekstiilip\u00e4\u00e4llinen tarjoaa kest\u00e4vyytt\u00e4, tuuletusta ja mukavan istuvuuden, kun taas iskuja vaimentava pohja tarjoaa pehmeytt\u00e4 ja tukea liikkeen aikana. Monipuolisen beigen v\u00e4rin ansiosta malli on helppo yhdist\u00e4\u00e4 mihin tahansa pukeutumistyyliin. Nike Pro Beige on luotettava valinta aktiiviseen ja tyylikk\u00e4\u00e4seen arkeen.<\/p>\n","protected":false},"featured_media":853968,"comment_status":"open","ping_status":"open","template":"","meta":[],"product_brand":[],"product_cat":[3199,3200],"product_tag":[],"class_list":{"0":"post-853967","1":"product","2":"type-product","3":"status-publish","4":"has-post-thumbnail","6":"product_cat-all-product","7":"product_cat-krosivky","8":"pa_rozmir-915","9":"pa_rozmir-916","10":"pa_rozmir-917","11":"pa_rozmir-918","12":"pa_rozmir-919","13":"pa_rozmir-920","14":"pa_rozmir-921","15":"pa_rozmir-922","17":"first","18":"instock","19":"purchasable","20":"product-type-variable"},"_links":{"self":[{"href":"https:\/\/nextsnkr.com\/fi\/wp-json\/wp\/v2\/product\/853967","targetHints":{"allow":["GET"]}}],"collection":[{"href":"https:\/\/nextsnkr.com\/fi\/wp-json\/wp\/v2\/product"}],"about":[{"href":"https:\/\/nextsnkr.com\/fi\/wp-json\/wp\/v2\/types\/product"}],"replies":[{"embeddable":true,"href":"https:\/\/nextsnkr.com\/fi\/wp-json\/wp\/v2\/comments?post=853967"}],"version-history":[{"count":0,"href":"https:\/\/nextsnkr.com\/fi\/wp-json\/wp\/v2\/product\/853967\/revisions"}],"wp:featuredmedia":[{"embeddable":true,"href":"https:\/\/nextsnkr.com\/fi\/wp-json\/wp\/v2\/media\/853968"}],"wp:attachment":[{"href":"https:\/\/nextsnkr.com\/fi\/wp-json\/wp\/v2\/media?parent=853967"}],"wp:term":[{"taxonomy":"product_brand","embeddable":true,"href":"https:\/\/nextsnkr.com\/fi\/wp-json\/wp\/v2\/product_brand?post=853967"},{"taxonomy":"product_cat","embeddable":true,"href":"https:\/\/nextsnkr.com\/fi\/wp-json\/wp\/v2\/product_cat?post=853967"},{"taxonomy":"product_tag","embeddable":true,"href":"https:\/\/nextsnkr.com\/fi\/wp-json\/wp\/v2\/product_tag?post=853967"}],"curies":[{"name":"wp","href":"https:\/\/api.w.org\/{rel}","templated":true}]}}