{"id":853468,"date":"2025-06-11T23:03:01","date_gmt":"2025-06-11T20:03:01","guid":{"rendered":"https:\/\/nextsnkr.com\/product\/nike-pro-violet\/"},"modified":"2026-01-30T21:55:13","modified_gmt":"2026-01-30T18:55:13","slug":"nike-pro-violet","status":"publish","type":"product","link":"https:\/\/nextsnkr.com\/fi\/tuote\/nike-pro-violet\/","title":{"rendered":"Nike Pro Violet sneakers-tyylikk\u00e4\u00e4t violetit nahkakeng\u00e4t"},"content":{"rendered":"<h2>Nike Pro Violet sneakers-tyylikk\u00e4\u00e4t violetit nahkakeng\u00e4t<\/h2>\n<p>Nike Pro Violet-lenkkarit on valmistettu korkealaatuisesta nahasta, mik\u00e4 takaa kest\u00e4vyyden, mukavuuden ja kest\u00e4vyyden. Ergonominen muotoilu sopii p\u00e4ivitt\u00e4iseen k\u00e4ytt\u00f6\u00f6n ja aktiiviseen el\u00e4m\u00e4ntapaan, ja violetti v\u00e4ri lis\u00e4\u00e4 kirkkaan aksentin mihin tahansa ilmeeseen. Kevyt pohja takaa k\u00e4velymukavuuden ja jalkatuen. Nike Pro Violet on t\u00e4ydellinen valinta niille, jotka arvostavat tyyli\u00e4, mukavuutta ja laatua jokaisessa vaiheessa.<\/p>\n","protected":false},"excerpt":{"rendered":"<p>Nike Pro Violet-lenkkarit on valmistettu korkealaatuisesta nahasta, mik\u00e4 takaa kest\u00e4vyyden, mukavuuden ja kest\u00e4vyyden. Ergonominen muotoilu sopii p\u00e4ivitt\u00e4iseen k\u00e4ytt\u00f6\u00f6n ja aktiiviseen el\u00e4m\u00e4ntapaan, ja violetti v\u00e4ri lis\u00e4\u00e4 kirkkaan aksentin mihin tahansa ilmeeseen. Kevyt pohja takaa k\u00e4velymukavuuden ja jalkatuen. Nike Pro Violet on t\u00e4ydellinen valinta niille, jotka arvostavat tyyli\u00e4, mukavuutta ja laatua jokaisessa vaiheessa.<\/p>\n","protected":false},"featured_media":853469,"comment_status":"open","ping_status":"open","template":"","meta":[],"product_brand":[],"product_cat":[3199,3200],"product_tag":[],"class_list":{"0":"post-853468","1":"product","2":"type-product","3":"status-publish","4":"has-post-thumbnail","6":"product_cat-all-product","7":"product_cat-krosivky","8":"pa_rozmir-910","9":"pa_rozmir-912","10":"pa_rozmir-914","11":"pa_rozmir-915","12":"pa_rozmir-916","13":"pa_rozmir-917","14":"pa_rozmir-918","15":"pa_rozmir-919","16":"pa_rozmir-920","17":"pa_rozmir-921","18":"pa_rozmir-922","20":"first","21":"onbackorder","22":"purchasable","23":"product-type-variable"},"_links":{"self":[{"href":"https:\/\/nextsnkr.com\/fi\/wp-json\/wp\/v2\/product\/853468","targetHints":{"allow":["GET"]}}],"collection":[{"href":"https:\/\/nextsnkr.com\/fi\/wp-json\/wp\/v2\/product"}],"about":[{"href":"https:\/\/nextsnkr.com\/fi\/wp-json\/wp\/v2\/types\/product"}],"replies":[{"embeddable":true,"href":"https:\/\/nextsnkr.com\/fi\/wp-json\/wp\/v2\/comments?post=853468"}],"version-history":[{"count":0,"href":"https:\/\/nextsnkr.com\/fi\/wp-json\/wp\/v2\/product\/853468\/revisions"}],"wp:featuredmedia":[{"embeddable":true,"href":"https:\/\/nextsnkr.com\/fi\/wp-json\/wp\/v2\/media\/853469"}],"wp:attachment":[{"href":"https:\/\/nextsnkr.com\/fi\/wp-json\/wp\/v2\/media?parent=853468"}],"wp:term":[{"taxonomy":"product_brand","embeddable":true,"href":"https:\/\/nextsnkr.com\/fi\/wp-json\/wp\/v2\/product_brand?post=853468"},{"taxonomy":"product_cat","embeddable":true,"href":"https:\/\/nextsnkr.com\/fi\/wp-json\/wp\/v2\/product_cat?post=853468"},{"taxonomy":"product_tag","embeddable":true,"href":"https:\/\/nextsnkr.com\/fi\/wp-json\/wp\/v2\/product_tag?post=853468"}],"curies":[{"name":"wp","href":"https:\/\/api.w.org\/{rel}","templated":true}]}}