{"id":852618,"date":"2025-06-11T23:04:31","date_gmt":"2025-06-11T20:04:31","guid":{"rendered":"https:\/\/nextsnkr.com\/product\/nike-air-vapormax-evo\/"},"modified":"2026-01-30T21:54:51","modified_gmt":"2026-01-30T18:54:51","slug":"nike-air-vapormax-evo","status":"publish","type":"product","link":"https:\/\/nextsnkr.com\/fi\/tuote\/nike-air-vapormax-evo\/","title":{"rendered":"Nike Air Vapormax EVO sneakers-nahka &#8211; ja tekstiililenkkarit pehmusteella"},"content":{"rendered":"<h2>Nike Air Vapormax EVO sneakers-nahka &#8211; ja tekstiililenkkarit pehmusteella<\/h2>\n<p>Nike Air Vapormax EVO lenkkarit yhdistyv\u00e4t huippuluokan teknologia ja tyylik\u00e4s muotoilu arkik\u00e4ytt\u00f6\u00f6n. Nahka ja tekstiili yl\u00e4 tarjoaa kest\u00e4vyytt\u00e4, mukavuutta ja ilmanvaihto, kun taas Vapormax iskuja vaimentava pohja antaa pehmeytt\u00e4 ja tukea, kun k\u00e4vely tai k\u00e4ynniss\u00e4. Moderni siluetti korostaa urheilullista ja urbaania tyyli\u00e4. Nike Air Vapormax EVO on t\u00e4ydellinen valinta niille, jotka arvostavat laatua, mukavuutta ja innovatiivinen muotoilu.<\/p>\n","protected":false},"excerpt":{"rendered":"<p>Nike Air Vapormax EVO lenkkarit yhdistyv\u00e4t huippuluokan teknologia ja tyylik\u00e4s muotoilu arkik\u00e4ytt\u00f6\u00f6n. Nahka ja tekstiili yl\u00e4 tarjoaa kest\u00e4vyytt\u00e4, mukavuutta ja ilmanvaihto, kun taas Vapormax iskuja vaimentava pohja antaa pehmeytt\u00e4 ja tukea, kun k\u00e4vely tai k\u00e4ynniss\u00e4. Moderni siluetti korostaa urheilullista ja urbaania tyyli\u00e4. Nike Air Vapormax EVO on t\u00e4ydellinen valinta niille, jotka arvostavat laatua, mukavuutta ja innovatiivinen muotoilu.<\/p>\n","protected":false},"featured_media":852619,"comment_status":"open","ping_status":"open","template":"","meta":[],"product_brand":[],"product_cat":[3199,3200],"product_tag":[],"class_list":{"0":"post-852618","1":"product","2":"type-product","3":"status-publish","4":"has-post-thumbnail","6":"product_cat-all-product","7":"product_cat-krosivky","8":"pa_rozmir-910","9":"pa_rozmir-912","10":"pa_rozmir-914","11":"pa_rozmir-915","12":"pa_rozmir-916","13":"pa_rozmir-917","14":"pa_rozmir-918","15":"pa_rozmir-919","16":"pa_rozmir-920","17":"pa_rozmir-921","18":"pa_rozmir-922","20":"first","21":"onbackorder","22":"purchasable","23":"product-type-variable"},"_links":{"self":[{"href":"https:\/\/nextsnkr.com\/fi\/wp-json\/wp\/v2\/product\/852618","targetHints":{"allow":["GET"]}}],"collection":[{"href":"https:\/\/nextsnkr.com\/fi\/wp-json\/wp\/v2\/product"}],"about":[{"href":"https:\/\/nextsnkr.com\/fi\/wp-json\/wp\/v2\/types\/product"}],"replies":[{"embeddable":true,"href":"https:\/\/nextsnkr.com\/fi\/wp-json\/wp\/v2\/comments?post=852618"}],"version-history":[{"count":0,"href":"https:\/\/nextsnkr.com\/fi\/wp-json\/wp\/v2\/product\/852618\/revisions"}],"wp:featuredmedia":[{"embeddable":true,"href":"https:\/\/nextsnkr.com\/fi\/wp-json\/wp\/v2\/media\/852619"}],"wp:attachment":[{"href":"https:\/\/nextsnkr.com\/fi\/wp-json\/wp\/v2\/media?parent=852618"}],"wp:term":[{"taxonomy":"product_brand","embeddable":true,"href":"https:\/\/nextsnkr.com\/fi\/wp-json\/wp\/v2\/product_brand?post=852618"},{"taxonomy":"product_cat","embeddable":true,"href":"https:\/\/nextsnkr.com\/fi\/wp-json\/wp\/v2\/product_cat?post=852618"},{"taxonomy":"product_tag","embeddable":true,"href":"https:\/\/nextsnkr.com\/fi\/wp-json\/wp\/v2\/product_tag?post=852618"}],"curies":[{"name":"wp","href":"https:\/\/api.w.org\/{rel}","templated":true}]}}