{"id":852448,"date":"2025-06-11T23:05:11","date_gmt":"2025-06-11T20:05:11","guid":{"rendered":"https:\/\/nextsnkr.com\/product\/nike-pro-black\/"},"modified":"2026-01-30T21:54:47","modified_gmt":"2026-01-30T18:54:47","slug":"nike-pro-black","status":"publish","type":"product","link":"https:\/\/nextsnkr.com\/fi\/tuote\/nike-pro-black\/","title":{"rendered":"Nike Pro mustat tennarit-nahka-ja tekstiilimustat tennarit"},"content":{"rendered":"<h2>Nike Pro mustat tennarit-nahka-ja tekstiilimustat tennarit<\/h2>\n<p>Nike Pro mustissa tennareissa yhdistyv\u00e4t tyylik\u00e4s muotoilu ja mukavuus p\u00e4ivitt\u00e4isess\u00e4 k\u00e4yt\u00f6ss\u00e4. Nahka-ja tekstiilip\u00e4\u00e4llinen tarjoaa kest\u00e4vyytt\u00e4 ja mukavan istuvuuden, kun taas kevyt pohja takaa pehmeyden ja tuen k\u00e4velyn tai harjoittelun aikana. Klassinen musta v\u00e4ri tekee mallista monipuolisen ja helpon yhdist\u00e4\u00e4 mihin tahansa tyyliin. Nike Pro Black on t\u00e4ydellinen valinta aktiiviseen el\u00e4m\u00e4\u00e4n ja urheilulliseen tyyliin.<\/p>\n","protected":false},"excerpt":{"rendered":"<p>Nike Pro mustissa tennareissa yhdistyv\u00e4t tyylik\u00e4s muotoilu ja mukavuus p\u00e4ivitt\u00e4isess\u00e4 k\u00e4yt\u00f6ss\u00e4. Nahka-ja tekstiilip\u00e4\u00e4llinen tarjoaa kest\u00e4vyytt\u00e4 ja mukavan istuvuuden, kun taas kevyt pohja takaa pehmeyden ja tuen k\u00e4velyn tai harjoittelun aikana. Klassinen musta v\u00e4ri tekee mallista monipuolisen ja helpon yhdist\u00e4\u00e4 mihin tahansa tyyliin. Nike Pro Black on t\u00e4ydellinen valinta aktiiviseen el\u00e4m\u00e4\u00e4n ja urheilulliseen tyyliin.<\/p>\n","protected":false},"featured_media":852449,"comment_status":"open","ping_status":"open","template":"","meta":[],"product_brand":[],"product_cat":[3199,3200],"product_tag":[],"class_list":{"0":"post-852448","1":"product","2":"type-product","3":"status-publish","4":"has-post-thumbnail","6":"product_cat-all-product","7":"product_cat-krosivky","8":"pa_rozmir-910","9":"pa_rozmir-912","10":"pa_rozmir-914","11":"pa_rozmir-915","12":"pa_rozmir-916","13":"pa_rozmir-917","14":"pa_rozmir-918","15":"pa_rozmir-919","16":"pa_rozmir-920","17":"pa_rozmir-921","18":"pa_rozmir-922","20":"first","21":"instock","22":"purchasable","23":"product-type-variable"},"_links":{"self":[{"href":"https:\/\/nextsnkr.com\/fi\/wp-json\/wp\/v2\/product\/852448","targetHints":{"allow":["GET"]}}],"collection":[{"href":"https:\/\/nextsnkr.com\/fi\/wp-json\/wp\/v2\/product"}],"about":[{"href":"https:\/\/nextsnkr.com\/fi\/wp-json\/wp\/v2\/types\/product"}],"replies":[{"embeddable":true,"href":"https:\/\/nextsnkr.com\/fi\/wp-json\/wp\/v2\/comments?post=852448"}],"version-history":[{"count":0,"href":"https:\/\/nextsnkr.com\/fi\/wp-json\/wp\/v2\/product\/852448\/revisions"}],"wp:featuredmedia":[{"embeddable":true,"href":"https:\/\/nextsnkr.com\/fi\/wp-json\/wp\/v2\/media\/852449"}],"wp:attachment":[{"href":"https:\/\/nextsnkr.com\/fi\/wp-json\/wp\/v2\/media?parent=852448"}],"wp:term":[{"taxonomy":"product_brand","embeddable":true,"href":"https:\/\/nextsnkr.com\/fi\/wp-json\/wp\/v2\/product_brand?post=852448"},{"taxonomy":"product_cat","embeddable":true,"href":"https:\/\/nextsnkr.com\/fi\/wp-json\/wp\/v2\/product_cat?post=852448"},{"taxonomy":"product_tag","embeddable":true,"href":"https:\/\/nextsnkr.com\/fi\/wp-json\/wp\/v2\/product_tag?post=852448"}],"curies":[{"name":"wp","href":"https:\/\/api.w.org\/{rel}","templated":true}]}}