{"id":851769,"date":"2025-06-11T23:06:55","date_gmt":"2025-06-11T20:06:55","guid":{"rendered":"https:\/\/nextsnkr.com\/product\/mcqeen-grey\/"},"modified":"2026-01-30T21:54:19","modified_gmt":"2026-01-30T18:54:19","slug":"mcqeen-grey","status":"publish","type":"product","link":"https:\/\/nextsnkr.com\/fi\/tuote\/mcqeen-grey\/","title":{"rendered":"McQeen Grey sneakers-tyylikk\u00e4\u00e4t nahkalenkkarit p\u00e4ivitt\u00e4iseen k\u00e4ytt\u00f6\u00f6n"},"content":{"rendered":"<h2>McQeen Grey sneakers-tyylikk\u00e4\u00e4t nahkalenkkarit p\u00e4ivitt\u00e4iseen k\u00e4ytt\u00f6\u00f6n<\/h2>\n<p>McQeen Grey-tennarit on valmistettu korkealaatuisesta nahasta, mik\u00e4 takaa kest\u00e4vyyden ja mukavuuden pitk\u00e4aikaisessa k\u00e4yt\u00f6ss\u00e4. Tyylik\u00e4s harmaa v\u00e4ri tekee mallista monipuolisen ja helposti yhdistett\u00e4v\u00e4n mihin tahansa asuun. Italialainen tuotanto takaa ensiluokkaisen laadun ja osien tarkan toteutuksen. McQeen Grey on t\u00e4ydellinen valinta niille, jotka arvostavat mukavuutta, tyyli\u00e4 ja luotettavuutta jokap\u00e4iv\u00e4isess\u00e4 el\u00e4m\u00e4ss\u00e4.<\/p>\n","protected":false},"excerpt":{"rendered":"<p>McQeen Grey-tennarit on valmistettu korkealaatuisesta nahasta, mik\u00e4 takaa kest\u00e4vyyden ja mukavuuden pitk\u00e4aikaisessa k\u00e4yt\u00f6ss\u00e4. Tyylik\u00e4s harmaa v\u00e4ri tekee mallista monipuolisen ja helposti yhdistett\u00e4v\u00e4n mihin tahansa asuun. Italialainen tuotanto takaa ensiluokkaisen laadun ja osien tarkan toteutuksen. McQeen Grey on t\u00e4ydellinen valinta niille, jotka arvostavat mukavuutta, tyyli\u00e4 ja luotettavuutta jokap\u00e4iv\u00e4isess\u00e4 el\u00e4m\u00e4ss\u00e4.<\/p>\n","protected":false},"featured_media":851770,"comment_status":"open","ping_status":"open","template":"","meta":[],"product_brand":[],"product_cat":[3199,3318],"product_tag":[],"class_list":{"0":"post-851769","1":"product","2":"type-product","3":"status-publish","4":"has-post-thumbnail","6":"product_cat-all-product","7":"product_cat-kedy","8":"pa_rozmir-910","9":"pa_rozmir-912","10":"pa_rozmir-914","11":"pa_rozmir-915","12":"pa_rozmir-916","13":"pa_rozmir-917","14":"pa_rozmir-918","15":"pa_rozmir-919","16":"pa_rozmir-920","17":"pa_rozmir-921","18":"pa_rozmir-922","20":"first","21":"instock","22":"purchasable","23":"product-type-variable"},"_links":{"self":[{"href":"https:\/\/nextsnkr.com\/fi\/wp-json\/wp\/v2\/product\/851769","targetHints":{"allow":["GET"]}}],"collection":[{"href":"https:\/\/nextsnkr.com\/fi\/wp-json\/wp\/v2\/product"}],"about":[{"href":"https:\/\/nextsnkr.com\/fi\/wp-json\/wp\/v2\/types\/product"}],"replies":[{"embeddable":true,"href":"https:\/\/nextsnkr.com\/fi\/wp-json\/wp\/v2\/comments?post=851769"}],"version-history":[{"count":0,"href":"https:\/\/nextsnkr.com\/fi\/wp-json\/wp\/v2\/product\/851769\/revisions"}],"wp:featuredmedia":[{"embeddable":true,"href":"https:\/\/nextsnkr.com\/fi\/wp-json\/wp\/v2\/media\/851770"}],"wp:attachment":[{"href":"https:\/\/nextsnkr.com\/fi\/wp-json\/wp\/v2\/media?parent=851769"}],"wp:term":[{"taxonomy":"product_brand","embeddable":true,"href":"https:\/\/nextsnkr.com\/fi\/wp-json\/wp\/v2\/product_brand?post=851769"},{"taxonomy":"product_cat","embeddable":true,"href":"https:\/\/nextsnkr.com\/fi\/wp-json\/wp\/v2\/product_cat?post=851769"},{"taxonomy":"product_tag","embeddable":true,"href":"https:\/\/nextsnkr.com\/fi\/wp-json\/wp\/v2\/product_tag?post=851769"}],"curies":[{"name":"wp","href":"https:\/\/api.w.org\/{rel}","templated":true}]}}