{"id":848876,"date":"2025-06-11T23:23:23","date_gmt":"2025-06-11T20:23:23","guid":{"rendered":"https:\/\/nextsnkr.com\/product\/miu-miu-white-sneakers\/"},"modified":"2026-01-30T21:52:53","modified_gmt":"2026-01-30T18:52:53","slug":"miu-miu-white-sneakers","status":"publish","type":"product","link":"https:\/\/nextsnkr.com\/fi\/tuote\/miu-miu-white-sneakers\/","title":{"rendered":"Miu Miu valkoiset tennarit-tyylikk\u00e4\u00e4t nahkakeng\u00e4t jokap\u00e4iv\u00e4iseen k\u00e4ytt\u00f6\u00f6n"},"content":{"rendered":"<h2>Miu Miu valkoiset tennarit-tyylikk\u00e4\u00e4t nahkakeng\u00e4t jokap\u00e4iv\u00e4iseen k\u00e4ytt\u00f6\u00f6n<\/h2>\n<p>Miu Miu Valkoinen Lenkkarit tehd\u00e4\u00e4n laadukkaita nahka, joka tarjoaa mukavuutta, kest\u00e4vyys ja tyylik\u00e4s ulkoasu. Niiden valkoinen muotoilu on monipuolinen ja helppo yhdist\u00e4\u00e4 mihin tahansa tyyliin, rento urheilullinen. Ihanteellinen arkik\u00e4ytt\u00f6\u00f6n, n\u00e4m\u00e4 lenkkarit yhdist\u00e4\u00e4 premium-laatu Miu Miu-br\u00e4ndi moderni muodikas ilme, joka korostaa tyyli\u00e4si ja persoonallisuutta.<\/p>\n","protected":false},"excerpt":{"rendered":"<p>Miu Miu Valkoinen Lenkkarit tehd\u00e4\u00e4n laadukkaita nahka, joka tarjoaa mukavuutta, kest\u00e4vyys ja tyylik\u00e4s ulkoasu. Niiden valkoinen muotoilu on monipuolinen ja helppo yhdist\u00e4\u00e4 mihin tahansa tyyliin, rento urheilullinen. Ihanteellinen arkik\u00e4ytt\u00f6\u00f6n, n\u00e4m\u00e4 lenkkarit yhdist\u00e4\u00e4 premium-laatu Miu Miu-br\u00e4ndi moderni muodikas ilme, joka korostaa tyyli\u00e4si ja persoonallisuutta.<\/p>\n","protected":false},"featured_media":848877,"comment_status":"open","ping_status":"open","template":"","meta":[],"product_brand":[],"product_cat":[3199,3200],"product_tag":[],"class_list":{"0":"post-848876","1":"product","2":"type-product","3":"status-publish","4":"has-post-thumbnail","6":"product_cat-all-product","7":"product_cat-krosivky","8":"pa_rozmir-910","9":"pa_rozmir-912","10":"pa_rozmir-914","11":"pa_rozmir-915","12":"pa_rozmir-916","13":"pa_rozmir-917","14":"pa_rozmir-918","15":"pa_rozmir-919","16":"pa_rozmir-920","17":"pa_rozmir-921","18":"pa_rozmir-922","20":"first","21":"onbackorder","22":"purchasable","23":"product-type-variable"},"_links":{"self":[{"href":"https:\/\/nextsnkr.com\/fi\/wp-json\/wp\/v2\/product\/848876","targetHints":{"allow":["GET"]}}],"collection":[{"href":"https:\/\/nextsnkr.com\/fi\/wp-json\/wp\/v2\/product"}],"about":[{"href":"https:\/\/nextsnkr.com\/fi\/wp-json\/wp\/v2\/types\/product"}],"replies":[{"embeddable":true,"href":"https:\/\/nextsnkr.com\/fi\/wp-json\/wp\/v2\/comments?post=848876"}],"version-history":[{"count":0,"href":"https:\/\/nextsnkr.com\/fi\/wp-json\/wp\/v2\/product\/848876\/revisions"}],"wp:featuredmedia":[{"embeddable":true,"href":"https:\/\/nextsnkr.com\/fi\/wp-json\/wp\/v2\/media\/848877"}],"wp:attachment":[{"href":"https:\/\/nextsnkr.com\/fi\/wp-json\/wp\/v2\/media?parent=848876"}],"wp:term":[{"taxonomy":"product_brand","embeddable":true,"href":"https:\/\/nextsnkr.com\/fi\/wp-json\/wp\/v2\/product_brand?post=848876"},{"taxonomy":"product_cat","embeddable":true,"href":"https:\/\/nextsnkr.com\/fi\/wp-json\/wp\/v2\/product_cat?post=848876"},{"taxonomy":"product_tag","embeddable":true,"href":"https:\/\/nextsnkr.com\/fi\/wp-json\/wp\/v2\/product_tag?post=848876"}],"curies":[{"name":"wp","href":"https:\/\/api.w.org\/{rel}","templated":true}]}}