{"id":847517,"date":"2025-06-11T23:26:13","date_gmt":"2025-06-11T20:26:13","guid":{"rendered":"https:\/\/nextsnkr.com\/product\/no-brand-boots-black-fur\/"},"modified":"2026-01-30T21:52:07","modified_gmt":"2026-01-30T18:52:07","slug":"no-brand-boots-black-fur","status":"publish","type":"product","link":"https:\/\/nextsnkr.com\/fi\/tuote\/no-brand-boots-black-fur\/","title":{"rendered":"Fendi Sneakers Musta \/ valkoinen-nahka ja mokka, premium style"},"content":{"rendered":"<h2>Fendi Sneakers Musta \/ valkoinen-nahka ja mokka, premium style<\/h2>\n<p>Fendi Sneakers Black \/ White on valmistettu aidon nahan ja mokkanahan yhdistelm\u00e4st\u00e4, joka tarjoaa korkean kest\u00e4vyyden, mukavuuden ja ensiluokkaisen laadun. Kontrastinen mustavalkoinen muotoilu lis\u00e4\u00e4 ilmeeseen moderniutta ja on helppo yhdist\u00e4\u00e4 urbaaniin pukeutumiseen. Malli on suunniteltu p\u00e4ivitt\u00e4iseen k\u00e4ytt\u00f6\u00f6n, tarjoaa mukavuutta koko p\u00e4iv\u00e4n ja korostaa Fendi-br\u00e4ndin asemaa. Valitse n\u00e4m\u00e4 tennarit-tyyli, luotettavuus ja mukavuus jokaisessa vaiheessa.<\/p>\n","protected":false},"excerpt":{"rendered":"<p>Fendi Sneakers Black \/ White on valmistettu aidon nahan ja mokkanahan yhdistelm\u00e4st\u00e4, joka tarjoaa korkean kest\u00e4vyyden, mukavuuden ja ensiluokkaisen laadun. Kontrastinen mustavalkoinen muotoilu lis\u00e4\u00e4 ilmeeseen moderniutta ja on helppo yhdist\u00e4\u00e4 urbaaniin pukeutumiseen. Malli on suunniteltu p\u00e4ivitt\u00e4iseen k\u00e4ytt\u00f6\u00f6n, tarjoaa mukavuutta koko p\u00e4iv\u00e4n ja korostaa Fendi-br\u00e4ndin asemaa. Valitse n\u00e4m\u00e4 tennarit-tyyli, luotettavuus ja mukavuus jokaisessa vaiheessa.<\/p>\n","protected":false},"featured_media":847518,"comment_status":"open","ping_status":"open","template":"","meta":[],"product_brand":[],"product_cat":[3199,3331],"product_tag":[],"class_list":{"0":"post-847517","1":"product","2":"type-product","3":"status-publish","4":"has-post-thumbnail","6":"product_cat-all-product","7":"product_cat-cherevyky","8":"pa_rozmir-910","9":"pa_rozmir-912","10":"pa_rozmir-914","11":"pa_rozmir-915","12":"pa_rozmir-916","13":"pa_rozmir-917","14":"pa_rozmir-918","15":"pa_rozmir-919","16":"pa_rozmir-920","17":"pa_rozmir-921","18":"pa_rozmir-922","20":"first","21":"onbackorder","22":"purchasable","23":"product-type-variable"},"_links":{"self":[{"href":"https:\/\/nextsnkr.com\/fi\/wp-json\/wp\/v2\/product\/847517","targetHints":{"allow":["GET"]}}],"collection":[{"href":"https:\/\/nextsnkr.com\/fi\/wp-json\/wp\/v2\/product"}],"about":[{"href":"https:\/\/nextsnkr.com\/fi\/wp-json\/wp\/v2\/types\/product"}],"replies":[{"embeddable":true,"href":"https:\/\/nextsnkr.com\/fi\/wp-json\/wp\/v2\/comments?post=847517"}],"version-history":[{"count":0,"href":"https:\/\/nextsnkr.com\/fi\/wp-json\/wp\/v2\/product\/847517\/revisions"}],"wp:featuredmedia":[{"embeddable":true,"href":"https:\/\/nextsnkr.com\/fi\/wp-json\/wp\/v2\/media\/847518"}],"wp:attachment":[{"href":"https:\/\/nextsnkr.com\/fi\/wp-json\/wp\/v2\/media?parent=847517"}],"wp:term":[{"taxonomy":"product_brand","embeddable":true,"href":"https:\/\/nextsnkr.com\/fi\/wp-json\/wp\/v2\/product_brand?post=847517"},{"taxonomy":"product_cat","embeddable":true,"href":"https:\/\/nextsnkr.com\/fi\/wp-json\/wp\/v2\/product_cat?post=847517"},{"taxonomy":"product_tag","embeddable":true,"href":"https:\/\/nextsnkr.com\/fi\/wp-json\/wp\/v2\/product_tag?post=847517"}],"curies":[{"name":"wp","href":"https:\/\/api.w.org\/{rel}","templated":true}]}}