{"id":844804,"date":"2025-06-12T08:39:00","date_gmt":"2025-06-12T05:39:00","guid":{"rendered":"https:\/\/nextsnkr.com\/product\/yeezy-350-v2-white-crema\/"},"modified":"2026-01-30T21:50:32","modified_gmt":"2026-01-30T18:50:32","slug":"yeezy-350-v2-white-crema","status":"publish","type":"product","link":"https:\/\/nextsnkr.com\/fi\/tuote\/yeezy-350-v2-white-crema\/","title":{"rendered":"Yeezy 350 V2 valkoiset crema-tekstiililenkkarit tyylikk\u00e4\u00e4seen ilmeeseen"},"content":{"rendered":"<h2>Yeezy 350 V2 valkoiset crema-tekstiililenkkarit tyylikk\u00e4\u00e4seen ilmeeseen<\/h2>\n<p>Yeezy 350 V2 valkoiset crema-tennarit on valmistettu korkealaatuisista tekstiileist\u00e4 Vietnamissa. Kevyet, mukavat ja hengitt\u00e4v\u00e4t, ne tarjoavat mukavuutta koko p\u00e4iv\u00e4n. T\u00e4ydellinen jokap\u00e4iv\u00e4iseen k\u00e4ytt\u00f6\u00f6n ja aktiiviseen el\u00e4m\u00e4ntapaan, korostaen tyyli\u00e4si ja asemaasi. Tilaa alkuper\u00e4inen Yeezy 350 V2 White Crema ja lis\u00e4\u00e4 oma modernin ja tyylikk\u00e4\u00e4n ilmeesi.<\/p>\n","protected":false},"excerpt":{"rendered":"<p>Yeezy 350 V2 valkoiset crema-tennarit on valmistettu korkealaatuisista tekstiileist\u00e4 Vietnamissa. Kevyet, mukavat ja hengitt\u00e4v\u00e4t, ne tarjoavat mukavuutta koko p\u00e4iv\u00e4n. T\u00e4ydellinen jokap\u00e4iv\u00e4iseen k\u00e4ytt\u00f6\u00f6n ja aktiiviseen el\u00e4m\u00e4ntapaan, korostaen tyyli\u00e4si ja asemaasi. Tilaa alkuper\u00e4inen Yeezy 350 V2 White Crema ja lis\u00e4\u00e4 oma modernin ja tyylikk\u00e4\u00e4n ilmeesi.<\/p>\n","protected":false},"featured_media":844805,"comment_status":"open","ping_status":"open","template":"","meta":[],"product_brand":[],"product_cat":[3396,3199,3200],"product_tag":[],"class_list":{"0":"post-844804","1":"product","2":"type-product","3":"status-publish","4":"has-post-thumbnail","6":"product_cat-adidas-yeezy","7":"product_cat-all-product","8":"product_cat-krosivky","9":"pa_rozmir-910","10":"pa_rozmir-912","11":"pa_rozmir-914","12":"pa_rozmir-915","13":"pa_rozmir-916","14":"pa_rozmir-917","15":"pa_rozmir-918","16":"pa_rozmir-919","17":"pa_rozmir-920","18":"pa_rozmir-921","19":"pa_rozmir-922","21":"first","22":"onbackorder","23":"purchasable","24":"product-type-variable"},"_links":{"self":[{"href":"https:\/\/nextsnkr.com\/fi\/wp-json\/wp\/v2\/product\/844804","targetHints":{"allow":["GET"]}}],"collection":[{"href":"https:\/\/nextsnkr.com\/fi\/wp-json\/wp\/v2\/product"}],"about":[{"href":"https:\/\/nextsnkr.com\/fi\/wp-json\/wp\/v2\/types\/product"}],"replies":[{"embeddable":true,"href":"https:\/\/nextsnkr.com\/fi\/wp-json\/wp\/v2\/comments?post=844804"}],"version-history":[{"count":0,"href":"https:\/\/nextsnkr.com\/fi\/wp-json\/wp\/v2\/product\/844804\/revisions"}],"wp:featuredmedia":[{"embeddable":true,"href":"https:\/\/nextsnkr.com\/fi\/wp-json\/wp\/v2\/media\/844805"}],"wp:attachment":[{"href":"https:\/\/nextsnkr.com\/fi\/wp-json\/wp\/v2\/media?parent=844804"}],"wp:term":[{"taxonomy":"product_brand","embeddable":true,"href":"https:\/\/nextsnkr.com\/fi\/wp-json\/wp\/v2\/product_brand?post=844804"},{"taxonomy":"product_cat","embeddable":true,"href":"https:\/\/nextsnkr.com\/fi\/wp-json\/wp\/v2\/product_cat?post=844804"},{"taxonomy":"product_tag","embeddable":true,"href":"https:\/\/nextsnkr.com\/fi\/wp-json\/wp\/v2\/product_tag?post=844804"}],"curies":[{"name":"wp","href":"https:\/\/api.w.org\/{rel}","templated":true}]}}