{"id":843108,"date":"2025-06-12T08:43:45","date_gmt":"2025-06-12T05:43:45","guid":{"rendered":"https:\/\/nextsnkr.com\/product\/samba-x-wales-bonner-pony-scales\/"},"modified":"2026-01-30T21:49:39","modified_gmt":"2026-01-30T18:49:39","slug":"samba-x-wales-bonner-pony-scales","status":"publish","type":"product","link":"https:\/\/nextsnkr.com\/fi\/tuote\/samba-x-wales-bonner-pony-scales\/","title":{"rendered":"Samba x Wales Bonner Pony &#8221;Scales&#8221; nahkaiset tennarit tyylikk\u00e4\u00e4seen ilmeeseen"},"content":{"rendered":"<h2>Samba x Wales Bonner Pony &#8221;Scales&#8221; nahkaiset tennarit tyylikk\u00e4\u00e4seen ilmeeseen<\/h2>\n<p>Samba x Wales Bonner Pony&#8221; Scales &#8221; -lenkkarit on valmistettu laadukkaasta nahasta Vietnamissa. Tyylik\u00e4s &#8221;Scales&#8221; &#8211; painatus korostaa yksil\u00f6llisyytt\u00e4 ja modernia ilmett\u00e4. Kevyet ja mukavat, ne tarjoavat mukavuutta jokap\u00e4iv\u00e4iseen k\u00e4ytt\u00f6\u00f6n ja ulkoiluun. Valitse Samba x Wales Bonner Pony &#8221;Scales&#8221; &#8211; lenkkarit yhdist\u00e4\u00e4ksesi Muodin, laadun ja ainutlaatuisen tyylin vaatekaappiisi.<\/p>\n","protected":false},"excerpt":{"rendered":"<p>Samba x Wales Bonner Pony&#8221; Scales &#8221; -lenkkarit on valmistettu laadukkaasta nahasta Vietnamissa. Tyylik\u00e4s &#8221;Scales&#8221; &#8211; painatus korostaa yksil\u00f6llisyytt\u00e4 ja modernia ilmett\u00e4. Kevyet ja mukavat, ne tarjoavat mukavuutta jokap\u00e4iv\u00e4iseen k\u00e4ytt\u00f6\u00f6n ja ulkoiluun. Valitse Samba x Wales Bonner Pony &#8221;Scales&#8221; &#8211; lenkkarit yhdist\u00e4\u00e4ksesi Muodin, laadun ja ainutlaatuisen tyylin vaatekaappiisi.<\/p>\n","protected":false},"featured_media":843109,"comment_status":"open","ping_status":"open","template":"","meta":[],"product_brand":[],"product_cat":[3199,3318],"product_tag":[],"class_list":{"0":"post-843108","1":"product","2":"type-product","3":"status-publish","4":"has-post-thumbnail","6":"product_cat-all-product","7":"product_cat-kedy","8":"pa_rozmir-910","9":"pa_rozmir-912","10":"pa_rozmir-914","11":"pa_rozmir-915","12":"pa_rozmir-916","13":"pa_rozmir-917","14":"pa_rozmir-918","15":"pa_rozmir-919","16":"pa_rozmir-920","17":"pa_rozmir-921","18":"pa_rozmir-922","20":"first","21":"instock","22":"purchasable","23":"product-type-variable"},"_links":{"self":[{"href":"https:\/\/nextsnkr.com\/fi\/wp-json\/wp\/v2\/product\/843108","targetHints":{"allow":["GET"]}}],"collection":[{"href":"https:\/\/nextsnkr.com\/fi\/wp-json\/wp\/v2\/product"}],"about":[{"href":"https:\/\/nextsnkr.com\/fi\/wp-json\/wp\/v2\/types\/product"}],"replies":[{"embeddable":true,"href":"https:\/\/nextsnkr.com\/fi\/wp-json\/wp\/v2\/comments?post=843108"}],"version-history":[{"count":0,"href":"https:\/\/nextsnkr.com\/fi\/wp-json\/wp\/v2\/product\/843108\/revisions"}],"wp:featuredmedia":[{"embeddable":true,"href":"https:\/\/nextsnkr.com\/fi\/wp-json\/wp\/v2\/media\/843109"}],"wp:attachment":[{"href":"https:\/\/nextsnkr.com\/fi\/wp-json\/wp\/v2\/media?parent=843108"}],"wp:term":[{"taxonomy":"product_brand","embeddable":true,"href":"https:\/\/nextsnkr.com\/fi\/wp-json\/wp\/v2\/product_brand?post=843108"},{"taxonomy":"product_cat","embeddable":true,"href":"https:\/\/nextsnkr.com\/fi\/wp-json\/wp\/v2\/product_cat?post=843108"},{"taxonomy":"product_tag","embeddable":true,"href":"https:\/\/nextsnkr.com\/fi\/wp-json\/wp\/v2\/product_tag?post=843108"}],"curies":[{"name":"wp","href":"https:\/\/api.w.org\/{rel}","templated":true}]}}