{"id":842938,"date":"2025-06-12T08:44:23","date_gmt":"2025-06-12T05:44:23","guid":{"rendered":"https:\/\/nextsnkr.com\/product\/adidas-gazelle-indoor-collegiate-green\/"},"modified":"2026-01-30T21:49:35","modified_gmt":"2026-01-30T18:49:35","slug":"adidas-gazelle-indoor-collegiate-green","status":"publish","type":"product","link":"https:\/\/nextsnkr.com\/fi\/tuote\/adidas-gazelle-indoor-collegiate-green\/","title":{"rendered":"Adidas Gazelle Indoor Collegiate vihre\u00e4t mokkanahkaiset tennarit tyyliin"},"content":{"rendered":"<h2>Adidas Gazelle Indoor Collegiate vihre\u00e4t mokkanahkaiset tennarit tyyliin<\/h2>\n<p>Adidas Gazelle &#8221;Indoor Collegiate Green&#8221; &#8211; tennarit on valmistettu korkealaatuisesta mokkanahasta Vietnamissa. Kevyet ja mukavat, ne tarjoavat mukavuutta jokap\u00e4iv\u00e4iseen k\u00e4ytt\u00f6\u00f6n ja ulkoiluun. Tyylik\u00e4s vihre\u00e4 v\u00e4ri lis\u00e4\u00e4 raikkautta ja persoonallisuutta ilmeeseesi. Valitse Adidas Gazelle Indoor Collegiate vihre\u00e4t lenkkarit, joissa yhdistyv\u00e4t muodikas muotoilu, laatu ja mukavuus vaatekaapissasi.<\/p>\n","protected":false},"excerpt":{"rendered":"<p>Adidas Gazelle &#8221;Indoor Collegiate Green&#8221; &#8211; tennarit on valmistettu korkealaatuisesta mokkanahasta Vietnamissa. Kevyet ja mukavat, ne tarjoavat mukavuutta jokap\u00e4iv\u00e4iseen k\u00e4ytt\u00f6\u00f6n ja ulkoiluun. Tyylik\u00e4s vihre\u00e4 v\u00e4ri lis\u00e4\u00e4 raikkautta ja persoonallisuutta ilmeeseesi. Valitse Adidas Gazelle Indoor Collegiate vihre\u00e4t lenkkarit, joissa yhdistyv\u00e4t muodikas muotoilu, laatu ja mukavuus vaatekaapissasi.<\/p>\n","protected":false},"featured_media":842939,"comment_status":"open","ping_status":"open","template":"","meta":[],"product_brand":[],"product_cat":[3199,3318],"product_tag":[],"class_list":{"0":"post-842938","1":"product","2":"type-product","3":"status-publish","4":"has-post-thumbnail","6":"product_cat-all-product","7":"product_cat-kedy","8":"pa_rozmir-910","9":"pa_rozmir-912","10":"pa_rozmir-914","11":"pa_rozmir-915","12":"pa_rozmir-916","13":"pa_rozmir-917","14":"pa_rozmir-918","15":"pa_rozmir-919","16":"pa_rozmir-920","17":"pa_rozmir-921","18":"pa_rozmir-922","20":"first","21":"instock","22":"purchasable","23":"product-type-variable"},"_links":{"self":[{"href":"https:\/\/nextsnkr.com\/fi\/wp-json\/wp\/v2\/product\/842938","targetHints":{"allow":["GET"]}}],"collection":[{"href":"https:\/\/nextsnkr.com\/fi\/wp-json\/wp\/v2\/product"}],"about":[{"href":"https:\/\/nextsnkr.com\/fi\/wp-json\/wp\/v2\/types\/product"}],"replies":[{"embeddable":true,"href":"https:\/\/nextsnkr.com\/fi\/wp-json\/wp\/v2\/comments?post=842938"}],"version-history":[{"count":0,"href":"https:\/\/nextsnkr.com\/fi\/wp-json\/wp\/v2\/product\/842938\/revisions"}],"wp:featuredmedia":[{"embeddable":true,"href":"https:\/\/nextsnkr.com\/fi\/wp-json\/wp\/v2\/media\/842939"}],"wp:attachment":[{"href":"https:\/\/nextsnkr.com\/fi\/wp-json\/wp\/v2\/media?parent=842938"}],"wp:term":[{"taxonomy":"product_brand","embeddable":true,"href":"https:\/\/nextsnkr.com\/fi\/wp-json\/wp\/v2\/product_brand?post=842938"},{"taxonomy":"product_cat","embeddable":true,"href":"https:\/\/nextsnkr.com\/fi\/wp-json\/wp\/v2\/product_cat?post=842938"},{"taxonomy":"product_tag","embeddable":true,"href":"https:\/\/nextsnkr.com\/fi\/wp-json\/wp\/v2\/product_tag?post=842938"}],"curies":[{"name":"wp","href":"https:\/\/api.w.org\/{rel}","templated":true}]}}