{"id":842090,"date":"2025-06-12T08:47:01","date_gmt":"2025-06-12T05:47:01","guid":{"rendered":"https:\/\/nextsnkr.com\/product\/adidas-campus-00s-salmon-pink\/"},"modified":"2026-01-30T21:49:14","modified_gmt":"2026-01-30T18:49:14","slug":"adidas-campus-00s-salmon-pink","status":"publish","type":"product","link":"https:\/\/nextsnkr.com\/fi\/tuote\/adidas-campus-00s-salmon-pink\/","title":{"rendered":"Adidas Campus 00s lohi vaaleanpunaiset mokkanahkaiset tennarit tyylikk\u00e4\u00e4seen ilmeeseen"},"content":{"rendered":"<h2>Adidas Campus 00s lohi vaaleanpunaiset mokkanahkaiset tennarit tyylikk\u00e4\u00e4seen ilmeeseen<\/h2>\n<p>Adidas Campus 00s Salmon Pink tennarit on valmistettu laadukkaasta mokkanahasta Vietnamissa. Kevyet ja mukavat, ne tarjoavat mukavuutta jokap\u00e4iv\u00e4iseen k\u00e4ytt\u00f6\u00f6n ja ulkoiluun. Kirkas lohens\u00e4vy lis\u00e4\u00e4 raikkautta ja persoonallisuutta tyyliisi. Valitse Adidas Campus 00s Lohenpunaiset tennarit, joissa yhdistyv\u00e4t muodikas muotoilu, laatu ja mukavuus vaatekaapissasi.<\/p>\n","protected":false},"excerpt":{"rendered":"<p>Adidas Campus 00s Salmon Pink tennarit on valmistettu laadukkaasta mokkanahasta Vietnamissa. Kevyet ja mukavat, ne tarjoavat mukavuutta jokap\u00e4iv\u00e4iseen k\u00e4ytt\u00f6\u00f6n ja ulkoiluun. Kirkas lohens\u00e4vy lis\u00e4\u00e4 raikkautta ja persoonallisuutta tyyliisi. Valitse Adidas Campus 00s Lohenpunaiset tennarit, joissa yhdistyv\u00e4t muodikas muotoilu, laatu ja mukavuus vaatekaapissasi.<\/p>\n","protected":false},"featured_media":842091,"comment_status":"open","ping_status":"open","template":"","meta":[],"product_brand":[],"product_cat":[3199,3318],"product_tag":[],"class_list":{"0":"post-842090","1":"product","2":"type-product","3":"status-publish","4":"has-post-thumbnail","6":"product_cat-all-product","7":"product_cat-kedy","8":"pa_rozmir-910","9":"pa_rozmir-912","10":"pa_rozmir-914","11":"pa_rozmir-915","12":"pa_rozmir-916","13":"pa_rozmir-917","14":"pa_rozmir-918","15":"pa_rozmir-919","16":"pa_rozmir-920","17":"pa_rozmir-921","18":"pa_rozmir-922","20":"first","21":"onbackorder","22":"purchasable","23":"product-type-variable"},"_links":{"self":[{"href":"https:\/\/nextsnkr.com\/fi\/wp-json\/wp\/v2\/product\/842090","targetHints":{"allow":["GET"]}}],"collection":[{"href":"https:\/\/nextsnkr.com\/fi\/wp-json\/wp\/v2\/product"}],"about":[{"href":"https:\/\/nextsnkr.com\/fi\/wp-json\/wp\/v2\/types\/product"}],"replies":[{"embeddable":true,"href":"https:\/\/nextsnkr.com\/fi\/wp-json\/wp\/v2\/comments?post=842090"}],"version-history":[{"count":0,"href":"https:\/\/nextsnkr.com\/fi\/wp-json\/wp\/v2\/product\/842090\/revisions"}],"wp:featuredmedia":[{"embeddable":true,"href":"https:\/\/nextsnkr.com\/fi\/wp-json\/wp\/v2\/media\/842091"}],"wp:attachment":[{"href":"https:\/\/nextsnkr.com\/fi\/wp-json\/wp\/v2\/media?parent=842090"}],"wp:term":[{"taxonomy":"product_brand","embeddable":true,"href":"https:\/\/nextsnkr.com\/fi\/wp-json\/wp\/v2\/product_brand?post=842090"},{"taxonomy":"product_cat","embeddable":true,"href":"https:\/\/nextsnkr.com\/fi\/wp-json\/wp\/v2\/product_cat?post=842090"},{"taxonomy":"product_tag","embeddable":true,"href":"https:\/\/nextsnkr.com\/fi\/wp-json\/wp\/v2\/product_tag?post=842090"}],"curies":[{"name":"wp","href":"https:\/\/api.w.org\/{rel}","templated":true}]}}