{"id":841580,"date":"2025-06-12T08:48:42","date_gmt":"2025-06-12T05:48:42","guid":{"rendered":"https:\/\/nextsnkr.com\/product\/adidas-gazelle-x-gucci-red-white\/"},"modified":"2026-01-30T21:48:51","modified_gmt":"2026-01-30T18:48:51","slug":"adidas-gazelle-x-gucci-red-white","status":"publish","type":"product","link":"https:\/\/nextsnkr.com\/fi\/tuote\/adidas-gazelle-x-gucci-red-white\/","title":{"rendered":"Adidas Gazelle x Gucci punaiset \/ valkoiset mokkanahkaiset tennarit tyylikk\u00e4\u00e4seen ilmeeseen"},"content":{"rendered":"<h2>Adidas Gazelle x Gucci punaiset \/ valkoiset mokkanahkaiset tennarit tyylikk\u00e4\u00e4seen ilmeeseen<\/h2>\n<p>Adidas Gazelle x Guccin punaiset \/ valkoiset tennarit on valmistettu korkealaatuisesta mokkanahasta Vietnamissa. Kevyet ja mukavat, ne tarjoavat mukavuutta jokap\u00e4iv\u00e4iseen k\u00e4ytt\u00f6\u00f6n ja ulkoiluun. Punaisen ja valkoisen v\u00e4rin eloisa yhdistelm\u00e4 lis\u00e4\u00e4 persoonallisuutta ja modernia ilmett\u00e4. Valitse Adidas Gazelle x Gucci punainen \/ valkoinen lenkkarit, joissa yhdistyv\u00e4t muodikas muotoilu, korkea laatu ja tyyli vaatekaapissasi.<\/p>\n","protected":false},"excerpt":{"rendered":"<p>Adidas Gazelle x Guccin punaiset \/ valkoiset tennarit on valmistettu korkealaatuisesta mokkanahasta Vietnamissa. Kevyet ja mukavat, ne tarjoavat mukavuutta jokap\u00e4iv\u00e4iseen k\u00e4ytt\u00f6\u00f6n ja ulkoiluun. Punaisen ja valkoisen v\u00e4rin eloisa yhdistelm\u00e4 lis\u00e4\u00e4 persoonallisuutta ja modernia ilmett\u00e4. Valitse Adidas Gazelle x Gucci punainen \/ valkoinen lenkkarit, joissa yhdistyv\u00e4t muodikas muotoilu, korkea laatu ja tyyli vaatekaapissasi.<\/p>\n","protected":false},"featured_media":841581,"comment_status":"open","ping_status":"open","template":"","meta":[],"product_brand":[],"product_cat":[3199,3318],"product_tag":[],"class_list":{"0":"post-841580","1":"product","2":"type-product","3":"status-publish","4":"has-post-thumbnail","6":"product_cat-all-product","7":"product_cat-kedy","8":"pa_rozmir-910","9":"pa_rozmir-912","10":"pa_rozmir-914","11":"pa_rozmir-915","12":"pa_rozmir-916","13":"pa_rozmir-917","14":"pa_rozmir-918","15":"pa_rozmir-919","16":"pa_rozmir-920","17":"pa_rozmir-921","18":"pa_rozmir-922","20":"first","21":"onbackorder","22":"purchasable","23":"product-type-variable"},"_links":{"self":[{"href":"https:\/\/nextsnkr.com\/fi\/wp-json\/wp\/v2\/product\/841580","targetHints":{"allow":["GET"]}}],"collection":[{"href":"https:\/\/nextsnkr.com\/fi\/wp-json\/wp\/v2\/product"}],"about":[{"href":"https:\/\/nextsnkr.com\/fi\/wp-json\/wp\/v2\/types\/product"}],"replies":[{"embeddable":true,"href":"https:\/\/nextsnkr.com\/fi\/wp-json\/wp\/v2\/comments?post=841580"}],"version-history":[{"count":0,"href":"https:\/\/nextsnkr.com\/fi\/wp-json\/wp\/v2\/product\/841580\/revisions"}],"wp:featuredmedia":[{"embeddable":true,"href":"https:\/\/nextsnkr.com\/fi\/wp-json\/wp\/v2\/media\/841581"}],"wp:attachment":[{"href":"https:\/\/nextsnkr.com\/fi\/wp-json\/wp\/v2\/media?parent=841580"}],"wp:term":[{"taxonomy":"product_brand","embeddable":true,"href":"https:\/\/nextsnkr.com\/fi\/wp-json\/wp\/v2\/product_brand?post=841580"},{"taxonomy":"product_cat","embeddable":true,"href":"https:\/\/nextsnkr.com\/fi\/wp-json\/wp\/v2\/product_cat?post=841580"},{"taxonomy":"product_tag","embeddable":true,"href":"https:\/\/nextsnkr.com\/fi\/wp-json\/wp\/v2\/product_tag?post=841580"}],"curies":[{"name":"wp","href":"https:\/\/api.w.org\/{rel}","templated":true}]}}