{"id":841070,"date":"2025-06-12T08:49:48","date_gmt":"2025-06-12T05:49:48","guid":{"rendered":"https:\/\/nextsnkr.com\/product\/adidas-samba-wales-bonner-land-of-wood-and-water\/"},"modified":"2026-01-30T21:48:37","modified_gmt":"2026-01-30T18:48:37","slug":"adidas-samba-wales-bonner-land-of-wood-and-water","status":"publish","type":"product","link":"https:\/\/nextsnkr.com\/fi\/tuote\/adidas-samba-wales-bonner-land-of-wood-and-water\/","title":{"rendered":"Adidas Samba Wales Bonner Land of Wood and Water nahka lenkkarit"},"content":{"rendered":"<h2>Adidas Samba Wales Bonner Land of Wood and Water nahka lenkkarit<\/h2>\n<p>Adidas Samba Wales Bonner&#8221; Land of Wood and Water &#8221; -lenkkarit on valmistettu korkealaatuisesta nahasta Vietnamissa. Kevyet ja mukavat, ne tarjoavat mukavuutta jokap\u00e4iv\u00e4iseen k\u00e4ytt\u00f6\u00f6n ja ulkoiluun. Ainutlaatuinen muotoilu teemalla korostaa persoonallisuutta ja tyyli\u00e4. Valitse Adidas Samba Wales Bonner tennarit, joissa yhdistyv\u00e4t muodikas muotoilu, laatu ja k\u00e4yt\u00e4nn\u00f6llisyys vaatekaapissasi.<\/p>\n","protected":false},"excerpt":{"rendered":"<p>Adidas Samba Wales Bonner&#8221; Land of Wood and Water &#8221; -lenkkarit on valmistettu korkealaatuisesta nahasta Vietnamissa. Kevyet ja mukavat, ne tarjoavat mukavuutta jokap\u00e4iv\u00e4iseen k\u00e4ytt\u00f6\u00f6n ja ulkoiluun. Ainutlaatuinen muotoilu teemalla korostaa persoonallisuutta ja tyyli\u00e4. Valitse Adidas Samba Wales Bonner tennarit, joissa yhdistyv\u00e4t muodikas muotoilu, laatu ja k\u00e4yt\u00e4nn\u00f6llisyys vaatekaapissasi.<\/p>\n","protected":false},"featured_media":841071,"comment_status":"open","ping_status":"open","template":"","meta":[],"product_brand":[],"product_cat":[3199,3318],"product_tag":[],"class_list":{"0":"post-841070","1":"product","2":"type-product","3":"status-publish","4":"has-post-thumbnail","6":"product_cat-all-product","7":"product_cat-kedy","8":"pa_rozmir-910","9":"pa_rozmir-912","10":"pa_rozmir-914","11":"pa_rozmir-915","12":"pa_rozmir-916","13":"pa_rozmir-917","14":"pa_rozmir-918","15":"pa_rozmir-919","16":"pa_rozmir-920","17":"pa_rozmir-921","18":"pa_rozmir-922","20":"first","21":"onbackorder","22":"purchasable","23":"product-type-variable"},"_links":{"self":[{"href":"https:\/\/nextsnkr.com\/fi\/wp-json\/wp\/v2\/product\/841070","targetHints":{"allow":["GET"]}}],"collection":[{"href":"https:\/\/nextsnkr.com\/fi\/wp-json\/wp\/v2\/product"}],"about":[{"href":"https:\/\/nextsnkr.com\/fi\/wp-json\/wp\/v2\/types\/product"}],"replies":[{"embeddable":true,"href":"https:\/\/nextsnkr.com\/fi\/wp-json\/wp\/v2\/comments?post=841070"}],"version-history":[{"count":0,"href":"https:\/\/nextsnkr.com\/fi\/wp-json\/wp\/v2\/product\/841070\/revisions"}],"wp:featuredmedia":[{"embeddable":true,"href":"https:\/\/nextsnkr.com\/fi\/wp-json\/wp\/v2\/media\/841071"}],"wp:attachment":[{"href":"https:\/\/nextsnkr.com\/fi\/wp-json\/wp\/v2\/media?parent=841070"}],"wp:term":[{"taxonomy":"product_brand","embeddable":true,"href":"https:\/\/nextsnkr.com\/fi\/wp-json\/wp\/v2\/product_brand?post=841070"},{"taxonomy":"product_cat","embeddable":true,"href":"https:\/\/nextsnkr.com\/fi\/wp-json\/wp\/v2\/product_cat?post=841070"},{"taxonomy":"product_tag","embeddable":true,"href":"https:\/\/nextsnkr.com\/fi\/wp-json\/wp\/v2\/product_tag?post=841070"}],"curies":[{"name":"wp","href":"https:\/\/api.w.org\/{rel}","templated":true}]}}