{"id":839883,"date":"2025-06-12T08:53:51","date_gmt":"2025-06-12T05:53:51","guid":{"rendered":"https:\/\/nextsnkr.com\/product\/shox-tl-black-grey\/"},"modified":"2026-01-30T21:47:55","modified_gmt":"2026-01-30T18:47:55","slug":"shox-tl-black-grey","status":"publish","type":"product","link":"https:\/\/nextsnkr.com\/fi\/tuote\/shox-tl-black-grey\/","title":{"rendered":"Shox TL Mustat \/ Harmaat tekstiililenkkarit urheiluun ja p\u00e4ivitt\u00e4iseen k\u00e4ytt\u00f6\u00f6n"},"content":{"rendered":"<h2>Shox TL Mustat \/ Harmaat tekstiililenkkarit urheiluun ja p\u00e4ivitt\u00e4iseen k\u00e4ytt\u00f6\u00f6n<\/h2>\n<p>Shox TL mustat \/ harmaat tennarit on valmistettu Vietnamissa valmistetusta kest\u00e4v\u00e4st\u00e4 tekstiilist\u00e4, jossa yhdistyv\u00e4t tyylik\u00e4s muotoilu ja mukavuus. Kevyt muotoilu tarjoaa mukavuutta harjoittelun ja p\u00e4ivitt\u00e4isen k\u00e4yt\u00f6n aikana, ja musta ja harmaa v\u00e4rikorostus lis\u00e4\u00e4 ilmeeseen nykyaikaisuutta ja dynaamisuutta. Valitse Shox TL mustat \/ harmaat tennarit, joissa yhdistyv\u00e4t korkea laatu, luotettavuus ja muodikas tyyli vaatekaapissasi.<\/p>\n","protected":false},"excerpt":{"rendered":"<p>Shox TL mustat \/ harmaat tennarit on valmistettu Vietnamissa valmistetusta kest\u00e4v\u00e4st\u00e4 tekstiilist\u00e4, jossa yhdistyv\u00e4t tyylik\u00e4s muotoilu ja mukavuus. Kevyt muotoilu tarjoaa mukavuutta harjoittelun ja p\u00e4ivitt\u00e4isen k\u00e4yt\u00f6n aikana, ja musta ja harmaa v\u00e4rikorostus lis\u00e4\u00e4 ilmeeseen nykyaikaisuutta ja dynaamisuutta. Valitse Shox TL mustat \/ harmaat tennarit, joissa yhdistyv\u00e4t korkea laatu, luotettavuus ja muodikas tyyli vaatekaapissasi.<\/p>\n","protected":false},"featured_media":839884,"comment_status":"open","ping_status":"open","template":"","meta":[],"product_brand":[],"product_cat":[3199,3200],"product_tag":[],"class_list":{"0":"post-839883","1":"product","2":"type-product","3":"status-publish","4":"has-post-thumbnail","6":"product_cat-all-product","7":"product_cat-krosivky","8":"pa_rozmir-910","9":"pa_rozmir-912","10":"pa_rozmir-914","11":"pa_rozmir-915","12":"pa_rozmir-916","13":"pa_rozmir-917","14":"pa_rozmir-918","15":"pa_rozmir-919","16":"pa_rozmir-920","17":"pa_rozmir-921","18":"pa_rozmir-922","20":"first","21":"onbackorder","22":"purchasable","23":"product-type-variable"},"_links":{"self":[{"href":"https:\/\/nextsnkr.com\/fi\/wp-json\/wp\/v2\/product\/839883","targetHints":{"allow":["GET"]}}],"collection":[{"href":"https:\/\/nextsnkr.com\/fi\/wp-json\/wp\/v2\/product"}],"about":[{"href":"https:\/\/nextsnkr.com\/fi\/wp-json\/wp\/v2\/types\/product"}],"replies":[{"embeddable":true,"href":"https:\/\/nextsnkr.com\/fi\/wp-json\/wp\/v2\/comments?post=839883"}],"version-history":[{"count":0,"href":"https:\/\/nextsnkr.com\/fi\/wp-json\/wp\/v2\/product\/839883\/revisions"}],"wp:featuredmedia":[{"embeddable":true,"href":"https:\/\/nextsnkr.com\/fi\/wp-json\/wp\/v2\/media\/839884"}],"wp:attachment":[{"href":"https:\/\/nextsnkr.com\/fi\/wp-json\/wp\/v2\/media?parent=839883"}],"wp:term":[{"taxonomy":"product_brand","embeddable":true,"href":"https:\/\/nextsnkr.com\/fi\/wp-json\/wp\/v2\/product_brand?post=839883"},{"taxonomy":"product_cat","embeddable":true,"href":"https:\/\/nextsnkr.com\/fi\/wp-json\/wp\/v2\/product_cat?post=839883"},{"taxonomy":"product_tag","embeddable":true,"href":"https:\/\/nextsnkr.com\/fi\/wp-json\/wp\/v2\/product_tag?post=839883"}],"curies":[{"name":"wp","href":"https:\/\/api.w.org\/{rel}","templated":true}]}}