{"id":838852,"date":"2025-06-12T08:57:12","date_gmt":"2025-06-12T05:57:12","guid":{"rendered":"https:\/\/nextsnkr.com\/product\/shox-tl-silver\/"},"modified":"2026-01-30T21:47:28","modified_gmt":"2026-01-30T18:47:28","slug":"shox-tl-silver","status":"publish","type":"product","link":"https:\/\/nextsnkr.com\/fi\/tuote\/shox-tl-silver\/","title":{"rendered":"Shox TL hopeiset tekstiililenkkarit urheiluun ja jokap\u00e4iv\u00e4iseen k\u00e4ytt\u00f6\u00f6n"},"content":{"rendered":"<h2>Shox TL hopeiset tekstiililenkkarit urheiluun ja jokap\u00e4iv\u00e4iseen k\u00e4ytt\u00f6\u00f6n<\/h2>\n<p>Shox TL Silver-tennarit on valmistettu kest\u00e4v\u00e4st\u00e4 tekstiilist\u00e4, joka on valmistettu Vietnamissa. Kevyt rakenne ja pehmustettu ulkopohja tarjoavat mukavuutta ja tukea ulkoiluun ja p\u00e4ivitt\u00e4iseen k\u00e4ytt\u00f6\u00f6n. Hopeanv\u00e4rinen v\u00e4ri lis\u00e4\u00e4 modernia ilmett\u00e4 ja monipuolisuutta mihin tahansa ilmeeseen. Valitse Shox TL Silver-tennarit, joissa yhdistyv\u00e4t tyylik\u00e4s muotoilu, korkea laatu ja k\u00e4yt\u00e4nn\u00f6llisyys vaatekaapissasi.<\/p>\n","protected":false},"excerpt":{"rendered":"<p>Shox TL Silver-tennarit on valmistettu kest\u00e4v\u00e4st\u00e4 tekstiilist\u00e4, joka on valmistettu Vietnamissa. Kevyt rakenne ja pehmustettu ulkopohja tarjoavat mukavuutta ja tukea ulkoiluun ja p\u00e4ivitt\u00e4iseen k\u00e4ytt\u00f6\u00f6n. Hopeanv\u00e4rinen v\u00e4ri lis\u00e4\u00e4 modernia ilmett\u00e4 ja monipuolisuutta mihin tahansa ilmeeseen. Valitse Shox TL Silver-tennarit, joissa yhdistyv\u00e4t tyylik\u00e4s muotoilu, korkea laatu ja k\u00e4yt\u00e4nn\u00f6llisyys vaatekaapissasi.<\/p>\n","protected":false},"featured_media":838853,"comment_status":"open","ping_status":"open","template":"","meta":[],"product_brand":[],"product_cat":[3199,3200],"product_tag":[],"class_list":{"0":"post-838852","1":"product","2":"type-product","3":"status-publish","4":"has-post-thumbnail","6":"product_cat-all-product","7":"product_cat-krosivky","8":"pa_rozmir-910","9":"pa_rozmir-912","10":"pa_rozmir-914","11":"pa_rozmir-915","12":"pa_rozmir-916","13":"pa_rozmir-917","14":"pa_rozmir-918","15":"pa_rozmir-919","16":"pa_rozmir-920","17":"pa_rozmir-921","18":"pa_rozmir-922","20":"first","21":"onbackorder","22":"purchasable","23":"product-type-variable"},"_links":{"self":[{"href":"https:\/\/nextsnkr.com\/fi\/wp-json\/wp\/v2\/product\/838852","targetHints":{"allow":["GET"]}}],"collection":[{"href":"https:\/\/nextsnkr.com\/fi\/wp-json\/wp\/v2\/product"}],"about":[{"href":"https:\/\/nextsnkr.com\/fi\/wp-json\/wp\/v2\/types\/product"}],"replies":[{"embeddable":true,"href":"https:\/\/nextsnkr.com\/fi\/wp-json\/wp\/v2\/comments?post=838852"}],"version-history":[{"count":0,"href":"https:\/\/nextsnkr.com\/fi\/wp-json\/wp\/v2\/product\/838852\/revisions"}],"wp:featuredmedia":[{"embeddable":true,"href":"https:\/\/nextsnkr.com\/fi\/wp-json\/wp\/v2\/media\/838853"}],"wp:attachment":[{"href":"https:\/\/nextsnkr.com\/fi\/wp-json\/wp\/v2\/media?parent=838852"}],"wp:term":[{"taxonomy":"product_brand","embeddable":true,"href":"https:\/\/nextsnkr.com\/fi\/wp-json\/wp\/v2\/product_brand?post=838852"},{"taxonomy":"product_cat","embeddable":true,"href":"https:\/\/nextsnkr.com\/fi\/wp-json\/wp\/v2\/product_cat?post=838852"},{"taxonomy":"product_tag","embeddable":true,"href":"https:\/\/nextsnkr.com\/fi\/wp-json\/wp\/v2\/product_tag?post=838852"}],"curies":[{"name":"wp","href":"https:\/\/api.w.org\/{rel}","templated":true}]}}