{"id":836303,"date":"2025-06-12T09:06:05","date_gmt":"2025-06-12T06:06:05","guid":{"rendered":"https:\/\/nextsnkr.com\/product\/3xl-silver-beige-premium\/"},"modified":"2026-01-30T21:45:58","modified_gmt":"2026-01-30T18:45:58","slug":"3xl-silver-beige-premium","status":"publish","type":"product","link":"https:\/\/nextsnkr.com\/fi\/tuote\/3xl-silver-beige-premium\/","title":{"rendered":"3XL hopean beiget Premium &#8211; tekstiililenkkarit urheiluun ja p\u00e4ivitt\u00e4iseen k\u00e4ytt\u00f6\u00f6n"},"content":{"rendered":"<h2>3XL hopean beiget Premium &#8211; tekstiililenkkarit urheiluun ja p\u00e4ivitt\u00e4iseen k\u00e4ytt\u00f6\u00f6n<\/h2>\n<p>3XL HOPEANBEIGET Premium-lenkkarit on valmistettu korkealaatuisista tekstiileist\u00e4, mik\u00e4 tarjoaa mukavuutta ja keveytt\u00e4 jokaisella askeleella. Moderni hopea ja beige muotoilu lis\u00e4\u00e4 tyylikk\u00e4\u00e4n korostuksen urheilulliseen tai rentoon ilmeeseesi. Malli on ihanteellinen harjoitteluun, ulkoiluun ja p\u00e4ivitt\u00e4iseen k\u00e4ytt\u00f6\u00f6n. Kiinalainen valmistaja takaa lenkkareiden luotettavuuden ja kest\u00e4vyyden ja motivoi sinua ostamaan ne t\u00e4n\u00e4\u00e4n.<\/p>\n","protected":false},"excerpt":{"rendered":"<p>3XL HOPEANBEIGET Premium-lenkkarit on valmistettu korkealaatuisista tekstiileist\u00e4, mik\u00e4 tarjoaa mukavuutta ja keveytt\u00e4 jokaisella askeleella. Moderni hopea ja beige muotoilu lis\u00e4\u00e4 tyylikk\u00e4\u00e4n korostuksen urheilulliseen tai rentoon ilmeeseesi. Malli on ihanteellinen harjoitteluun, ulkoiluun ja p\u00e4ivitt\u00e4iseen k\u00e4ytt\u00f6\u00f6n. Kiinalainen valmistaja takaa lenkkareiden luotettavuuden ja kest\u00e4vyyden ja motivoi sinua ostamaan ne t\u00e4n\u00e4\u00e4n.<\/p>\n","protected":false},"featured_media":836304,"comment_status":"open","ping_status":"open","template":"","meta":[],"product_brand":[],"product_cat":[3199,3200],"product_tag":[],"class_list":{"0":"post-836303","1":"product","2":"type-product","3":"status-publish","4":"has-post-thumbnail","6":"product_cat-all-product","7":"product_cat-krosivky","8":"pa_rozmir-910","9":"pa_rozmir-912","10":"pa_rozmir-914","11":"pa_rozmir-915","12":"pa_rozmir-916","13":"pa_rozmir-917","14":"pa_rozmir-918","15":"pa_rozmir-919","16":"pa_rozmir-920","17":"pa_rozmir-921","18":"pa_rozmir-922","20":"first","21":"instock","22":"purchasable","23":"product-type-variable"},"_links":{"self":[{"href":"https:\/\/nextsnkr.com\/fi\/wp-json\/wp\/v2\/product\/836303","targetHints":{"allow":["GET"]}}],"collection":[{"href":"https:\/\/nextsnkr.com\/fi\/wp-json\/wp\/v2\/product"}],"about":[{"href":"https:\/\/nextsnkr.com\/fi\/wp-json\/wp\/v2\/types\/product"}],"replies":[{"embeddable":true,"href":"https:\/\/nextsnkr.com\/fi\/wp-json\/wp\/v2\/comments?post=836303"}],"version-history":[{"count":0,"href":"https:\/\/nextsnkr.com\/fi\/wp-json\/wp\/v2\/product\/836303\/revisions"}],"wp:featuredmedia":[{"embeddable":true,"href":"https:\/\/nextsnkr.com\/fi\/wp-json\/wp\/v2\/media\/836304"}],"wp:attachment":[{"href":"https:\/\/nextsnkr.com\/fi\/wp-json\/wp\/v2\/media?parent=836303"}],"wp:term":[{"taxonomy":"product_brand","embeddable":true,"href":"https:\/\/nextsnkr.com\/fi\/wp-json\/wp\/v2\/product_brand?post=836303"},{"taxonomy":"product_cat","embeddable":true,"href":"https:\/\/nextsnkr.com\/fi\/wp-json\/wp\/v2\/product_cat?post=836303"},{"taxonomy":"product_tag","embeddable":true,"href":"https:\/\/nextsnkr.com\/fi\/wp-json\/wp\/v2\/product_tag?post=836303"}],"curies":[{"name":"wp","href":"https:\/\/api.w.org\/{rel}","templated":true}]}}