{"id":834935,"date":"2025-06-12T09:10:17","date_gmt":"2025-06-12T06:10:17","guid":{"rendered":"https:\/\/nextsnkr.com\/product\/runner-trainer-multicolor\/"},"modified":"2026-01-30T21:45:22","modified_gmt":"2026-01-30T18:45:22","slug":"runner-trainer-multicolor","status":"publish","type":"product","link":"https:\/\/nextsnkr.com\/fi\/tuote\/runner-trainer-multicolor\/","title":{"rendered":"Track Mustat Premium Mustat Nahkaiset Tennarit"},"content":{"rendered":"<h2>Track Mustat Premium Mustat Nahkaiset Tennarit<\/h2>\n<p>Track Black Premium-tennareissa yhdistyv\u00e4t luonnollinen nahka ja kest\u00e4v\u00e4t tekstiilit, jotka tarjoavat korkean kulutuskest\u00e4vyyden, mukavuuden ja tyylikk\u00e4\u00e4n ilmeen. Musta malli on monipuolinen ja sopii helposti rentoon ja urheilulliseen lookiin. Iskuja vaimentava pohja takaa mukavuuden k\u00e4velyn ja aktiivisen harjoittelun aikana. Erinomainen valinta niille, jotka arvostavat laatua, luotettavuutta ja modernia tyyli\u00e4. Valmistaja: Kiina. Tuotetunnus (SKU): 9546-266958<\/p>\n","protected":false},"excerpt":{"rendered":"<p>Track Black Premium-tennareissa yhdistyv\u00e4t luonnollinen nahka ja kest\u00e4v\u00e4t tekstiilit, jotka tarjoavat korkean kulutuskest\u00e4vyyden, mukavuuden ja tyylikk\u00e4\u00e4n ilmeen. Musta malli on monipuolinen ja sopii helposti rentoon ja urheilulliseen lookiin. Iskuja vaimentava pohja takaa mukavuuden k\u00e4velyn ja aktiivisen harjoittelun aikana. Erinomainen valinta niille, jotka arvostavat laatua, luotettavuutta ja modernia tyyli\u00e4. Valmistaja: Kiina. Tuotetunnus (SKU): 9546-266958<\/p>\n","protected":false},"featured_media":834936,"comment_status":"open","ping_status":"open","template":"","meta":[],"product_brand":[],"product_cat":[3199,3200],"product_tag":[],"class_list":{"0":"post-834935","1":"product","2":"type-product","3":"status-publish","4":"has-post-thumbnail","6":"product_cat-all-product","7":"product_cat-krosivky","8":"pa_rozmir-910","9":"pa_rozmir-912","10":"pa_rozmir-914","11":"pa_rozmir-915","12":"pa_rozmir-916","13":"pa_rozmir-917","14":"pa_rozmir-918","15":"pa_rozmir-919","16":"pa_rozmir-920","17":"pa_rozmir-921","18":"pa_rozmir-922","20":"first","21":"onbackorder","22":"purchasable","23":"product-type-variable"},"_links":{"self":[{"href":"https:\/\/nextsnkr.com\/fi\/wp-json\/wp\/v2\/product\/834935","targetHints":{"allow":["GET"]}}],"collection":[{"href":"https:\/\/nextsnkr.com\/fi\/wp-json\/wp\/v2\/product"}],"about":[{"href":"https:\/\/nextsnkr.com\/fi\/wp-json\/wp\/v2\/types\/product"}],"replies":[{"embeddable":true,"href":"https:\/\/nextsnkr.com\/fi\/wp-json\/wp\/v2\/comments?post=834935"}],"version-history":[{"count":0,"href":"https:\/\/nextsnkr.com\/fi\/wp-json\/wp\/v2\/product\/834935\/revisions"}],"wp:featuredmedia":[{"embeddable":true,"href":"https:\/\/nextsnkr.com\/fi\/wp-json\/wp\/v2\/media\/834936"}],"wp:attachment":[{"href":"https:\/\/nextsnkr.com\/fi\/wp-json\/wp\/v2\/media?parent=834935"}],"wp:term":[{"taxonomy":"product_brand","embeddable":true,"href":"https:\/\/nextsnkr.com\/fi\/wp-json\/wp\/v2\/product_brand?post=834935"},{"taxonomy":"product_cat","embeddable":true,"href":"https:\/\/nextsnkr.com\/fi\/wp-json\/wp\/v2\/product_cat?post=834935"},{"taxonomy":"product_tag","embeddable":true,"href":"https:\/\/nextsnkr.com\/fi\/wp-json\/wp\/v2\/product_tag?post=834935"}],"curies":[{"name":"wp","href":"https:\/\/api.w.org\/{rel}","templated":true}]}}