{"id":834086,"date":"2025-06-12T09:12:57","date_gmt":"2025-06-12T06:12:57","guid":{"rendered":"https:\/\/nextsnkr.com\/product\/3xl-purple\/"},"modified":"2026-01-30T21:44:49","modified_gmt":"2026-01-30T18:44:49","slug":"3xl-purple","status":"publish","type":"product","link":"https:\/\/nextsnkr.com\/fi\/tuote\/3xl-purple\/","title":{"rendered":"3XL violetit tekstiililenkkarit-tyylikk\u00e4\u00e4t ja kevyet violetit"},"content":{"rendered":"<h2>3XL violetit tekstiililenkkarit-tyylikk\u00e4\u00e4t ja kevyet violetit<\/h2>\n<p>3XL violetit tennarit ovat moderni tekstiilimalli kirkkaan violetissa s\u00e4vyss\u00e4, joka on suunniteltu p\u00e4ivitt\u00e4iseen mukavuuteen ja aktiiviseen liikkumiseen. Kevyt, hengitt\u00e4v\u00e4 materiaali tarjoaa ilmanvaihdon, ja tukeva rakenne takaa kulutuskest\u00e4vyyden ja turvallisen jalan kiinnityksen. N\u00e4m\u00e4 Kiinassa valmistetut tennarit yhdist\u00e4v\u00e4t trendikk\u00e4\u00e4n muotoilun ja k\u00e4yt\u00e4nn\u00f6llisyyden. Valitse 3XL Violetti lis\u00e4t\u00e4ksesi tyylik\u00e4st\u00e4 korostusta ja mukavuutta lookiisi joka p\u00e4iv\u00e4.<\/p>\n","protected":false},"excerpt":{"rendered":"<p>3XL violetit tennarit ovat moderni tekstiilimalli kirkkaan violetissa s\u00e4vyss\u00e4, joka on suunniteltu p\u00e4ivitt\u00e4iseen mukavuuteen ja aktiiviseen liikkumiseen. Kevyt, hengitt\u00e4v\u00e4 materiaali tarjoaa ilmanvaihdon, ja tukeva rakenne takaa kulutuskest\u00e4vyyden ja turvallisen jalan kiinnityksen. N\u00e4m\u00e4 Kiinassa valmistetut tennarit yhdist\u00e4v\u00e4t trendikk\u00e4\u00e4n muotoilun ja k\u00e4yt\u00e4nn\u00f6llisyyden. Valitse 3XL Violetti lis\u00e4t\u00e4ksesi tyylik\u00e4st\u00e4 korostusta ja mukavuutta lookiisi joka p\u00e4iv\u00e4.<\/p>\n","protected":false},"featured_media":834087,"comment_status":"open","ping_status":"open","template":"","meta":[],"product_brand":[],"product_cat":[3199,3200],"product_tag":[],"class_list":{"0":"post-834086","1":"product","2":"type-product","3":"status-publish","4":"has-post-thumbnail","6":"product_cat-all-product","7":"product_cat-krosivky","8":"pa_rozmir-910","9":"pa_rozmir-912","10":"pa_rozmir-914","11":"pa_rozmir-915","12":"pa_rozmir-916","13":"pa_rozmir-917","14":"pa_rozmir-918","15":"pa_rozmir-919","16":"pa_rozmir-920","17":"pa_rozmir-921","18":"pa_rozmir-922","20":"first","21":"onbackorder","22":"purchasable","23":"product-type-variable"},"_links":{"self":[{"href":"https:\/\/nextsnkr.com\/fi\/wp-json\/wp\/v2\/product\/834086","targetHints":{"allow":["GET"]}}],"collection":[{"href":"https:\/\/nextsnkr.com\/fi\/wp-json\/wp\/v2\/product"}],"about":[{"href":"https:\/\/nextsnkr.com\/fi\/wp-json\/wp\/v2\/types\/product"}],"replies":[{"embeddable":true,"href":"https:\/\/nextsnkr.com\/fi\/wp-json\/wp\/v2\/comments?post=834086"}],"version-history":[{"count":0,"href":"https:\/\/nextsnkr.com\/fi\/wp-json\/wp\/v2\/product\/834086\/revisions"}],"wp:featuredmedia":[{"embeddable":true,"href":"https:\/\/nextsnkr.com\/fi\/wp-json\/wp\/v2\/media\/834087"}],"wp:attachment":[{"href":"https:\/\/nextsnkr.com\/fi\/wp-json\/wp\/v2\/media?parent=834086"}],"wp:term":[{"taxonomy":"product_brand","embeddable":true,"href":"https:\/\/nextsnkr.com\/fi\/wp-json\/wp\/v2\/product_brand?post=834086"},{"taxonomy":"product_cat","embeddable":true,"href":"https:\/\/nextsnkr.com\/fi\/wp-json\/wp\/v2\/product_cat?post=834086"},{"taxonomy":"product_tag","embeddable":true,"href":"https:\/\/nextsnkr.com\/fi\/wp-json\/wp\/v2\/product_tag?post=834086"}],"curies":[{"name":"wp","href":"https:\/\/api.w.org\/{rel}","templated":true}]}}