{"id":833906,"date":"2025-06-12T09:13:16","date_gmt":"2025-06-12T06:13:16","guid":{"rendered":"https:\/\/nextsnkr.com\/product\/trainer-black-runner-sneakers\/"},"modified":"2026-01-30T21:44:45","modified_gmt":"2026-01-30T18:44:45","slug":"trainer-black-runner-sneakers","status":"publish","type":"product","link":"https:\/\/nextsnkr.com\/fi\/tuote\/trainer-black-runner-sneakers\/","title":{"rendered":"Trainer Mustat Juoksulenkkarit tekstiilist\u00e4 ulkoiluun"},"content":{"rendered":"<h2>Trainer Mustat Juoksulenkkarit tekstiilist\u00e4 ulkoiluun<\/h2>\n<p>Tyylikk\u00e4\u00e4t Trainer Mustat Juoksulenkkarit on valmistettu kest\u00e4vist\u00e4 tekstiileist\u00e4 mukavuuden ja kest\u00e4vyyden takaamiseksi. T\u00e4ydellinen p\u00e4ivitt\u00e4iseen k\u00e4ytt\u00f6\u00f6n ja ulkoiluun. Kevyet ja hengitt\u00e4v\u00e4t, ne yll\u00e4pit\u00e4v\u00e4t mukavuutta pitkien k\u00e4velylenkkien ja urheiluharjoitusten aikana. Valitse Trainerin laatu ja tyyli aktiiviseen el\u00e4m\u00e4ntyyliisi.<\/p>\n","protected":false},"excerpt":{"rendered":"<p>Tyylikk\u00e4\u00e4t Trainer Mustat Juoksulenkkarit on valmistettu kest\u00e4vist\u00e4 tekstiileist\u00e4 mukavuuden ja kest\u00e4vyyden takaamiseksi. T\u00e4ydellinen p\u00e4ivitt\u00e4iseen k\u00e4ytt\u00f6\u00f6n ja ulkoiluun. Kevyet ja hengitt\u00e4v\u00e4t, ne yll\u00e4pit\u00e4v\u00e4t mukavuutta pitkien k\u00e4velylenkkien ja urheiluharjoitusten aikana. Valitse Trainerin laatu ja tyyli aktiiviseen el\u00e4m\u00e4ntyyliisi.<\/p>\n","protected":false},"featured_media":833907,"comment_status":"open","ping_status":"open","template":"","meta":[],"product_brand":[],"product_cat":[3199,3200],"product_tag":[],"class_list":{"0":"post-833906","1":"product","2":"type-product","3":"status-publish","4":"has-post-thumbnail","6":"product_cat-all-product","7":"product_cat-krosivky","8":"pa_rozmir-910","9":"pa_rozmir-912","10":"pa_rozmir-914","11":"pa_rozmir-915","12":"pa_rozmir-916","13":"pa_rozmir-917","14":"pa_rozmir-918","15":"pa_rozmir-919","16":"pa_rozmir-920","17":"pa_rozmir-921","18":"pa_rozmir-922","20":"first","21":"onbackorder","22":"purchasable","23":"product-type-variable"},"_links":{"self":[{"href":"https:\/\/nextsnkr.com\/fi\/wp-json\/wp\/v2\/product\/833906","targetHints":{"allow":["GET"]}}],"collection":[{"href":"https:\/\/nextsnkr.com\/fi\/wp-json\/wp\/v2\/product"}],"about":[{"href":"https:\/\/nextsnkr.com\/fi\/wp-json\/wp\/v2\/types\/product"}],"replies":[{"embeddable":true,"href":"https:\/\/nextsnkr.com\/fi\/wp-json\/wp\/v2\/comments?post=833906"}],"version-history":[{"count":0,"href":"https:\/\/nextsnkr.com\/fi\/wp-json\/wp\/v2\/product\/833906\/revisions"}],"wp:featuredmedia":[{"embeddable":true,"href":"https:\/\/nextsnkr.com\/fi\/wp-json\/wp\/v2\/media\/833907"}],"wp:attachment":[{"href":"https:\/\/nextsnkr.com\/fi\/wp-json\/wp\/v2\/media?parent=833906"}],"wp:term":[{"taxonomy":"product_brand","embeddable":true,"href":"https:\/\/nextsnkr.com\/fi\/wp-json\/wp\/v2\/product_brand?post=833906"},{"taxonomy":"product_cat","embeddable":true,"href":"https:\/\/nextsnkr.com\/fi\/wp-json\/wp\/v2\/product_cat?post=833906"},{"taxonomy":"product_tag","embeddable":true,"href":"https:\/\/nextsnkr.com\/fi\/wp-json\/wp\/v2\/product_tag?post=833906"}],"curies":[{"name":"wp","href":"https:\/\/api.w.org\/{rel}","templated":true}]}}