{"id":833733,"date":"2025-06-12T09:13:36","date_gmt":"2025-06-12T06:13:36","guid":{"rendered":"https:\/\/nextsnkr.com\/product\/3xl-total-black-premium\/"},"modified":"2026-01-30T21:44:41","modified_gmt":"2026-01-30T18:44:41","slug":"3xl-total-black-premium","status":"publish","type":"product","link":"https:\/\/nextsnkr.com\/fi\/tuote\/3xl-total-black-premium\/","title":{"rendered":"3XL Mustat Premium &#8211; tekstiiliset juoksukeng\u00e4t urheiluun ja k\u00e4velyyn"},"content":{"rendered":"<h2>3XL Mustat Premium &#8211; tekstiiliset juoksukeng\u00e4t urheiluun ja k\u00e4velyyn<\/h2>\n<p>3XL Total Black Premium-tennarit on valmistettu korkealaatuisista tekstiileist\u00e4, mik\u00e4 takaa mukavuuden ja kest\u00e4vyyden. Tyylik\u00e4s musta muotoilu sopii p\u00e4ivitt\u00e4iseen k\u00e4ytt\u00f6\u00f6n, urheiluun ja ulkoiluun. Kevyet ja hengitt\u00e4v\u00e4t, ne tarjoavat mukavuutta pitkill\u00e4 k\u00e4velyill\u00e4 ja harjoituksissa. Valitse 3XL Total Black Premium, joka yhdist\u00e4\u00e4 tyylin, laadun ja mukavuuden joka p\u00e4iv\u00e4.<\/p>\n","protected":false},"excerpt":{"rendered":"<p>3XL Total Black Premium-tennarit on valmistettu korkealaatuisista tekstiileist\u00e4, mik\u00e4 takaa mukavuuden ja kest\u00e4vyyden. Tyylik\u00e4s musta muotoilu sopii p\u00e4ivitt\u00e4iseen k\u00e4ytt\u00f6\u00f6n, urheiluun ja ulkoiluun. Kevyet ja hengitt\u00e4v\u00e4t, ne tarjoavat mukavuutta pitkill\u00e4 k\u00e4velyill\u00e4 ja harjoituksissa. Valitse 3XL Total Black Premium, joka yhdist\u00e4\u00e4 tyylin, laadun ja mukavuuden joka p\u00e4iv\u00e4.<\/p>\n","protected":false},"featured_media":833734,"comment_status":"open","ping_status":"open","template":"","meta":[],"product_brand":[],"product_cat":[3199,3200],"product_tag":[],"class_list":{"0":"post-833733","1":"product","2":"type-product","3":"status-publish","4":"has-post-thumbnail","6":"product_cat-all-product","7":"product_cat-krosivky","8":"pa_rozmir-910","9":"pa_rozmir-912","10":"pa_rozmir-914","11":"pa_rozmir-915","12":"pa_rozmir-916","13":"pa_rozmir-917","14":"pa_rozmir-918","15":"pa_rozmir-919","16":"pa_rozmir-920","17":"pa_rozmir-921","18":"pa_rozmir-922","20":"first","21":"onbackorder","22":"purchasable","23":"product-type-variable"},"_links":{"self":[{"href":"https:\/\/nextsnkr.com\/fi\/wp-json\/wp\/v2\/product\/833733","targetHints":{"allow":["GET"]}}],"collection":[{"href":"https:\/\/nextsnkr.com\/fi\/wp-json\/wp\/v2\/product"}],"about":[{"href":"https:\/\/nextsnkr.com\/fi\/wp-json\/wp\/v2\/types\/product"}],"replies":[{"embeddable":true,"href":"https:\/\/nextsnkr.com\/fi\/wp-json\/wp\/v2\/comments?post=833733"}],"version-history":[{"count":0,"href":"https:\/\/nextsnkr.com\/fi\/wp-json\/wp\/v2\/product\/833733\/revisions"}],"wp:featuredmedia":[{"embeddable":true,"href":"https:\/\/nextsnkr.com\/fi\/wp-json\/wp\/v2\/media\/833734"}],"wp:attachment":[{"href":"https:\/\/nextsnkr.com\/fi\/wp-json\/wp\/v2\/media?parent=833733"}],"wp:term":[{"taxonomy":"product_brand","embeddable":true,"href":"https:\/\/nextsnkr.com\/fi\/wp-json\/wp\/v2\/product_brand?post=833733"},{"taxonomy":"product_cat","embeddable":true,"href":"https:\/\/nextsnkr.com\/fi\/wp-json\/wp\/v2\/product_cat?post=833733"},{"taxonomy":"product_tag","embeddable":true,"href":"https:\/\/nextsnkr.com\/fi\/wp-json\/wp\/v2\/product_tag?post=833733"}],"curies":[{"name":"wp","href":"https:\/\/api.w.org\/{rel}","templated":true}]}}