{"id":833554,"date":"2025-06-12T15:52:03","date_gmt":"2025-06-12T12:52:03","guid":{"rendered":"https:\/\/nextsnkr.com\/product\/track-full-brown-new-season\/"},"modified":"2026-01-30T21:44:36","modified_gmt":"2026-01-30T18:44:36","slug":"track-full-brown-new-season","status":"publish","type":"product","link":"https:\/\/nextsnkr.com\/fi\/tuote\/track-full-brown-new-season\/","title":{"rendered":"Track koko Ruskea Ruskea nahka lenkkarit uusi kausi"},"content":{"rendered":"<h2>Track koko Ruskea Ruskea nahka lenkkarit uusi kausi<\/h2>\n<p>Radan Koko Ruskea UUSI KAUSI lenkkarit on valmistettu yhdistelm\u00e4 aitoa nahkaa ja kest\u00e4v\u00e4\u00e4 tekstiili\u00e4, joka varmistaa, luotettavuus, mukavuus ja moderni ilme. T\u00e4ytel\u00e4inen ruskea v\u00e4ri yhdistyy helposti rentoon ja sporttiseen lookiin. Iskuja vaimentava pohja takaa mukavuuden aktiivisen liikkeen aikana. T\u00e4ydellinen valinta niille, jotka etsiv\u00e4t tyylik\u00e4s, laadukas ja kest\u00e4v\u00e4 lenkkarit uusi kausi. Valmistaja: Kiina. SKU: 9547-300225<\/p>\n","protected":false},"excerpt":{"rendered":"<p>Radan Koko Ruskea UUSI KAUSI lenkkarit on valmistettu yhdistelm\u00e4 aitoa nahkaa ja kest\u00e4v\u00e4\u00e4 tekstiili\u00e4, joka varmistaa, luotettavuus, mukavuus ja moderni ilme. T\u00e4ytel\u00e4inen ruskea v\u00e4ri yhdistyy helposti rentoon ja sporttiseen lookiin. Iskuja vaimentava pohja takaa mukavuuden aktiivisen liikkeen aikana. T\u00e4ydellinen valinta niille, jotka etsiv\u00e4t tyylik\u00e4s, laadukas ja kest\u00e4v\u00e4 lenkkarit uusi kausi. Valmistaja: Kiina. SKU: 9547-300225<\/p>\n","protected":false},"featured_media":833555,"comment_status":"open","ping_status":"open","template":"","meta":[],"product_brand":[],"product_cat":[3199,3200],"product_tag":[],"class_list":{"0":"post-833554","1":"product","2":"type-product","3":"status-publish","4":"has-post-thumbnail","6":"product_cat-all-product","7":"product_cat-krosivky","8":"pa_rozmir-910","9":"pa_rozmir-912","10":"pa_rozmir-914","11":"pa_rozmir-915","12":"pa_rozmir-916","13":"pa_rozmir-917","14":"pa_rozmir-918","15":"pa_rozmir-919","16":"pa_rozmir-920","17":"pa_rozmir-921","18":"pa_rozmir-922","20":"first","21":"onbackorder","22":"purchasable","23":"product-type-variable"},"_links":{"self":[{"href":"https:\/\/nextsnkr.com\/fi\/wp-json\/wp\/v2\/product\/833554","targetHints":{"allow":["GET"]}}],"collection":[{"href":"https:\/\/nextsnkr.com\/fi\/wp-json\/wp\/v2\/product"}],"about":[{"href":"https:\/\/nextsnkr.com\/fi\/wp-json\/wp\/v2\/types\/product"}],"replies":[{"embeddable":true,"href":"https:\/\/nextsnkr.com\/fi\/wp-json\/wp\/v2\/comments?post=833554"}],"version-history":[{"count":0,"href":"https:\/\/nextsnkr.com\/fi\/wp-json\/wp\/v2\/product\/833554\/revisions"}],"wp:featuredmedia":[{"embeddable":true,"href":"https:\/\/nextsnkr.com\/fi\/wp-json\/wp\/v2\/media\/833555"}],"wp:attachment":[{"href":"https:\/\/nextsnkr.com\/fi\/wp-json\/wp\/v2\/media?parent=833554"}],"wp:term":[{"taxonomy":"product_brand","embeddable":true,"href":"https:\/\/nextsnkr.com\/fi\/wp-json\/wp\/v2\/product_brand?post=833554"},{"taxonomy":"product_cat","embeddable":true,"href":"https:\/\/nextsnkr.com\/fi\/wp-json\/wp\/v2\/product_cat?post=833554"},{"taxonomy":"product_tag","embeddable":true,"href":"https:\/\/nextsnkr.com\/fi\/wp-json\/wp\/v2\/product_tag?post=833554"}],"curies":[{"name":"wp","href":"https:\/\/api.w.org\/{rel}","templated":true}]}}