{"id":833042,"date":"2025-06-12T15:53:52","date_gmt":"2025-06-12T12:53:52","guid":{"rendered":"https:\/\/nextsnkr.com\/product\/celine-loafers-black\/"},"modified":"2026-01-30T21:44:11","modified_gmt":"2026-01-30T18:44:11","slug":"celine-loafers-black","status":"publish","type":"product","link":"https:\/\/nextsnkr.com\/fi\/tuote\/celine-loafers-black\/","title":{"rendered":"Celine-loaferit mustat klassiset nahkaiset loaferit tyylikk\u00e4\u00e4seen ilmeeseen"},"content":{"rendered":"<h2>Celine-loaferit mustat klassiset nahkaiset loaferit tyylikk\u00e4\u00e4seen ilmeeseen<\/h2>\n<p>Celine loaferit Mustat loaferit yhdist\u00e4v\u00e4t tyylikk\u00e4\u00e4n muotoilun ja mukavuuden p\u00e4ivitt\u00e4iseen k\u00e4ytt\u00f6\u00f6n. Valmistettu korkealaatuisesta materiaalista, ne takaavat kest\u00e4vyyden ja mukavuuden kaikissa olosuhteissa. Klassinen musta v\u00e4ri yhdistyy helposti erilaisiin vaatekaappeihin korostaen tyyli\u00e4 ja makua. Ihanteelliset t\u00f6ihin, k\u00e4velyihin ja erityistilaisuuksiin, n\u00e4m\u00e4 loaferit ovat luotettava valinta ulkoasuusi. Tilaa nyt ja nauti mukavuudesta joka p\u00e4iv\u00e4.<\/p>\n","protected":false},"excerpt":{"rendered":"<p>Celine loaferit Mustat loaferit yhdist\u00e4v\u00e4t tyylikk\u00e4\u00e4n muotoilun ja mukavuuden p\u00e4ivitt\u00e4iseen k\u00e4ytt\u00f6\u00f6n. Valmistettu korkealaatuisesta materiaalista, ne takaavat kest\u00e4vyyden ja mukavuuden kaikissa olosuhteissa. Klassinen musta v\u00e4ri yhdistyy helposti erilaisiin vaatekaappeihin korostaen tyyli\u00e4 ja makua. Ihanteelliset t\u00f6ihin, k\u00e4velyihin ja erityistilaisuuksiin, n\u00e4m\u00e4 loaferit ovat luotettava valinta ulkoasuusi. Tilaa nyt ja nauti mukavuudesta joka p\u00e4iv\u00e4.<\/p>\n","protected":false},"featured_media":833043,"comment_status":"open","ping_status":"open","template":"","meta":[],"product_brand":[],"product_cat":[3199,4240],"product_tag":[],"class_list":{"0":"post-833042","1":"product","2":"type-product","3":"status-publish","4":"has-post-thumbnail","6":"product_cat-all-product","7":"product_cat-lofery","8":"pa_rozmir-910","9":"pa_rozmir-912","10":"pa_rozmir-914","11":"pa_rozmir-915","12":"pa_rozmir-916","13":"pa_rozmir-917","14":"pa_rozmir-918","15":"pa_rozmir-919","16":"pa_rozmir-920","17":"pa_rozmir-921","18":"pa_rozmir-922","20":"first","21":"instock","22":"purchasable","23":"product-type-variable"},"_links":{"self":[{"href":"https:\/\/nextsnkr.com\/fi\/wp-json\/wp\/v2\/product\/833042","targetHints":{"allow":["GET"]}}],"collection":[{"href":"https:\/\/nextsnkr.com\/fi\/wp-json\/wp\/v2\/product"}],"about":[{"href":"https:\/\/nextsnkr.com\/fi\/wp-json\/wp\/v2\/types\/product"}],"replies":[{"embeddable":true,"href":"https:\/\/nextsnkr.com\/fi\/wp-json\/wp\/v2\/comments?post=833042"}],"version-history":[{"count":0,"href":"https:\/\/nextsnkr.com\/fi\/wp-json\/wp\/v2\/product\/833042\/revisions"}],"wp:featuredmedia":[{"embeddable":true,"href":"https:\/\/nextsnkr.com\/fi\/wp-json\/wp\/v2\/media\/833043"}],"wp:attachment":[{"href":"https:\/\/nextsnkr.com\/fi\/wp-json\/wp\/v2\/media?parent=833042"}],"wp:term":[{"taxonomy":"product_brand","embeddable":true,"href":"https:\/\/nextsnkr.com\/fi\/wp-json\/wp\/v2\/product_brand?post=833042"},{"taxonomy":"product_cat","embeddable":true,"href":"https:\/\/nextsnkr.com\/fi\/wp-json\/wp\/v2\/product_cat?post=833042"},{"taxonomy":"product_tag","embeddable":true,"href":"https:\/\/nextsnkr.com\/fi\/wp-json\/wp\/v2\/product_tag?post=833042"}],"curies":[{"name":"wp","href":"https:\/\/api.w.org\/{rel}","templated":true}]}}