{"id":832534,"date":"2025-06-12T15:54:56","date_gmt":"2025-06-12T12:54:56","guid":{"rendered":"https:\/\/nextsnkr.com\/product\/golden-goose-all-leo-star-black\/"},"modified":"2026-01-30T21:43:58","modified_gmt":"2026-01-30T18:43:58","slug":"golden-goose-all-leo-star-black","status":"publish","type":"product","link":"https:\/\/nextsnkr.com\/fi\/tuote\/golden-goose-all-leo-star-black\/","title":{"rendered":"Golden Goose kaikki Leo Star mustat lenkkarit ovat tyylikk\u00e4it\u00e4 ja mukavia"},"content":{"rendered":"<h2>Golden Goose kaikki Leo Star mustat lenkkarit ovat tyylikk\u00e4it\u00e4 ja mukavia<\/h2>\n<p>Golden Goose All Leo Star mustat lenkkarit on valmistettu korkealaatuisesta materiaalista, jossa yhdistyv\u00e4t muodikas muotoilu ja mukavuus jokap\u00e4iv\u00e4iseen k\u00e4ytt\u00f6\u00f6n. Kevyt muotoilu ja tyylik\u00e4s musta v\u00e4rimaailma tekev\u00e4t niist\u00e4 ihanteellisia k\u00e4velyyn, ty\u00f6h\u00f6n ja ulkoiluun. Laadukas valmistus takaa kest\u00e4vyyden ja mukavuuden jokaisessa vaiheessa. Valitse Golden Goose ja lis\u00e4\u00e4 kirkas aksentti ulkoasuun nauttien tyylist\u00e4 ja k\u00e4yt\u00e4nn\u00f6llisyydest\u00e4 joka p\u00e4iv\u00e4.<\/p>\n","protected":false},"excerpt":{"rendered":"<p>Golden Goose All Leo Star mustat lenkkarit on valmistettu korkealaatuisesta materiaalista, jossa yhdistyv\u00e4t muodikas muotoilu ja mukavuus jokap\u00e4iv\u00e4iseen k\u00e4ytt\u00f6\u00f6n. Kevyt muotoilu ja tyylik\u00e4s musta v\u00e4rimaailma tekev\u00e4t niist\u00e4 ihanteellisia k\u00e4velyyn, ty\u00f6h\u00f6n ja ulkoiluun. Laadukas valmistus takaa kest\u00e4vyyden ja mukavuuden jokaisessa vaiheessa. Valitse Golden Goose ja lis\u00e4\u00e4 kirkas aksentti ulkoasuun nauttien tyylist\u00e4 ja k\u00e4yt\u00e4nn\u00f6llisyydest\u00e4 joka p\u00e4iv\u00e4.<\/p>\n","protected":false},"featured_media":832535,"comment_status":"open","ping_status":"open","template":"","meta":[],"product_brand":[],"product_cat":[3199,3318],"product_tag":[],"class_list":{"0":"post-832534","1":"product","2":"type-product","3":"status-publish","4":"has-post-thumbnail","6":"product_cat-all-product","7":"product_cat-kedy","8":"pa_rozmir-910","9":"pa_rozmir-912","10":"pa_rozmir-914","11":"pa_rozmir-915","12":"pa_rozmir-916","13":"pa_rozmir-917","14":"pa_rozmir-918","15":"pa_rozmir-919","16":"pa_rozmir-920","17":"pa_rozmir-921","18":"pa_rozmir-922","20":"first","21":"instock","22":"purchasable","23":"product-type-variable"},"_links":{"self":[{"href":"https:\/\/nextsnkr.com\/fi\/wp-json\/wp\/v2\/product\/832534","targetHints":{"allow":["GET"]}}],"collection":[{"href":"https:\/\/nextsnkr.com\/fi\/wp-json\/wp\/v2\/product"}],"about":[{"href":"https:\/\/nextsnkr.com\/fi\/wp-json\/wp\/v2\/types\/product"}],"replies":[{"embeddable":true,"href":"https:\/\/nextsnkr.com\/fi\/wp-json\/wp\/v2\/comments?post=832534"}],"version-history":[{"count":0,"href":"https:\/\/nextsnkr.com\/fi\/wp-json\/wp\/v2\/product\/832534\/revisions"}],"wp:featuredmedia":[{"embeddable":true,"href":"https:\/\/nextsnkr.com\/fi\/wp-json\/wp\/v2\/media\/832535"}],"wp:attachment":[{"href":"https:\/\/nextsnkr.com\/fi\/wp-json\/wp\/v2\/media?parent=832534"}],"wp:term":[{"taxonomy":"product_brand","embeddable":true,"href":"https:\/\/nextsnkr.com\/fi\/wp-json\/wp\/v2\/product_brand?post=832534"},{"taxonomy":"product_cat","embeddable":true,"href":"https:\/\/nextsnkr.com\/fi\/wp-json\/wp\/v2\/product_cat?post=832534"},{"taxonomy":"product_tag","embeddable":true,"href":"https:\/\/nextsnkr.com\/fi\/wp-json\/wp\/v2\/product_tag?post=832534"}],"curies":[{"name":"wp","href":"https:\/\/api.w.org\/{rel}","templated":true}]}}