{"id":830840,"date":"2025-06-12T16:00:16","date_gmt":"2025-06-12T13:00:16","guid":{"rendered":"https:\/\/nextsnkr.com\/product\/golden-goose-white-pink\/"},"modified":"2026-01-30T21:43:03","modified_gmt":"2026-01-30T18:43:03","slug":"golden-goose-white-pink","status":"publish","type":"product","link":"https:\/\/nextsnkr.com\/fi\/tuote\/golden-goose-white-pink\/","title":{"rendered":"Golden Goose valkoiset vaaleanpunaiset lenkkarit ovat tyylikk\u00e4it\u00e4 ja mukavia p\u00e4ivitt\u00e4iseen k\u00e4ytt\u00f6\u00f6n"},"content":{"rendered":"<h2>Golden Goose valkoiset vaaleanpunaiset lenkkarit ovat tyylikk\u00e4it\u00e4 ja mukavia p\u00e4ivitt\u00e4iseen k\u00e4ytt\u00f6\u00f6n<\/h2>\n<p>Golden Goose White Pink lenkkarit on valmistettu korkealaatuisesta materiaalista, jossa yhdistyv\u00e4t moderni muotoilu ja mukavuus aktiiviseen p\u00e4ivitt\u00e4iseen k\u00e4ytt\u00f6\u00f6n. Valkoisen ja vaaleanpunaisen v\u00e4riyhdistelm\u00e4 lis\u00e4\u00e4 lookiin arkuutta ja kirkkautta, ja kevyt muotoilu takaa mukavuuden k\u00e4velless\u00e4. N\u00e4m\u00e4 lenkkarit ovat ihanteellisia k\u00e4velyyn, kaupunkiin ja ulkoiluun, ja ne korostavat tyyli\u00e4si ja persoonallisuuttasi. Valitse Golden Goose ja nauti Muodin, mukavuuden ja kest\u00e4vyyden yhdistelm\u00e4st\u00e4 joka p\u00e4iv\u00e4.<\/p>\n","protected":false},"excerpt":{"rendered":"<p>Golden Goose White Pink lenkkarit on valmistettu korkealaatuisesta materiaalista, jossa yhdistyv\u00e4t moderni muotoilu ja mukavuus aktiiviseen p\u00e4ivitt\u00e4iseen k\u00e4ytt\u00f6\u00f6n. Valkoisen ja vaaleanpunaisen v\u00e4riyhdistelm\u00e4 lis\u00e4\u00e4 lookiin arkuutta ja kirkkautta, ja kevyt muotoilu takaa mukavuuden k\u00e4velless\u00e4. N\u00e4m\u00e4 lenkkarit ovat ihanteellisia k\u00e4velyyn, kaupunkiin ja ulkoiluun, ja ne korostavat tyyli\u00e4si ja persoonallisuuttasi. Valitse Golden Goose ja nauti Muodin, mukavuuden ja kest\u00e4vyyden yhdistelm\u00e4st\u00e4 joka p\u00e4iv\u00e4.<\/p>\n","protected":false},"featured_media":830841,"comment_status":"open","ping_status":"open","template":"","meta":[],"product_brand":[],"product_cat":[3199,3318],"product_tag":[],"class_list":{"0":"post-830840","1":"product","2":"type-product","3":"status-publish","4":"has-post-thumbnail","6":"product_cat-all-product","7":"product_cat-kedy","8":"pa_rozmir-910","9":"pa_rozmir-912","10":"pa_rozmir-914","11":"pa_rozmir-915","12":"pa_rozmir-916","13":"pa_rozmir-917","14":"pa_rozmir-918","15":"pa_rozmir-919","16":"pa_rozmir-920","17":"pa_rozmir-921","18":"pa_rozmir-922","20":"first","21":"instock","22":"purchasable","23":"product-type-variable"},"_links":{"self":[{"href":"https:\/\/nextsnkr.com\/fi\/wp-json\/wp\/v2\/product\/830840","targetHints":{"allow":["GET"]}}],"collection":[{"href":"https:\/\/nextsnkr.com\/fi\/wp-json\/wp\/v2\/product"}],"about":[{"href":"https:\/\/nextsnkr.com\/fi\/wp-json\/wp\/v2\/types\/product"}],"replies":[{"embeddable":true,"href":"https:\/\/nextsnkr.com\/fi\/wp-json\/wp\/v2\/comments?post=830840"}],"version-history":[{"count":0,"href":"https:\/\/nextsnkr.com\/fi\/wp-json\/wp\/v2\/product\/830840\/revisions"}],"wp:featuredmedia":[{"embeddable":true,"href":"https:\/\/nextsnkr.com\/fi\/wp-json\/wp\/v2\/media\/830841"}],"wp:attachment":[{"href":"https:\/\/nextsnkr.com\/fi\/wp-json\/wp\/v2\/media?parent=830840"}],"wp:term":[{"taxonomy":"product_brand","embeddable":true,"href":"https:\/\/nextsnkr.com\/fi\/wp-json\/wp\/v2\/product_brand?post=830840"},{"taxonomy":"product_cat","embeddable":true,"href":"https:\/\/nextsnkr.com\/fi\/wp-json\/wp\/v2\/product_cat?post=830840"},{"taxonomy":"product_tag","embeddable":true,"href":"https:\/\/nextsnkr.com\/fi\/wp-json\/wp\/v2\/product_tag?post=830840"}],"curies":[{"name":"wp","href":"https:\/\/api.w.org\/{rel}","templated":true}]}}