{"id":829994,"date":"2025-06-12T16:02:22","date_gmt":"2025-06-12T13:02:22","guid":{"rendered":"https:\/\/nextsnkr.com\/product\/b23-high-top-sneakers-black\/"},"modified":"2026-01-30T21:42:40","modified_gmt":"2026-01-30T18:42:40","slug":"b23-high-top-sneakers-black","status":"publish","type":"product","link":"https:\/\/nextsnkr.com\/fi\/tuote\/b23-high-top-sneakers-black\/","title":{"rendered":"B23 High Top Sneakers Mustat tekstiililenkkarit tyylikk\u00e4\u00e4seen ilmeeseen"},"content":{"rendered":"<h2>B23 High Top Sneakers Mustat tekstiililenkkarit tyylikk\u00e4\u00e4seen ilmeeseen<\/h2>\n<p>B23 High Top Sneakers Black on valmistettu korkealaatuisista tekstiileist\u00e4, joissa yhdistyv\u00e4t moderni muotoilu ja mukavuus p\u00e4ivitt\u00e4iseen k\u00e4ytt\u00f6\u00f6n. Korkea istuin tarjoaa turvallisen jalan kiinnityksen ja tuen k\u00e4velyn tai ulkoilun aikana. Musta v\u00e4ri tekee tennareista monipuoliset ja ne voidaan helposti yhdist\u00e4\u00e4 mihin tahansa vaatekaappiin. Valitse B23 High Top tyylikk\u00e4isiin, k\u00e4yt\u00e4nn\u00f6llisiin ja kest\u00e4viin kenkiin, jotka korostavat makuasi ja persoonallisuuttasi.<\/p>\n","protected":false},"excerpt":{"rendered":"<p>B23 High Top Sneakers Black on valmistettu korkealaatuisista tekstiileist\u00e4, joissa yhdistyv\u00e4t moderni muotoilu ja mukavuus p\u00e4ivitt\u00e4iseen k\u00e4ytt\u00f6\u00f6n. Korkea istuin tarjoaa turvallisen jalan kiinnityksen ja tuen k\u00e4velyn tai ulkoilun aikana. Musta v\u00e4ri tekee tennareista monipuoliset ja ne voidaan helposti yhdist\u00e4\u00e4 mihin tahansa vaatekaappiin. Valitse B23 High Top tyylikk\u00e4isiin, k\u00e4yt\u00e4nn\u00f6llisiin ja kest\u00e4viin kenkiin, jotka korostavat makuasi ja persoonallisuuttasi.<\/p>\n","protected":false},"featured_media":829995,"comment_status":"open","ping_status":"open","template":"","meta":[],"product_brand":[],"product_cat":[3199,3318],"product_tag":[],"class_list":{"0":"post-829994","1":"product","2":"type-product","3":"status-publish","4":"has-post-thumbnail","6":"product_cat-all-product","7":"product_cat-kedy","8":"pa_rozmir-910","9":"pa_rozmir-912","10":"pa_rozmir-914","11":"pa_rozmir-915","12":"pa_rozmir-916","13":"pa_rozmir-917","14":"pa_rozmir-918","15":"pa_rozmir-919","16":"pa_rozmir-920","17":"pa_rozmir-921","18":"pa_rozmir-922","20":"first","21":"instock","22":"purchasable","23":"product-type-variable"},"_links":{"self":[{"href":"https:\/\/nextsnkr.com\/fi\/wp-json\/wp\/v2\/product\/829994","targetHints":{"allow":["GET"]}}],"collection":[{"href":"https:\/\/nextsnkr.com\/fi\/wp-json\/wp\/v2\/product"}],"about":[{"href":"https:\/\/nextsnkr.com\/fi\/wp-json\/wp\/v2\/types\/product"}],"replies":[{"embeddable":true,"href":"https:\/\/nextsnkr.com\/fi\/wp-json\/wp\/v2\/comments?post=829994"}],"version-history":[{"count":0,"href":"https:\/\/nextsnkr.com\/fi\/wp-json\/wp\/v2\/product\/829994\/revisions"}],"wp:featuredmedia":[{"embeddable":true,"href":"https:\/\/nextsnkr.com\/fi\/wp-json\/wp\/v2\/media\/829995"}],"wp:attachment":[{"href":"https:\/\/nextsnkr.com\/fi\/wp-json\/wp\/v2\/media?parent=829994"}],"wp:term":[{"taxonomy":"product_brand","embeddable":true,"href":"https:\/\/nextsnkr.com\/fi\/wp-json\/wp\/v2\/product_brand?post=829994"},{"taxonomy":"product_cat","embeddable":true,"href":"https:\/\/nextsnkr.com\/fi\/wp-json\/wp\/v2\/product_cat?post=829994"},{"taxonomy":"product_tag","embeddable":true,"href":"https:\/\/nextsnkr.com\/fi\/wp-json\/wp\/v2\/product_tag?post=829994"}],"curies":[{"name":"wp","href":"https:\/\/api.w.org\/{rel}","templated":true}]}}