{"id":826588,"date":"2025-06-12T16:03:46","date_gmt":"2025-06-12T13:03:46","guid":{"rendered":"https:\/\/nextsnkr.com\/product\/gucci-gg-rhyton\/"},"modified":"2026-01-30T21:40:49","modified_gmt":"2026-01-30T18:40:49","slug":"gucci-gg-rhyton","status":"publish","type":"product","link":"https:\/\/nextsnkr.com\/fi\/tuote\/gucci-gg-rhyton\/","title":{"rendered":"Gucci GG Rhyton tekstiililenkkarit tyylikk\u00e4\u00e4seen ja mukavaan k\u00e4ytt\u00f6\u00f6n"},"content":{"rendered":"<h2>Gucci GG Rhyton tekstiililenkkarit tyylikk\u00e4\u00e4seen ja mukavaan k\u00e4ytt\u00f6\u00f6n<\/h2>\n<p>Guccin GG Rhyton-tennarit on valmistettu korkealaatuisista tekstiileist\u00e4, joissa yhdistyv\u00e4t moderni muotoilu ja mukavuus p\u00e4ivitt\u00e4iseen k\u00e4ytt\u00f6\u00f6n. Kevyt rakenne tarjoaa mukavuutta k\u00e4velless\u00e4, kun taas tyylik\u00e4s muotoilu ja tunnistettava Gucci-br\u00e4ndi korostavat asemaasi ja makuasi. N\u00e4m\u00e4 lenkkarit ovat ihanteellisia k\u00e4velyyn, kaupunkiin ja ulkoiluun, ja niist\u00e4 tulee kirkas korostus lookissasi, jossa yhdistyv\u00e4t k\u00e4yt\u00e4nn\u00f6llisyys, tyylikkyys ja kest\u00e4vyys joka p\u00e4iv\u00e4.<\/p>\n","protected":false},"excerpt":{"rendered":"<p>Guccin GG Rhyton-tennarit on valmistettu korkealaatuisista tekstiileist\u00e4, joissa yhdistyv\u00e4t moderni muotoilu ja mukavuus p\u00e4ivitt\u00e4iseen k\u00e4ytt\u00f6\u00f6n. Kevyt rakenne tarjoaa mukavuutta k\u00e4velless\u00e4, kun taas tyylik\u00e4s muotoilu ja tunnistettava Gucci-br\u00e4ndi korostavat asemaasi ja makuasi. N\u00e4m\u00e4 lenkkarit ovat ihanteellisia k\u00e4velyyn, kaupunkiin ja ulkoiluun, ja niist\u00e4 tulee kirkas korostus lookissasi, jossa yhdistyv\u00e4t k\u00e4yt\u00e4nn\u00f6llisyys, tyylikkyys ja kest\u00e4vyys joka p\u00e4iv\u00e4.<\/p>\n","protected":false},"featured_media":826589,"comment_status":"open","ping_status":"open","template":"","meta":[],"product_brand":[],"product_cat":[3199,3200],"product_tag":[],"class_list":{"0":"post-826588","1":"product","2":"type-product","3":"status-publish","4":"has-post-thumbnail","6":"product_cat-all-product","7":"product_cat-krosivky","8":"pa_rozmir-910","9":"pa_rozmir-912","10":"pa_rozmir-914","11":"pa_rozmir-915","12":"pa_rozmir-916","13":"pa_rozmir-917","14":"pa_rozmir-918","15":"pa_rozmir-919","16":"pa_rozmir-920","17":"pa_rozmir-921","18":"pa_rozmir-922","20":"first","21":"onbackorder","22":"purchasable","23":"product-type-variable"},"_links":{"self":[{"href":"https:\/\/nextsnkr.com\/fi\/wp-json\/wp\/v2\/product\/826588","targetHints":{"allow":["GET"]}}],"collection":[{"href":"https:\/\/nextsnkr.com\/fi\/wp-json\/wp\/v2\/product"}],"about":[{"href":"https:\/\/nextsnkr.com\/fi\/wp-json\/wp\/v2\/types\/product"}],"replies":[{"embeddable":true,"href":"https:\/\/nextsnkr.com\/fi\/wp-json\/wp\/v2\/comments?post=826588"}],"version-history":[{"count":0,"href":"https:\/\/nextsnkr.com\/fi\/wp-json\/wp\/v2\/product\/826588\/revisions"}],"wp:featuredmedia":[{"embeddable":true,"href":"https:\/\/nextsnkr.com\/fi\/wp-json\/wp\/v2\/media\/826589"}],"wp:attachment":[{"href":"https:\/\/nextsnkr.com\/fi\/wp-json\/wp\/v2\/media?parent=826588"}],"wp:term":[{"taxonomy":"product_brand","embeddable":true,"href":"https:\/\/nextsnkr.com\/fi\/wp-json\/wp\/v2\/product_brand?post=826588"},{"taxonomy":"product_cat","embeddable":true,"href":"https:\/\/nextsnkr.com\/fi\/wp-json\/wp\/v2\/product_cat?post=826588"},{"taxonomy":"product_tag","embeddable":true,"href":"https:\/\/nextsnkr.com\/fi\/wp-json\/wp\/v2\/product_tag?post=826588"}],"curies":[{"name":"wp","href":"https:\/\/api.w.org\/{rel}","templated":true}]}}