{"id":826248,"date":"2025-06-12T16:04:06","date_gmt":"2025-06-12T13:04:06","guid":{"rendered":"https:\/\/nextsnkr.com\/product\/celine-loafers-premium\/"},"modified":"2026-01-30T21:40:29","modified_gmt":"2026-01-30T18:40:29","slug":"celine-loafers-premium","status":"publish","type":"product","link":"https:\/\/nextsnkr.com\/fi\/tuote\/celine-loafers-premium\/","title":{"rendered":"CELINE Premium Mustat loaferit ovat tyylikk\u00e4it\u00e4 ja tyylikk\u00e4it\u00e4 \u2b50\ufe0f"},"content":{"rendered":"<h2>CELINE Premium Mustat loaferit ovat tyylikk\u00e4it\u00e4 ja tyylikk\u00e4it\u00e4 \u2b50\ufe0f<\/h2>\n<p>CELINE Premium-loaferit on valmistettu korkealaatuisesta materiaalista, jossa yhdistyv\u00e4t tyylik\u00e4s muotoilu ja mukavuus p\u00e4ivitt\u00e4iseen k\u00e4ytt\u00f6\u00f6n. Klassinen musta v\u00e4ri tekee niist\u00e4 monipuolisia ja ne voidaan helposti yhdist\u00e4\u00e4 mihin tahansa vaatekaappiin korostaen tyyli\u00e4 ja asemaa. Kevyt ja kest\u00e4v\u00e4 rakenne takaa mukavuuden k\u00e4velless\u00e4, kun taas CELINE-tuotemerkin ensiluokkainen laatu takaa kest\u00e4vyyden ja modernin ilmeen. Ihanteellinen ty\u00f6h\u00f6n, k\u00e4velyihin ja erityistapahtumiin.<\/p>\n","protected":false},"excerpt":{"rendered":"<p>CELINE Premium-loaferit on valmistettu korkealaatuisesta materiaalista, jossa yhdistyv\u00e4t tyylik\u00e4s muotoilu ja mukavuus p\u00e4ivitt\u00e4iseen k\u00e4ytt\u00f6\u00f6n. Klassinen musta v\u00e4ri tekee niist\u00e4 monipuolisia ja ne voidaan helposti yhdist\u00e4\u00e4 mihin tahansa vaatekaappiin korostaen tyyli\u00e4 ja asemaa. Kevyt ja kest\u00e4v\u00e4 rakenne takaa mukavuuden k\u00e4velless\u00e4, kun taas CELINE-tuotemerkin ensiluokkainen laatu takaa kest\u00e4vyyden ja modernin ilmeen. Ihanteellinen ty\u00f6h\u00f6n, k\u00e4velyihin ja erityistapahtumiin.<\/p>\n","protected":false},"featured_media":826249,"comment_status":"open","ping_status":"open","template":"","meta":[],"product_brand":[],"product_cat":[3199,4240],"product_tag":[],"class_list":{"0":"post-826248","1":"product","2":"type-product","3":"status-publish","4":"has-post-thumbnail","6":"product_cat-all-product","7":"product_cat-lofery","8":"pa_rozmir-910","9":"pa_rozmir-912","10":"pa_rozmir-914","11":"pa_rozmir-915","12":"pa_rozmir-916","13":"pa_rozmir-917","14":"pa_rozmir-918","15":"pa_rozmir-919","16":"pa_rozmir-920","17":"pa_rozmir-921","18":"pa_rozmir-922","20":"first","21":"onbackorder","22":"purchasable","23":"product-type-variable"},"_links":{"self":[{"href":"https:\/\/nextsnkr.com\/fi\/wp-json\/wp\/v2\/product\/826248","targetHints":{"allow":["GET"]}}],"collection":[{"href":"https:\/\/nextsnkr.com\/fi\/wp-json\/wp\/v2\/product"}],"about":[{"href":"https:\/\/nextsnkr.com\/fi\/wp-json\/wp\/v2\/types\/product"}],"replies":[{"embeddable":true,"href":"https:\/\/nextsnkr.com\/fi\/wp-json\/wp\/v2\/comments?post=826248"}],"version-history":[{"count":0,"href":"https:\/\/nextsnkr.com\/fi\/wp-json\/wp\/v2\/product\/826248\/revisions"}],"wp:featuredmedia":[{"embeddable":true,"href":"https:\/\/nextsnkr.com\/fi\/wp-json\/wp\/v2\/media\/826249"}],"wp:attachment":[{"href":"https:\/\/nextsnkr.com\/fi\/wp-json\/wp\/v2\/media?parent=826248"}],"wp:term":[{"taxonomy":"product_brand","embeddable":true,"href":"https:\/\/nextsnkr.com\/fi\/wp-json\/wp\/v2\/product_brand?post=826248"},{"taxonomy":"product_cat","embeddable":true,"href":"https:\/\/nextsnkr.com\/fi\/wp-json\/wp\/v2\/product_cat?post=826248"},{"taxonomy":"product_tag","embeddable":true,"href":"https:\/\/nextsnkr.com\/fi\/wp-json\/wp\/v2\/product_tag?post=826248"}],"curies":[{"name":"wp","href":"https:\/\/api.w.org\/{rel}","templated":true}]}}