{"id":825230,"date":"2025-06-12T16:05:52","date_gmt":"2025-06-12T13:05:52","guid":{"rendered":"https:\/\/nextsnkr.com\/product\/1906r-x-jack-harlow\/"},"modified":"2026-01-30T21:39:59","modified_gmt":"2026-01-30T18:39:59","slug":"1906r-x-jack-harlow","status":"publish","type":"product","link":"https:\/\/nextsnkr.com\/fi\/tuote\/1906r-x-jack-harlow\/","title":{"rendered":"1906r x Jack Harlow tekstiililenkkarit ovat tyylikk\u00e4\u00e4t ja mukavat"},"content":{"rendered":"<h2>1906r x Jack Harlow tekstiililenkkarit ovat tyylikk\u00e4\u00e4t ja mukavat<\/h2>\n<p>1906r x Jack Harlow-tennarit on valmistettu korkealaatuisista tekstiileist\u00e4, mik\u00e4 tarjoaa keveytt\u00e4 ja mukavuutta p\u00e4ivitt\u00e4iseen k\u00e4ytt\u00f6\u00f6n. Jack Harlow &#8217; n kanssa yhteisty\u00f6ss\u00e4 tehty muotoilu lis\u00e4\u00e4 ulkon\u00e4k\u00f6\u00f6si ainutlaatuisuutta ja modernia tyyli\u00e4. Kevyt rakenne ja kest\u00e4v\u00e4 pohja tekev\u00e4t niist\u00e4 ihanteellisia k\u00e4velyyn, kaupunkiin ja ulkoiluun. Valitse 1906r x Jack Harlow-lenkkarit mukaviin, tyylikk\u00e4isiin ja kest\u00e4viin kenkiin joka p\u00e4iv\u00e4.<\/p>\n","protected":false},"excerpt":{"rendered":"<p>1906r x Jack Harlow-tennarit on valmistettu korkealaatuisista tekstiileist\u00e4, mik\u00e4 tarjoaa keveytt\u00e4 ja mukavuutta p\u00e4ivitt\u00e4iseen k\u00e4ytt\u00f6\u00f6n. Jack Harlow &#8217; n kanssa yhteisty\u00f6ss\u00e4 tehty muotoilu lis\u00e4\u00e4 ulkon\u00e4k\u00f6\u00f6si ainutlaatuisuutta ja modernia tyyli\u00e4. Kevyt rakenne ja kest\u00e4v\u00e4 pohja tekev\u00e4t niist\u00e4 ihanteellisia k\u00e4velyyn, kaupunkiin ja ulkoiluun. Valitse 1906r x Jack Harlow-lenkkarit mukaviin, tyylikk\u00e4isiin ja kest\u00e4viin kenkiin joka p\u00e4iv\u00e4.<\/p>\n","protected":false},"featured_media":825231,"comment_status":"open","ping_status":"open","template":"","meta":[],"product_brand":[],"product_cat":[3199,3200],"product_tag":[],"class_list":{"0":"post-825230","1":"product","2":"type-product","3":"status-publish","4":"has-post-thumbnail","6":"product_cat-all-product","7":"product_cat-krosivky","8":"pa_rozmir-910","9":"pa_rozmir-912","10":"pa_rozmir-914","11":"pa_rozmir-915","12":"pa_rozmir-916","13":"pa_rozmir-917","14":"pa_rozmir-918","15":"pa_rozmir-919","16":"pa_rozmir-920","17":"pa_rozmir-921","18":"pa_rozmir-922","20":"first","21":"onbackorder","22":"purchasable","23":"product-type-variable"},"_links":{"self":[{"href":"https:\/\/nextsnkr.com\/fi\/wp-json\/wp\/v2\/product\/825230","targetHints":{"allow":["GET"]}}],"collection":[{"href":"https:\/\/nextsnkr.com\/fi\/wp-json\/wp\/v2\/product"}],"about":[{"href":"https:\/\/nextsnkr.com\/fi\/wp-json\/wp\/v2\/types\/product"}],"replies":[{"embeddable":true,"href":"https:\/\/nextsnkr.com\/fi\/wp-json\/wp\/v2\/comments?post=825230"}],"version-history":[{"count":0,"href":"https:\/\/nextsnkr.com\/fi\/wp-json\/wp\/v2\/product\/825230\/revisions"}],"wp:featuredmedia":[{"embeddable":true,"href":"https:\/\/nextsnkr.com\/fi\/wp-json\/wp\/v2\/media\/825231"}],"wp:attachment":[{"href":"https:\/\/nextsnkr.com\/fi\/wp-json\/wp\/v2\/media?parent=825230"}],"wp:term":[{"taxonomy":"product_brand","embeddable":true,"href":"https:\/\/nextsnkr.com\/fi\/wp-json\/wp\/v2\/product_brand?post=825230"},{"taxonomy":"product_cat","embeddable":true,"href":"https:\/\/nextsnkr.com\/fi\/wp-json\/wp\/v2\/product_cat?post=825230"},{"taxonomy":"product_tag","embeddable":true,"href":"https:\/\/nextsnkr.com\/fi\/wp-json\/wp\/v2\/product_tag?post=825230"}],"curies":[{"name":"wp","href":"https:\/\/api.w.org\/{rel}","templated":true}]}}