{"id":823471,"date":"2025-06-13T09:29:54","date_gmt":"2025-06-13T06:29:54","guid":{"rendered":"https:\/\/nextsnkr.com\/product\/puma-suede-xl-black-pink-white\/"},"modified":"2026-01-30T21:39:04","modified_gmt":"2026-01-30T18:39:04","slug":"puma-suede-xl-black-pink-white","status":"publish","type":"product","link":"https:\/\/nextsnkr.com\/fi\/tuote\/puma-suede-xl-black-pink-white\/","title":{"rendered":"Puma Suede XL Musta vaaleanpunainen valkoinen mokkanahka lenkkarit-tyyli ja mukavuus p\u00e4ivitt\u00e4in"},"content":{"rendered":"<h2>Puma Suede XL Musta vaaleanpunainen valkoinen mokkanahka lenkkarit-tyyli ja mukavuus p\u00e4ivitt\u00e4in<\/h2>\n<p>Kirkkaat Puma Suede XL Mustat vaaleanpunaiset valkoiset tennarit on valmistettu ensiluokkaisesta mokkanahasta, mik\u00e4 takaa kest\u00e4vyyden, mukavuuden ja tyylikk\u00e4\u00e4n ulkon\u00e4\u00f6n. Mustan, vaaleanpunaisen ja valkoisen v\u00e4rin yhdistelm\u00e4 tekee mallista havaittavan ja modernin, ihanteellisen p\u00e4ivitt\u00e4iseen k\u00e4ytt\u00f6\u00f6n. N\u00e4m\u00e4 Vietnamissa valmistetut lenkkarit takaavat laadun, mukavan istuvuuden ja muodikkaan tyylin aktiiviseen el\u00e4m\u00e4\u00e4n. Koodi: PU006-1140941.<\/p>\n","protected":false},"excerpt":{"rendered":"<p>Kirkkaat Puma Suede XL Mustat vaaleanpunaiset valkoiset tennarit on valmistettu ensiluokkaisesta mokkanahasta, mik\u00e4 takaa kest\u00e4vyyden, mukavuuden ja tyylikk\u00e4\u00e4n ulkon\u00e4\u00f6n. Mustan, vaaleanpunaisen ja valkoisen v\u00e4rin yhdistelm\u00e4 tekee mallista havaittavan ja modernin, ihanteellisen p\u00e4ivitt\u00e4iseen k\u00e4ytt\u00f6\u00f6n. N\u00e4m\u00e4 Vietnamissa valmistetut lenkkarit takaavat laadun, mukavan istuvuuden ja muodikkaan tyylin aktiiviseen el\u00e4m\u00e4\u00e4n. Koodi: PU006-1140941.<\/p>\n","protected":false},"featured_media":823473,"comment_status":"open","ping_status":"open","template":"","meta":[],"product_brand":[],"product_cat":[3199,3318],"product_tag":[],"class_list":{"0":"post-823471","1":"product","2":"type-product","3":"status-publish","4":"has-post-thumbnail","6":"product_cat-all-product","7":"product_cat-kedy","8":"pa_rozmir-910","9":"pa_rozmir-912","10":"pa_rozmir-914","11":"pa_rozmir-915","12":"pa_rozmir-916","13":"pa_rozmir-917","14":"pa_rozmir-918","15":"pa_rozmir-919","16":"pa_rozmir-920","17":"pa_rozmir-921","18":"pa_rozmir-922","20":"first","21":"instock","22":"purchasable","23":"product-type-variable"},"_links":{"self":[{"href":"https:\/\/nextsnkr.com\/fi\/wp-json\/wp\/v2\/product\/823471","targetHints":{"allow":["GET"]}}],"collection":[{"href":"https:\/\/nextsnkr.com\/fi\/wp-json\/wp\/v2\/product"}],"about":[{"href":"https:\/\/nextsnkr.com\/fi\/wp-json\/wp\/v2\/types\/product"}],"replies":[{"embeddable":true,"href":"https:\/\/nextsnkr.com\/fi\/wp-json\/wp\/v2\/comments?post=823471"}],"version-history":[{"count":0,"href":"https:\/\/nextsnkr.com\/fi\/wp-json\/wp\/v2\/product\/823471\/revisions"}],"wp:featuredmedia":[{"embeddable":true,"href":"https:\/\/nextsnkr.com\/fi\/wp-json\/wp\/v2\/media\/823473"}],"wp:attachment":[{"href":"https:\/\/nextsnkr.com\/fi\/wp-json\/wp\/v2\/media?parent=823471"}],"wp:term":[{"taxonomy":"product_brand","embeddable":true,"href":"https:\/\/nextsnkr.com\/fi\/wp-json\/wp\/v2\/product_brand?post=823471"},{"taxonomy":"product_cat","embeddable":true,"href":"https:\/\/nextsnkr.com\/fi\/wp-json\/wp\/v2\/product_cat?post=823471"},{"taxonomy":"product_tag","embeddable":true,"href":"https:\/\/nextsnkr.com\/fi\/wp-json\/wp\/v2\/product_tag?post=823471"}],"curies":[{"name":"wp","href":"https:\/\/api.w.org\/{rel}","templated":true}]}}