{"id":822999,"date":"2025-06-12T16:09:17","date_gmt":"2025-06-12T13:09:17","guid":{"rendered":"https:\/\/nextsnkr.com\/product\/mini-platform-grass-green\/"},"modified":"2026-01-30T21:38:51","modified_gmt":"2026-01-30T18:38:51","slug":"mini-platform-grass-green","status":"publish","type":"product","link":"https:\/\/nextsnkr.com\/fi\/tuote\/mini-platform-grass-green\/","title":{"rendered":"UGG Mini Platform ruoho vihre\u00e4 mokka turkis tyylik\u00e4s ja mukava"},"content":{"rendered":"<h2>UGG Mini Platform ruoho vihre\u00e4 mokka turkis tyylik\u00e4s ja mukava<\/h2>\n<p>UGG Mini Platform Grass Green boots on valmistettu luonnollisesta mokkanahasta ja eristetty pehme\u00e4ll\u00e4 turkiksella, joka tarjoaa l\u00e4mp\u00f6\u00e4 ja mukavuutta kylm\u00e4n\u00e4 vuodenaikana. Kirkkaan vihre\u00e4 s\u00e4vy lis\u00e4\u00e4 ilmeeseen omaper\u00e4isyytt\u00e4 ja modernia tyyli\u00e4. Alusta ja kest\u00e4v\u00e4 ulkopohja takaavat vakauden ja mukavuuden k\u00e4velless\u00e4. Ihanteellinen p\u00e4ivitt\u00e4iseen k\u00e4ytt\u00f6\u00f6n, k\u00e4velyyn ja ulkoiluun. Valitse Ugg Mini Platform Grass Green tyylikk\u00e4isiin, mukaviin ja kest\u00e4viin kenkiin.<\/p>\n","protected":false},"excerpt":{"rendered":"<p>UGG Mini Platform Grass Green boots on valmistettu luonnollisesta mokkanahasta ja eristetty pehme\u00e4ll\u00e4 turkiksella, joka tarjoaa l\u00e4mp\u00f6\u00e4 ja mukavuutta kylm\u00e4n\u00e4 vuodenaikana. Kirkkaan vihre\u00e4 s\u00e4vy lis\u00e4\u00e4 ilmeeseen omaper\u00e4isyytt\u00e4 ja modernia tyyli\u00e4. Alusta ja kest\u00e4v\u00e4 ulkopohja takaavat vakauden ja mukavuuden k\u00e4velless\u00e4. Ihanteellinen p\u00e4ivitt\u00e4iseen k\u00e4ytt\u00f6\u00f6n, k\u00e4velyyn ja ulkoiluun. Valitse Ugg Mini Platform Grass Green tyylikk\u00e4isiin, mukaviin ja kest\u00e4viin kenkiin.<\/p>\n","protected":false},"featured_media":823000,"comment_status":"open","ping_status":"open","template":"","meta":[],"product_brand":[],"product_cat":[3407,3199],"product_tag":[],"class_list":{"0":"post-822999","1":"product","2":"type-product","3":"status-publish","4":"has-post-thumbnail","6":"product_cat-ugg","7":"product_cat-all-product","8":"pa_rozmir-910","9":"pa_rozmir-912","10":"pa_rozmir-914","11":"pa_rozmir-915","12":"pa_rozmir-916","13":"pa_rozmir-917","14":"pa_rozmir-918","15":"pa_rozmir-919","16":"pa_rozmir-920","17":"pa_rozmir-921","18":"pa_rozmir-922","20":"first","21":"onbackorder","22":"purchasable","23":"product-type-variable"},"_links":{"self":[{"href":"https:\/\/nextsnkr.com\/fi\/wp-json\/wp\/v2\/product\/822999","targetHints":{"allow":["GET"]}}],"collection":[{"href":"https:\/\/nextsnkr.com\/fi\/wp-json\/wp\/v2\/product"}],"about":[{"href":"https:\/\/nextsnkr.com\/fi\/wp-json\/wp\/v2\/types\/product"}],"replies":[{"embeddable":true,"href":"https:\/\/nextsnkr.com\/fi\/wp-json\/wp\/v2\/comments?post=822999"}],"version-history":[{"count":0,"href":"https:\/\/nextsnkr.com\/fi\/wp-json\/wp\/v2\/product\/822999\/revisions"}],"wp:featuredmedia":[{"embeddable":true,"href":"https:\/\/nextsnkr.com\/fi\/wp-json\/wp\/v2\/media\/823000"}],"wp:attachment":[{"href":"https:\/\/nextsnkr.com\/fi\/wp-json\/wp\/v2\/media?parent=822999"}],"wp:term":[{"taxonomy":"product_brand","embeddable":true,"href":"https:\/\/nextsnkr.com\/fi\/wp-json\/wp\/v2\/product_brand?post=822999"},{"taxonomy":"product_cat","embeddable":true,"href":"https:\/\/nextsnkr.com\/fi\/wp-json\/wp\/v2\/product_cat?post=822999"},{"taxonomy":"product_tag","embeddable":true,"href":"https:\/\/nextsnkr.com\/fi\/wp-json\/wp\/v2\/product_tag?post=822999"}],"curies":[{"name":"wp","href":"https:\/\/api.w.org\/{rel}","templated":true}]}}