{"id":822659,"date":"2025-06-12T16:09:37","date_gmt":"2025-06-12T13:09:37","guid":{"rendered":"https:\/\/nextsnkr.com\/product\/ultra-mini-grey\/"},"modified":"2026-01-30T21:38:31","modified_gmt":"2026-01-30T18:38:31","slug":"ultra-mini-grey","status":"publish","type":"product","link":"https:\/\/nextsnkr.com\/fi\/tuote\/ultra-mini-grey\/","title":{"rendered":"UGG Ultra Mini harmaa mokka turkis, tyylik\u00e4s ja l\u00e4mmin"},"content":{"rendered":"<h2>UGG Ultra Mini harmaa mokka turkis, tyylik\u00e4s ja l\u00e4mmin<\/h2>\n<p>UGG Ultra Mini Grey-saappaat on valmistettu luonnollisesta mokkanahasta ja eristetty pehme\u00e4ll\u00e4 tekoturkiksella, joka tarjoaa mukavuutta ja l\u00e4mp\u00f6\u00e4 kylm\u00e4n\u00e4 vuodenaikana. Harmaa v\u00e4ri tekee mallista monipuolisen ja sen voi helposti yhdist\u00e4\u00e4 mihin tahansa vaatekaappiin. Kevyt muotoilu ja mukava pohja takaavat mukavan p\u00e4ivitt\u00e4isen k\u00e4yt\u00f6n, k\u00e4velyn ja kaupunkiaktiviteetit. Valitse UGG Ultra Mini Grey tyylikk\u00e4isiin, k\u00e4yt\u00e4nn\u00f6llisiin ja kest\u00e4viin kenkiin joka p\u00e4iv\u00e4.<\/p>\n","protected":false},"excerpt":{"rendered":"<p>UGG Ultra Mini Grey-saappaat on valmistettu luonnollisesta mokkanahasta ja eristetty pehme\u00e4ll\u00e4 tekoturkiksella, joka tarjoaa mukavuutta ja l\u00e4mp\u00f6\u00e4 kylm\u00e4n\u00e4 vuodenaikana. Harmaa v\u00e4ri tekee mallista monipuolisen ja sen voi helposti yhdist\u00e4\u00e4 mihin tahansa vaatekaappiin. Kevyt muotoilu ja mukava pohja takaavat mukavan p\u00e4ivitt\u00e4isen k\u00e4yt\u00f6n, k\u00e4velyn ja kaupunkiaktiviteetit. Valitse UGG Ultra Mini Grey tyylikk\u00e4isiin, k\u00e4yt\u00e4nn\u00f6llisiin ja kest\u00e4viin kenkiin joka p\u00e4iv\u00e4.<\/p>\n","protected":false},"featured_media":822660,"comment_status":"open","ping_status":"open","template":"","meta":[],"product_brand":[],"product_cat":[3407,3199],"product_tag":[],"class_list":{"0":"post-822659","1":"product","2":"type-product","3":"status-publish","4":"has-post-thumbnail","6":"product_cat-ugg","7":"product_cat-all-product","8":"pa_rozmir-910","9":"pa_rozmir-912","10":"pa_rozmir-914","11":"pa_rozmir-915","12":"pa_rozmir-916","13":"pa_rozmir-917","14":"pa_rozmir-918","15":"pa_rozmir-919","16":"pa_rozmir-920","17":"pa_rozmir-921","18":"pa_rozmir-922","20":"first","21":"onbackorder","22":"purchasable","23":"product-type-variable"},"_links":{"self":[{"href":"https:\/\/nextsnkr.com\/fi\/wp-json\/wp\/v2\/product\/822659","targetHints":{"allow":["GET"]}}],"collection":[{"href":"https:\/\/nextsnkr.com\/fi\/wp-json\/wp\/v2\/product"}],"about":[{"href":"https:\/\/nextsnkr.com\/fi\/wp-json\/wp\/v2\/types\/product"}],"replies":[{"embeddable":true,"href":"https:\/\/nextsnkr.com\/fi\/wp-json\/wp\/v2\/comments?post=822659"}],"version-history":[{"count":0,"href":"https:\/\/nextsnkr.com\/fi\/wp-json\/wp\/v2\/product\/822659\/revisions"}],"wp:featuredmedia":[{"embeddable":true,"href":"https:\/\/nextsnkr.com\/fi\/wp-json\/wp\/v2\/media\/822660"}],"wp:attachment":[{"href":"https:\/\/nextsnkr.com\/fi\/wp-json\/wp\/v2\/media?parent=822659"}],"wp:term":[{"taxonomy":"product_brand","embeddable":true,"href":"https:\/\/nextsnkr.com\/fi\/wp-json\/wp\/v2\/product_brand?post=822659"},{"taxonomy":"product_cat","embeddable":true,"href":"https:\/\/nextsnkr.com\/fi\/wp-json\/wp\/v2\/product_cat?post=822659"},{"taxonomy":"product_tag","embeddable":true,"href":"https:\/\/nextsnkr.com\/fi\/wp-json\/wp\/v2\/product_tag?post=822659"}],"curies":[{"name":"wp","href":"https:\/\/api.w.org\/{rel}","templated":true}]}}