{"id":821979,"date":"2025-06-12T16:10:18","date_gmt":"2025-06-12T13:10:18","guid":{"rendered":"https:\/\/nextsnkr.com\/product\/bailey-bow-red\/"},"modified":"2026-01-30T21:38:13","modified_gmt":"2026-01-30T18:38:13","slug":"bailey-bow-red","status":"publish","type":"product","link":"https:\/\/nextsnkr.com\/fi\/tuote\/bailey-bow-red\/","title":{"rendered":"UGG Bailey Bow punainen mokka turkis tyylik\u00e4s ja l\u00e4mmin"},"content":{"rendered":"<h2>UGG Bailey Bow punainen mokka turkis tyylik\u00e4s ja l\u00e4mmin<\/h2>\n<p>UGG Bailey Bow Red boots on valmistettu luonnollisesta mokkanahasta ja eristetty pehme\u00e4ll\u00e4 turkiksella, joka tarjoaa l\u00e4mp\u00f6\u00e4 ja mukavuutta kylm\u00e4n\u00e4 vuodenaikana. Kirkkaan punainen v\u00e4ri lis\u00e4\u00e4 ilmett\u00e4 ja tyyli\u00e4 ilmeeseen, ja kantap\u00e4\u00e4n rusetti korostaa naisellista ja tyylik\u00e4st\u00e4 muotoilua. Kevyt muotoilu ja mukava pohja tekev\u00e4t mallista ihanteellisen p\u00e4ivitt\u00e4iseen k\u00e4ytt\u00f6\u00f6n, k\u00e4velyyn ja kaupunkiaktiviteetteihin. Valitse Ugg Bailey Bow Red mukavuutta, tyyli\u00e4 ja korkea laatu.<\/p>\n","protected":false},"excerpt":{"rendered":"<p>UGG Bailey Bow Red boots on valmistettu luonnollisesta mokkanahasta ja eristetty pehme\u00e4ll\u00e4 turkiksella, joka tarjoaa l\u00e4mp\u00f6\u00e4 ja mukavuutta kylm\u00e4n\u00e4 vuodenaikana. Kirkkaan punainen v\u00e4ri lis\u00e4\u00e4 ilmett\u00e4 ja tyyli\u00e4 ilmeeseen, ja kantap\u00e4\u00e4n rusetti korostaa naisellista ja tyylik\u00e4st\u00e4 muotoilua. Kevyt muotoilu ja mukava pohja tekev\u00e4t mallista ihanteellisen p\u00e4ivitt\u00e4iseen k\u00e4ytt\u00f6\u00f6n, k\u00e4velyyn ja kaupunkiaktiviteetteihin. Valitse Ugg Bailey Bow Red mukavuutta, tyyli\u00e4 ja korkea laatu.<\/p>\n","protected":false},"featured_media":821980,"comment_status":"open","ping_status":"open","template":"","meta":[],"product_brand":[],"product_cat":[3407,3199],"product_tag":[],"class_list":{"0":"post-821979","1":"product","2":"type-product","3":"status-publish","4":"has-post-thumbnail","6":"product_cat-ugg","7":"product_cat-all-product","8":"pa_rozmir-910","9":"pa_rozmir-912","10":"pa_rozmir-914","11":"pa_rozmir-915","12":"pa_rozmir-916","13":"pa_rozmir-917","14":"pa_rozmir-918","15":"pa_rozmir-919","16":"pa_rozmir-920","17":"pa_rozmir-921","18":"pa_rozmir-922","20":"first","21":"instock","22":"purchasable","23":"product-type-variable"},"_links":{"self":[{"href":"https:\/\/nextsnkr.com\/fi\/wp-json\/wp\/v2\/product\/821979","targetHints":{"allow":["GET"]}}],"collection":[{"href":"https:\/\/nextsnkr.com\/fi\/wp-json\/wp\/v2\/product"}],"about":[{"href":"https:\/\/nextsnkr.com\/fi\/wp-json\/wp\/v2\/types\/product"}],"replies":[{"embeddable":true,"href":"https:\/\/nextsnkr.com\/fi\/wp-json\/wp\/v2\/comments?post=821979"}],"version-history":[{"count":0,"href":"https:\/\/nextsnkr.com\/fi\/wp-json\/wp\/v2\/product\/821979\/revisions"}],"wp:featuredmedia":[{"embeddable":true,"href":"https:\/\/nextsnkr.com\/fi\/wp-json\/wp\/v2\/media\/821980"}],"wp:attachment":[{"href":"https:\/\/nextsnkr.com\/fi\/wp-json\/wp\/v2\/media?parent=821979"}],"wp:term":[{"taxonomy":"product_brand","embeddable":true,"href":"https:\/\/nextsnkr.com\/fi\/wp-json\/wp\/v2\/product_brand?post=821979"},{"taxonomy":"product_cat","embeddable":true,"href":"https:\/\/nextsnkr.com\/fi\/wp-json\/wp\/v2\/product_cat?post=821979"},{"taxonomy":"product_tag","embeddable":true,"href":"https:\/\/nextsnkr.com\/fi\/wp-json\/wp\/v2\/product_tag?post=821979"}],"curies":[{"name":"wp","href":"https:\/\/api.w.org\/{rel}","templated":true}]}}